{"id":4126,"date":"2025-11-12T09:08:56","date_gmt":"2025-11-12T09:08:56","guid":{"rendered":"https:\/\/mountlaser.com\/?post_type=product&#038;p=4126"},"modified":"2025-11-27T06:00:35","modified_gmt":"2025-11-27T06:00:35","slug":"tc-4-claw-type-holder","status":"publish","type":"product","link":"https:\/\/mountlaser.com\/es\/producto\/tc-4-claw-type-holder\/","title":{"rendered":"Soporte tipo garra TC-4"},"content":{"rendered":"<p>El <a href=\"https:\/\/mountlaser.com\/es\/\"><strong>Abrazadera de garra con br\u00fajula<\/strong><\/a> Es un accesorio de montaje de alta precisi\u00f3n dise\u00f1ado para aplicaciones topogr\u00e1ficas profesionales. Dise\u00f1ado para jalones de 32 mm o 1\u00bc pulgadas, este soporte de garra con br\u00fajula combina durabilidad y funcionalidad, garantizando una instalaci\u00f3n estable y precisa en cualquier entorno de campo.<\/p>\n<p>Es <a href=\"https:\/\/mountlaser.com\/es\/products\/\"><strong>Abrazadera de liberaci\u00f3n r\u00e1pida<\/strong><\/a> El mecanismo permite una r\u00e1pida conexi\u00f3n y extracci\u00f3n, mejorando la eficiencia del flujo de trabajo durante <a href=\"https:\/\/mountlaser.com\/es\/contact-us\/\">Operaciones GNSS o de estaci\u00f3n total<\/a>. La br\u00fajula integrada proporciona una gu\u00eda direccional fiable, mientras que su dise\u00f1o tipo garra ofrece un agarre firme sin da\u00f1ar la superficie del bast\u00f3n. Ya sea que se utilice con GPS, GNSS o estaciones totales rob\u00f3ticas, la abrazadera tipo garra con br\u00fajula garantiza una precisi\u00f3n constante y un rendimiento fiable.<\/p>\n<p><strong>Especificaciones del soporte tipo garra TC-4<\/strong><\/p>\n<table width=\"587\">\n<tbody>\n<tr>\n<td width=\"72\">Modelo<\/td>\n<td width=\"254\">Imagen<\/td>\n<td width=\"261\">Par\u00e1metros<\/td>\n<\/tr>\n<tr>\n<td>TC-4<\/td>\n<td><img fetchpriority=\"high\" decoding=\"async\" class=\"alignnone wp-image-4149 size-medium\" src=\"https:\/\/mountlaser.com\/wp-content\/uploads\/2025\/11\/TC-42-300x300.webp\" alt=\"TC-4 Claw Pole Clamp with Compass\" width=\"300\" height=\"300\" srcset=\"https:\/\/mountlaser.com\/wp-content\/uploads\/2025\/11\/TC-42-300x300.webp 300w, https:\/\/mountlaser.com\/wp-content\/uploads\/2025\/11\/TC-42-400x400.webp 400w, https:\/\/mountlaser.com\/wp-content\/uploads\/2025\/11\/TC-42-800x800.webp 800w, https:\/\/mountlaser.com\/wp-content\/uploads\/2025\/11\/TC-42-600x600.webp 600w, https:\/\/mountlaser.com\/wp-content\/uploads\/2025\/11\/TC-42-150x150.webp 150w, https:\/\/mountlaser.com\/wp-content\/uploads\/2025\/11\/TC-42-768x768.webp 768w, https:\/\/mountlaser.com\/wp-content\/uploads\/2025\/11\/TC-42-12x12.webp 12w, https:\/\/mountlaser.com\/wp-content\/uploads\/2025\/11\/TC-42.webp 1000w\" sizes=\"(max-width: 300px) 100vw, 300px\" \/><\/td>\n<td width=\"261\">Di\u00e1metro 32 mm o 1\u00bc pulgadas<\/p>\n<p>Poste con br\u00fajula<\/td>\n<\/tr>\n<tr>\n<td>TC-4Q<\/td>\n<td><img decoding=\"async\" class=\"alignnone wp-image-4141 size-medium\" src=\"https:\/\/mountlaser.com\/wp-content\/uploads\/2025\/11\/TC-4-Q1-300x300.webp\" alt=\"TC-4Q Claw Pole Clamp with Compass\" width=\"300\" height=\"300\" srcset=\"https:\/\/mountlaser.com\/wp-content\/uploads\/2025\/11\/TC-4-Q1-300x300.webp 300w, https:\/\/mountlaser.com\/wp-content\/uploads\/2025\/11\/TC-4-Q1-400x400.webp 400w, https:\/\/mountlaser.com\/wp-content\/uploads\/2025\/11\/TC-4-Q1-800x800.webp 800w, https:\/\/mountlaser.com\/wp-content\/uploads\/2025\/11\/TC-4-Q1-600x600.webp 600w, https:\/\/mountlaser.com\/wp-content\/uploads\/2025\/11\/TC-4-Q1-150x150.webp 150w, https:\/\/mountlaser.com\/wp-content\/uploads\/2025\/11\/TC-4-Q1-768x768.webp 768w, https:\/\/mountlaser.com\/wp-content\/uploads\/2025\/11\/TC-4-Q1-12x12.webp 12w, https:\/\/mountlaser.com\/wp-content\/uploads\/2025\/11\/TC-4-Q1.webp 1000w\" sizes=\"(max-width: 300px) 100vw, 300px\" \/><\/td>\n<td width=\"261\">Di\u00e1metro 32 mm o 1\u00bc pulgadas<br \/>\nPoste con br\u00fajula<\/td>\n<\/tr>\n<tr>\n<td>TC-4-2<\/td>\n<td><img decoding=\"async\" class=\"alignnone wp-image-4135 size-medium\" src=\"https:\/\/mountlaser.com\/wp-content\/uploads\/2025\/11\/TC-4-23-300x300.webp\" alt=\"TC-4-2 Claw Pole Clamp with Compass\" width=\"300\" height=\"300\" srcset=\"https:\/\/mountlaser.com\/wp-content\/uploads\/2025\/11\/TC-4-23-300x300.webp 300w, https:\/\/mountlaser.com\/wp-content\/uploads\/2025\/11\/TC-4-23-400x400.webp 400w, https:\/\/mountlaser.com\/wp-content\/uploads\/2025\/11\/TC-4-23-800x800.webp 800w, https:\/\/mountlaser.com\/wp-content\/uploads\/2025\/11\/TC-4-23-600x600.webp 600w, https:\/\/mountlaser.com\/wp-content\/uploads\/2025\/11\/TC-4-23-150x150.webp 150w, https:\/\/mountlaser.com\/wp-content\/uploads\/2025\/11\/TC-4-23-768x768.webp 768w, https:\/\/mountlaser.com\/wp-content\/uploads\/2025\/11\/TC-4-23-12x12.webp 12w, https:\/\/mountlaser.com\/wp-content\/uploads\/2025\/11\/TC-4-23.webp 1000w\" sizes=\"(max-width: 300px) 100vw, 300px\" \/><\/td>\n<td width=\"261\">Poste de 32 mm de di\u00e1metro o 1\u00bc de pulgada con burbuja<\/td>\n<\/tr>\n<tr>\n<td>TC-4-2Q<\/td>\n<td><img loading=\"lazy\" decoding=\"async\" class=\"alignnone wp-image-4127 size-medium\" src=\"https:\/\/mountlaser.com\/wp-content\/uploads\/2025\/11\/TC-4-2Q1-300x300.webp\" alt=\"TC-4-2Q Claw Pole Clamp with Compass\" width=\"300\" height=\"300\" srcset=\"https:\/\/mountlaser.com\/wp-content\/uploads\/2025\/11\/TC-4-2Q1-300x300.webp 300w, https:\/\/mountlaser.com\/wp-content\/uploads\/2025\/11\/TC-4-2Q1-400x400.webp 400w, https:\/\/mountlaser.com\/wp-content\/uploads\/2025\/11\/TC-4-2Q1-800x800.webp 800w, https:\/\/mountlaser.com\/wp-content\/uploads\/2025\/11\/TC-4-2Q1-600x600.webp 600w, https:\/\/mountlaser.com\/wp-content\/uploads\/2025\/11\/TC-4-2Q1-150x150.webp 150w, https:\/\/mountlaser.com\/wp-content\/uploads\/2025\/11\/TC-4-2Q1-768x768.webp 768w, https:\/\/mountlaser.com\/wp-content\/uploads\/2025\/11\/TC-4-2Q1-12x12.webp 12w, https:\/\/mountlaser.com\/wp-content\/uploads\/2025\/11\/TC-4-2Q1.webp 1000w\" sizes=\"(max-width: 300px) 100vw, 300px\" \/><\/td>\n<td width=\"261\">Poste de 32 mm de di\u00e1metro o 1\u00bc de pulgada con burbuja<\/td>\n<\/tr>\n<\/tbody>\n<\/table>","protected":false},"excerpt":{"rendered":"<ul>\n<li>Compatible con postes de 32 mm o 1\u00bc\u201d<\/li>\n<li>Br\u00fajula incorporada para una alineaci\u00f3n direccional precisa<\/li>\n<li>Dise\u00f1o de abrazadera de liberaci\u00f3n r\u00e1pida para una f\u00e1cil instalaci\u00f3n y extracci\u00f3n<\/li>\n<li>La construcci\u00f3n duradera y liviana garantiza un uso en el campo a largo plazo.<\/li>\n<li>El agarre seguro tipo garra protege la integridad del poste<\/li>\n<\/ul>","protected":false},"featured_media":4134,"comment_status":"open","ping_status":"closed","template":"","meta":[],"product_brand":[],"product_cat":[84,123],"product_tag":[],"class_list":{"0":"post-4126","1":"product","2":"type-product","3":"status-publish","4":"has-post-thumbnail","6":"product_cat-gnss-accessory","7":"product_cat-claw-type-holder","9":"first","10":"instock","11":"shipping-taxable","12":"product-type-simple"},"_links":{"self":[{"href":"https:\/\/mountlaser.com\/es\/wp-json\/wp\/v2\/product\/4126","targetHints":{"allow":["GET"]}}],"collection":[{"href":"https:\/\/mountlaser.com\/es\/wp-json\/wp\/v2\/product"}],"about":[{"href":"https:\/\/mountlaser.com\/es\/wp-json\/wp\/v2\/types\/product"}],"replies":[{"embeddable":true,"href":"https:\/\/mountlaser.com\/es\/wp-json\/wp\/v2\/comments?post=4126"}],"wp:featuredmedia":[{"embeddable":true,"href":"https:\/\/mountlaser.com\/es\/wp-json\/wp\/v2\/media\/4134"}],"wp:attachment":[{"href":"https:\/\/mountlaser.com\/es\/wp-json\/wp\/v2\/media?parent=4126"}],"wp:term":[{"taxonomy":"product_brand","embeddable":true,"href":"https:\/\/mountlaser.com\/es\/wp-json\/wp\/v2\/product_brand?post=4126"},{"taxonomy":"product_cat","embeddable":true,"href":"https:\/\/mountlaser.com\/es\/wp-json\/wp\/v2\/product_cat?post=4126"},{"taxonomy":"product_tag","embeddable":true,"href":"https:\/\/mountlaser.com\/es\/wp-json\/wp\/v2\/product_tag?post=4126"}],"curies":[{"name":"wp","href":"https:\/\/api.w.org\/{rel}","templated":true}]}}