{"id":412,"date":"2024-03-20T16:41:19","date_gmt":"2024-03-20T16:41:19","guid":{"rendered":"https:\/\/startersites.io\/blocksy\/pottery\/?post_type=product&#038;p=412"},"modified":"2025-12-01T06:54:21","modified_gmt":"2025-12-01T06:54:21","slug":"fdc01dg-japanese-style-tribrach-carrier","status":"publish","type":"product","link":"https:\/\/mountlaser.com\/es\/producto\/fdc01dg-japanese-style-tribrach-carrier\/","title":{"rendered":"FDC01DG Soporte para base nivelante de estilo japon\u00e9s"},"content":{"rendered":"<p>El <a href=\"https:\/\/mountlaser.com\/es\/\"><strong>FDC01DG Soporte para base nivelante de estilo japon\u00e9s<\/strong><\/a> El modelo Mount Laser est\u00e1 dise\u00f1ado para satisfacer las rigurosas demandas de los profesionales de la topograf\u00eda moderna, estableci\u00e9ndose como un portador de nivelante esencial para la topograf\u00eda.<br \/>\nEste instrumento de precisi\u00f3n incorpora un sistema de plomada \u00f3ptica que garantiza un centrado y una alineaci\u00f3n precisos para tareas de medici\u00f3n cr\u00edticas. Dise\u00f1ado con una rosca est\u00e1ndar de 5\/8\u2033-11, se destaca como el mejor soporte para base nivelante para el montaje de equipos GPS, ofreciendo una compatibilidad perfecta y un rendimiento fiable. El mecanismo de liberaci\u00f3n r\u00e1pida mejora la eficiencia operativa, lo que lo convierte en un... <a href=\"https:\/\/mountlaser.com\/es\/categoria-producto\/surveying-accessory\/\"><strong>Soporte para base nivelante para topograf\u00eda<\/strong><\/a> Ideal para sitios de trabajo de ritmo r\u00e1pido.<\/p>\n<p><img fetchpriority=\"high\" decoding=\"async\" class=\"wp-image-2127 aligncenter\" src=\"https:\/\/mountlaser.com\/wp-content\/uploads\/2024\/03\/13.webp\" alt=\"Tribrach Carrier for Surveying\" width=\"500\" height=\"500\" srcset=\"https:\/\/mountlaser.com\/wp-content\/uploads\/2024\/03\/13.webp 1000w, https:\/\/mountlaser.com\/wp-content\/uploads\/2024\/03\/13-300x300.webp 300w, https:\/\/mountlaser.com\/wp-content\/uploads\/2024\/03\/13-400x400.webp 400w, https:\/\/mountlaser.com\/wp-content\/uploads\/2024\/03\/13-800x800.webp 800w, https:\/\/mountlaser.com\/wp-content\/uploads\/2024\/03\/13-600x600.webp 600w, https:\/\/mountlaser.com\/wp-content\/uploads\/2024\/03\/13-150x150.webp 150w, https:\/\/mountlaser.com\/wp-content\/uploads\/2024\/03\/13-768x768.webp 768w, https:\/\/mountlaser.com\/wp-content\/uploads\/2024\/03\/13-12x12.webp 12w\" sizes=\"(max-width: 500px) 100vw, 500px\" \/><br \/>\nDisponible en amarillo, gris o negro, esta vers\u00e1til herramienta combina durabilidad y funcionalidad, lo que la convierte en la mejor opci\u00f3n para soportes de base nivelante en aplicaciones GPS donde la precisi\u00f3n y la velocidad son primordiales. Los top\u00f3grafos apreciar\u00e1n su robustez. <a href=\"https:\/\/mountlaser.com\/es\/contact-us\/\">Soporte para base nivelante para topograf\u00eda<\/a> agiliza el flujo de trabajo manteniendo los altos est\u00e1ndares de precisi\u00f3n requeridos en el trabajo de campo profesional.<\/p>","protected":false},"excerpt":{"rendered":"<ul>\n<li>Conexi\u00f3n compatible con GPS: cuenta con una rosca est\u00e1ndar de 5\/8\u2033-11 (FDC01DG) dise\u00f1ada espec\u00edficamente para el montaje de equipos GPS<\/li>\n<li>Construcci\u00f3n duradera: combina un dise\u00f1o liviano de estilo japon\u00e9s con capacidades de rendimiento robustas<\/li>\n<li>Opciones de color de alta visibilidad: Disponible en amarillo, gris o negro para una mejor visibilidad y preferencia del sitio.<\/li>\n<\/ul>","protected":false},"featured_media":2122,"comment_status":"open","ping_status":"closed","template":"","meta":[],"product_brand":[],"product_cat":[79,98],"product_tag":[],"class_list":{"0":"post-412","1":"product","2":"type-product","3":"status-publish","4":"has-post-thumbnail","6":"product_cat-surveying-accessory","7":"product_cat-japanese-style-tribrach-carrier","9":"first","10":"instock","11":"shipping-taxable","12":"product-type-simple"},"_links":{"self":[{"href":"https:\/\/mountlaser.com\/es\/wp-json\/wp\/v2\/product\/412","targetHints":{"allow":["GET"]}}],"collection":[{"href":"https:\/\/mountlaser.com\/es\/wp-json\/wp\/v2\/product"}],"about":[{"href":"https:\/\/mountlaser.com\/es\/wp-json\/wp\/v2\/types\/product"}],"replies":[{"embeddable":true,"href":"https:\/\/mountlaser.com\/es\/wp-json\/wp\/v2\/comments?post=412"}],"wp:featuredmedia":[{"embeddable":true,"href":"https:\/\/mountlaser.com\/es\/wp-json\/wp\/v2\/media\/2122"}],"wp:attachment":[{"href":"https:\/\/mountlaser.com\/es\/wp-json\/wp\/v2\/media?parent=412"}],"wp:term":[{"taxonomy":"product_brand","embeddable":true,"href":"https:\/\/mountlaser.com\/es\/wp-json\/wp\/v2\/product_brand?post=412"},{"taxonomy":"product_cat","embeddable":true,"href":"https:\/\/mountlaser.com\/es\/wp-json\/wp\/v2\/product_cat?post=412"},{"taxonomy":"product_tag","embeddable":true,"href":"https:\/\/mountlaser.com\/es\/wp-json\/wp\/v2\/product_tag?post=412"}],"curies":[{"name":"wp","href":"https:\/\/api.w.org\/{rel}","templated":true}]}}