{"id":4054,"date":"2025-11-12T01:34:55","date_gmt":"2025-11-12T01:34:55","guid":{"rendered":"https:\/\/mountlaser.com\/?post_type=product&#038;p=4054"},"modified":"2025-12-19T02:02:49","modified_gmt":"2025-12-19T02:02:49","slug":"bt152-medium-duty-elevator-tripod","status":"publish","type":"product","link":"https:\/\/mountlaser.com\/es\/producto\/bt152-medium-duty-elevator-tripod\/","title":{"rendered":"Tr\u00edpode elevador de servicio mediano BT152"},"content":{"rendered":"<p>El <a href=\"https:\/\/mountlaser.com\/es\/\"><strong>Tr\u00edpode elevador de aluminio de servicio mediano<\/strong><\/a> Es un accesorio de montaje esencial dise\u00f1ado para brindar precisi\u00f3n y estabilidad en aplicaciones profesionales de medici\u00f3n y construcci\u00f3n. Dise\u00f1ado con aluminio oxidado de alta calidad, este... <a href=\"https:\/\/mountlaser.com\/es\/products\/\"><strong>Tr\u00edpode de construcci\u00f3n profesional BT152<\/strong><\/a> Ofrece durabilidad y comodidad liviana, lo que lo hace ideal tanto para configuraciones de l\u00e1ser de l\u00ednea como de l\u00e1ser rotatorio.<\/p>\n<p>El tr\u00edpode elevador de aluminio de uso medio cuenta con una base ajustable para un contacto \u00f3ptimo con el suelo y un equilibrio \u00f3ptimo, incluso en terrenos irregulares. Con dos opciones vers\u00e1tiles: el modelo BT152 con cabezal plano y rosca de 5\/8\u2033-11, y el modelo BT250 con rosca de 1\/4\u2033-20, el tr\u00edpode profesional para construcci\u00f3n BT152 es compatible con una amplia gama de niveles l\u00e1ser y dispositivos GNSS.<\/p>\n<p>Dise\u00f1ado para un rendimiento confiable, el <a href=\"https:\/\/mountlaser.com\/es\/contact-us\/\">Tr\u00edpode elevador de aluminio de servicio mediano<\/a> Garantiza un control de elevaci\u00f3n uniforme, un montaje seguro del instrumento y una larga durabilidad en campo. Su estructura de calidad profesional proporciona un soporte inigualable para tareas exigentes de construcci\u00f3n y topograf\u00eda.<\/p>\n<p><strong>Especificaciones del tr\u00edpode para elevador de servicio mediano<\/strong><\/p>\n<div>\n<table style=\"border-collapse: collapse; width: 1339px; height: 469px;\" border=\"0\" width=\"991\" cellspacing=\"0\" cellpadding=\"0\">\n<tbody>\n<tr style=\"height: 14.25pt;\">\n<td class=\"et2\" style=\"height: 14.25pt; width: 127.50pt;\" width=\"170\" height=\"19\">N\u00daMERO<\/td>\n<td class=\"et3\" style=\"width: 92.25pt;\" width=\"123\">COLOR<\/td>\n<td class=\"et3\" style=\"width: 77.25pt;\" width=\"103\">MATERIAL<\/td>\n<td class=\"et3\" style=\"width: 96.75pt;\" width=\"129\">ALTURA DEL TR\u00cdPODE<\/td>\n<td class=\"et4\" style=\"width: 141.00pt;\" width=\"188\">ALTURA DE TRABAJO<\/td>\n<td class=\"et3\" style=\"width: 96.00pt;\" width=\"128\">noroeste<\/td>\n<td class=\"et5\" style=\"width: 112.50pt;\" width=\"150\">IMAGEN<\/td>\n<\/tr>\n<tr style=\"height: 18.75pt;\">\n<td class=\"et6\" style=\"height: 18.75pt;\" height=\"25\">BT152<\/td>\n<td class=\"et6\">Negro y azul<\/td>\n<td class=\"et7\">Aluminio<\/td>\n<td class=\"et6\">74-153 cm<\/td>\n<td class=\"et6\">70-143 cm<\/td>\n<td class=\"et6\">2,1 kilogramos<\/td>\n<td class=\"et8\"><img fetchpriority=\"high\" decoding=\"async\" class=\"alignnone wp-image-4066\" src=\"https:\/\/mountlaser.com\/wp-content\/uploads\/2025\/11\/BT1523.webp\" alt=\"Medium Duty Aluminum Elevator Tripod\" width=\"500\" height=\"500\" srcset=\"https:\/\/mountlaser.com\/wp-content\/uploads\/2025\/11\/BT1523.webp 1000w, https:\/\/mountlaser.com\/wp-content\/uploads\/2025\/11\/BT1523-300x300.webp 300w, https:\/\/mountlaser.com\/wp-content\/uploads\/2025\/11\/BT1523-400x400.webp 400w, https:\/\/mountlaser.com\/wp-content\/uploads\/2025\/11\/BT1523-800x800.webp 800w, https:\/\/mountlaser.com\/wp-content\/uploads\/2025\/11\/BT1523-600x600.webp 600w, https:\/\/mountlaser.com\/wp-content\/uploads\/2025\/11\/BT1523-150x150.webp 150w, https:\/\/mountlaser.com\/wp-content\/uploads\/2025\/11\/BT1523-768x768.webp 768w, https:\/\/mountlaser.com\/wp-content\/uploads\/2025\/11\/BT1523-12x12.webp 12w\" sizes=\"(max-width: 500px) 100vw, 500px\" \/><\/td>\n<\/tr>\n<tr style=\"height: 17.25pt;\">\n<td class=\"et6\" style=\"height: 17.25pt;\" height=\"23\">BT250<\/td>\n<td class=\"et6\">Negro y azul<\/td>\n<td class=\"et7\">Aluminio<\/td>\n<td class=\"et6\">217 cent\u00edmetros<\/td>\n<td class=\"et6\">200 metros<\/td>\n<td class=\"et6\">2,85 kilos<\/td>\n<td class=\"et8\"><img decoding=\"async\" class=\"alignnone wp-image-4074\" src=\"https:\/\/mountlaser.com\/wp-content\/uploads\/2025\/11\/BT2503.webp\" alt=\"Medium Duty Aluminum Elevator Tripod\" width=\"500\" height=\"500\" srcset=\"https:\/\/mountlaser.com\/wp-content\/uploads\/2025\/11\/BT2503.webp 1000w, https:\/\/mountlaser.com\/wp-content\/uploads\/2025\/11\/BT2503-300x300.webp 300w, https:\/\/mountlaser.com\/wp-content\/uploads\/2025\/11\/BT2503-400x400.webp 400w, https:\/\/mountlaser.com\/wp-content\/uploads\/2025\/11\/BT2503-800x800.webp 800w, https:\/\/mountlaser.com\/wp-content\/uploads\/2025\/11\/BT2503-600x600.webp 600w, https:\/\/mountlaser.com\/wp-content\/uploads\/2025\/11\/BT2503-150x150.webp 150w, https:\/\/mountlaser.com\/wp-content\/uploads\/2025\/11\/BT2503-768x768.webp 768w, https:\/\/mountlaser.com\/wp-content\/uploads\/2025\/11\/BT2503-12x12.webp 12w\" sizes=\"(max-width: 500px) 100vw, 500px\" \/><\/td>\n<\/tr>\n<\/tbody>\n<\/table>\n<\/div>","protected":false},"excerpt":{"rendered":"<ul>\n<li>Fabricado en aluminio oxidado resistente pero ligero.<\/li>\n<li>Pie de punta ajustable para una mayor estabilidad en superficies irregulares.<\/li>\n<li>Dos opciones de rosca: 5\/8\u2033-11 y 1\/4\u2033-20.<\/li>\n<li>Adecuado para herramientas l\u00e1ser lineales y rotativas.<\/li>\n<li>Compacto, f\u00e1cil de transportar y r\u00e1pido de instalar.<\/li>\n<\/ul>","protected":false},"featured_media":4056,"comment_status":"open","ping_status":"closed","template":"","meta":[],"product_brand":[],"product_cat":[122,94],"product_tag":[],"class_list":{"0":"post-4054","1":"product","2":"type-product","3":"status-publish","4":"has-post-thumbnail","6":"product_cat-laser-level-tripod","7":"product_cat-laser-level-accessory","9":"first","10":"instock","11":"shipping-taxable","12":"product-type-simple"},"_links":{"self":[{"href":"https:\/\/mountlaser.com\/es\/wp-json\/wp\/v2\/product\/4054","targetHints":{"allow":["GET"]}}],"collection":[{"href":"https:\/\/mountlaser.com\/es\/wp-json\/wp\/v2\/product"}],"about":[{"href":"https:\/\/mountlaser.com\/es\/wp-json\/wp\/v2\/types\/product"}],"replies":[{"embeddable":true,"href":"https:\/\/mountlaser.com\/es\/wp-json\/wp\/v2\/comments?post=4054"}],"wp:featuredmedia":[{"embeddable":true,"href":"https:\/\/mountlaser.com\/es\/wp-json\/wp\/v2\/media\/4056"}],"wp:attachment":[{"href":"https:\/\/mountlaser.com\/es\/wp-json\/wp\/v2\/media?parent=4054"}],"wp:term":[{"taxonomy":"product_brand","embeddable":true,"href":"https:\/\/mountlaser.com\/es\/wp-json\/wp\/v2\/product_brand?post=4054"},{"taxonomy":"product_cat","embeddable":true,"href":"https:\/\/mountlaser.com\/es\/wp-json\/wp\/v2\/product_cat?post=4054"},{"taxonomy":"product_tag","embeddable":true,"href":"https:\/\/mountlaser.com\/es\/wp-json\/wp\/v2\/product_tag?post=4054"}],"curies":[{"name":"wp","href":"https:\/\/api.w.org\/{rel}","templated":true}]}}