{"id":4039,"date":"2025-11-12T01:10:24","date_gmt":"2025-11-12T01:10:24","guid":{"rendered":"https:\/\/mountlaser.com\/?post_type=product&#038;p=4039"},"modified":"2025-12-19T00:52:23","modified_gmt":"2025-12-19T00:52:23","slug":"ett20a-230bs3-medium-duty-elevator-tripod","status":"publish","type":"product","link":"https:\/\/mountlaser.com\/es\/producto\/ett20a-230bs3-medium-duty-elevator-tripod\/","title":{"rendered":"Tr\u00edpode elevador de servicio mediano ETT20A-230BS3"},"content":{"rendered":"<p>El <a href=\"https:\/\/mountlaser.com\/es\/\"><strong>Tr\u00edpode elevador de servicio mediano<\/strong><\/a> Es una soluci\u00f3n robusta y vers\u00e1til dise\u00f1ada para aplicaciones de l\u00e1ser de l\u00ednea y l\u00e1ser rotatorio en entornos de construcci\u00f3n y topograf\u00eda. Fabricada en aluminio oxidado de alta calidad, esta... <a href=\"https:\/\/mountlaser.com\/es\/about-us\/\"><strong>Tr\u00edpode de construcci\u00f3n profesional<\/strong><\/a> Ofrece un equilibrio perfecto entre resistencia, durabilidad y portabilidad.<\/p>\n<p>Disponible en m\u00faltiples configuraciones, incluyendo dise\u00f1os de 3 secciones (S3) y 4 secciones (S4), el tr\u00edpode elevador de servicio mediano garantiza un ajuste de altura \u00f3ptimo y estabilidad en diversos lugares de trabajo. Las patas en forma de herradura proporcionan un mejor agarre y equilibrio en superficies irregulares, mientras que su estructura ligera facilita su transporte e instalaci\u00f3n.<\/p>\n<p>Dise\u00f1ado para uso profesional a largo plazo, el tr\u00edpode elevador de servicio mediano ofrece una nivelaci\u00f3n precisa y un soporte fiable para instrumentos l\u00e1ser. Tanto para tareas de alineaci\u00f3n en interiores como para mediciones en exteriores, garantiza una precisi\u00f3n constante y una operaci\u00f3n sencilla.<\/p>\n<p><img fetchpriority=\"high\" decoding=\"async\" class=\"aligncenter wp-image-4048\" src=\"https:\/\/mountlaser.com\/wp-content\/uploads\/2025\/11\/ETT20-3003.webp\" alt=\"Medium-Duty Elevating Tripod\" width=\"500\" height=\"500\" srcset=\"https:\/\/mountlaser.com\/wp-content\/uploads\/2025\/11\/ETT20-3003.webp 1000w, https:\/\/mountlaser.com\/wp-content\/uploads\/2025\/11\/ETT20-3003-300x300.webp 300w, https:\/\/mountlaser.com\/wp-content\/uploads\/2025\/11\/ETT20-3003-400x400.webp 400w, https:\/\/mountlaser.com\/wp-content\/uploads\/2025\/11\/ETT20-3003-800x800.webp 800w, https:\/\/mountlaser.com\/wp-content\/uploads\/2025\/11\/ETT20-3003-600x600.webp 600w, https:\/\/mountlaser.com\/wp-content\/uploads\/2025\/11\/ETT20-3003-150x150.webp 150w, https:\/\/mountlaser.com\/wp-content\/uploads\/2025\/11\/ETT20-3003-768x768.webp 768w, https:\/\/mountlaser.com\/wp-content\/uploads\/2025\/11\/ETT20-3003-12x12.webp 12w\" sizes=\"(max-width: 500px) 100vw, 500px\" \/><\/p>\n<p><strong><a href=\"https:\/\/mountlaser.com\/es\/contact-us\/\">Tr\u00edpode elevador de servicio mediano<\/a> Presupuesto<\/strong><\/p>\n<div>\n<table style=\"border-collapse: collapse; width: 1142.28pt;\" border=\"0\" width=\"1523\" cellspacing=\"0\" cellpadding=\"0\">\n<tbody>\n<tr style=\"height: 17.25pt;\">\n<td class=\"et2\" style=\"height: 17.25pt; width: 322.50pt;\" width=\"430\" height=\"23\">N\u00daMERO<\/td>\n<td class=\"et3\" style=\"width: 309.00pt;\" width=\"412\">COLOR<\/td>\n<td class=\"et4\" style=\"width: 88.50pt;\" width=\"118\">MATERIAL<\/td>\n<td class=\"et5\" style=\"width: 138.00pt;\" width=\"184\">ALTURA DEL TR\u00cdPODE<\/td>\n<td class=\"et5\" style=\"width: 176.25pt;\" width=\"235\">ALTURA DE TRABAJO<\/td>\n<td class=\"et2\" style=\"width: 54.00pt;\" width=\"72\">noroeste.<\/td>\n<td class=\"et2\" style=\"width: 54.00pt;\" width=\"72\">SECCIONES<\/td>\n<\/tr>\n<tr style=\"height: 17.25pt;\">\n<td style=\"height: 17.25pt;\" height=\"23\">ETT20A-120BS3<\/td>\n<td class=\"et6\">Negro<\/td>\n<td class=\"et4\">Aluminio<\/td>\n<td class=\"et7\">49-127 cm<\/td>\n<td>45-120 cm<\/td>\n<td>1,35 kilos<\/td>\n<td align=\"right\">3<\/td>\n<\/tr>\n<tr style=\"height: 17.25pt;\">\n<td style=\"height: 17.25pt;\" height=\"23\">ETT20A-160BS3<\/td>\n<td class=\"et6\">Negro<\/td>\n<td class=\"et4\">Aluminio<\/td>\n<td>600-169 cm<\/td>\n<td>550-160 cm<\/td>\n<td>1,55 kilos<\/td>\n<td align=\"right\">3<\/td>\n<\/tr>\n<tr style=\"height: 17.25pt;\">\n<td style=\"height: 17.25pt;\" height=\"23\">ETT20A-180BS3<\/td>\n<td class=\"et6\">Negro<\/td>\n<td class=\"et4\">Aluminio<\/td>\n<td>660-189 cm<\/td>\n<td>620-180 cm<\/td>\n<td>1,70 kilos<\/td>\n<td align=\"right\">3<\/td>\n<\/tr>\n<tr style=\"height: 17.25pt;\">\n<td style=\"height: 17.25pt;\" height=\"23\">ETT20A-230BS3<\/td>\n<td class=\"et6\">Negro<\/td>\n<td class=\"et4\">Aluminio<\/td>\n<td>830-240 cm<\/td>\n<td>780-230 cm<\/td>\n<td>2,05 kilogramos<\/td>\n<td align=\"right\">3<\/td>\n<\/tr>\n<tr style=\"height: 17.25pt;\">\n<td style=\"height: 17.25pt;\" height=\"23\">ETT20A-300BS4<\/td>\n<td class=\"et6\">Negro<\/td>\n<td class=\"et4\">Aluminio<\/td>\n<td>900-312 cm<\/td>\n<td>850-300 cm<\/td>\n<td>2,45 kilos<\/td>\n<td align=\"right\">4<\/td>\n<\/tr>\n<\/tbody>\n<\/table>\n<\/div>\n<p>&nbsp;<\/p>","protected":false},"excerpt":{"rendered":"<ul>\n<li>Ideal para aplicaciones l\u00e1ser tanto lineales como rotativas.<\/li>\n<li>Construido con aluminio oxidado duradero.<\/li>\n<li>Pies tipo herradura para un posicionamiento estable.<\/li>\n<li>Disponible en versiones de 3 y 4 secciones para un control de altura vers\u00e1til.<\/li>\n<li>Dise\u00f1o liviano para f\u00e1cil portabilidad e instalaci\u00f3n.<\/li>\n<\/ul>","protected":false},"featured_media":4042,"comment_status":"open","ping_status":"closed","template":"","meta":[],"product_brand":[],"product_cat":[94,122],"product_tag":[],"class_list":{"0":"post-4039","1":"product","2":"type-product","3":"status-publish","4":"has-post-thumbnail","6":"product_cat-laser-level-accessory","7":"product_cat-laser-level-tripod","9":"first","10":"instock","11":"shipping-taxable","12":"product-type-simple"},"_links":{"self":[{"href":"https:\/\/mountlaser.com\/es\/wp-json\/wp\/v2\/product\/4039","targetHints":{"allow":["GET"]}}],"collection":[{"href":"https:\/\/mountlaser.com\/es\/wp-json\/wp\/v2\/product"}],"about":[{"href":"https:\/\/mountlaser.com\/es\/wp-json\/wp\/v2\/types\/product"}],"replies":[{"embeddable":true,"href":"https:\/\/mountlaser.com\/es\/wp-json\/wp\/v2\/comments?post=4039"}],"wp:featuredmedia":[{"embeddable":true,"href":"https:\/\/mountlaser.com\/es\/wp-json\/wp\/v2\/media\/4042"}],"wp:attachment":[{"href":"https:\/\/mountlaser.com\/es\/wp-json\/wp\/v2\/media?parent=4039"}],"wp:term":[{"taxonomy":"product_brand","embeddable":true,"href":"https:\/\/mountlaser.com\/es\/wp-json\/wp\/v2\/product_brand?post=4039"},{"taxonomy":"product_cat","embeddable":true,"href":"https:\/\/mountlaser.com\/es\/wp-json\/wp\/v2\/product_cat?post=4039"},{"taxonomy":"product_tag","embeddable":true,"href":"https:\/\/mountlaser.com\/es\/wp-json\/wp\/v2\/product_tag?post=4039"}],"curies":[{"name":"wp","href":"https:\/\/api.w.org\/{rel}","templated":true}]}}