{"id":4027,"date":"2025-11-11T09:10:43","date_gmt":"2025-11-11T09:10:43","guid":{"rendered":"https:\/\/mountlaser.com\/?post_type=product&#038;p=4027"},"modified":"2025-12-18T08:44:02","modified_gmt":"2025-12-18T08:44:02","slug":"ba3-160hp-black-elevator-tripod","status":"publish","type":"product","link":"https:\/\/mountlaser.com\/es\/producto\/ba3-160hp-black-elevator-tripod\/","title":{"rendered":"Tr\u00edpode elevador negro BA3-160HP"},"content":{"rendered":"<p>El <a href=\"https:\/\/mountlaser.com\/es\/\"><strong>Tr\u00edpode elevador negro BA3-160HP<\/strong> <\/a>es un <a href=\"https:\/\/mountlaser.com\/es\/products\/\"><strong>Tr\u00edpode de nivel l\u00e1ser de alta calidad<\/strong> <\/a>Dise\u00f1ado para profesionales que requieren m\u00e1xima estabilidad, precisi\u00f3n y versatilidad en sus mediciones. Fabricado en aluminio oxidado, este robusto tr\u00edpode ofrece una resistencia excepcional a la vez que mantiene una estructura ligera para una portabilidad c\u00f3moda.<\/p>\n<p>Con un elegante acabado negro, el tr\u00edpode elevador BA3-160HP cuenta con un dise\u00f1o de pie en forma de herradura para un soporte firme, incluso en superficies irregulares. Con gancho central opcional y cubiertas antideslizantes de goma, garantiza un agarre fiable y reduce las vibraciones durante el uso. Este tr\u00edpode de nivel l\u00e1ser de alta calidad tambi\u00e9n incluye un cabezal inclinable extra\u00edble con rosca de 1\/4\u2033-20, compatible con diversos niveles l\u00e1ser e instrumentos.<\/p>\n<p>Disponible en <a href=\"https:\/\/mountlaser.com\/es\/contact-us\/\">m\u00faltiples opciones de altura<\/a>El tr\u00edpode elevador negro BA3-160HP, con alcances de 45 cm a 300 cm, satisface las necesidades de una amplia gama de aplicaciones de construcci\u00f3n, topograf\u00eda y alineaci\u00f3n. Est\u00e1 dise\u00f1ado para ofrecer una nivelaci\u00f3n precisa, lo que lo convierte en la opci\u00f3n preferida de los profesionales que valoran la durabilidad y la precisi\u00f3n.<\/p>\n<p><img fetchpriority=\"high\" decoding=\"async\" class=\"aligncenter wp-image-4031\" src=\"https:\/\/mountlaser.com\/wp-content\/uploads\/2025\/11\/B3160HP4.webp\" alt=\"BA3-160HP Black Elevator Tripod\" width=\"500\" height=\"500\" srcset=\"https:\/\/mountlaser.com\/wp-content\/uploads\/2025\/11\/B3160HP4.webp 1000w, https:\/\/mountlaser.com\/wp-content\/uploads\/2025\/11\/B3160HP4-300x300.webp 300w, https:\/\/mountlaser.com\/wp-content\/uploads\/2025\/11\/B3160HP4-400x400.webp 400w, https:\/\/mountlaser.com\/wp-content\/uploads\/2025\/11\/B3160HP4-800x800.webp 800w, https:\/\/mountlaser.com\/wp-content\/uploads\/2025\/11\/B3160HP4-600x600.webp 600w, https:\/\/mountlaser.com\/wp-content\/uploads\/2025\/11\/B3160HP4-150x150.webp 150w, https:\/\/mountlaser.com\/wp-content\/uploads\/2025\/11\/B3160HP4-768x768.webp 768w, https:\/\/mountlaser.com\/wp-content\/uploads\/2025\/11\/B3160HP4-12x12.webp 12w\" sizes=\"(max-width: 500px) 100vw, 500px\" \/><\/p>\n<p><strong>Especificaciones del tr\u00edpode elevador negro BA3-160HP<\/strong><\/p>\n<div>\n<table style=\"border-collapse: collapse; width: 564.02pt;\" border=\"0\" width=\"752\" cellspacing=\"0\" cellpadding=\"0\">\n<tbody>\n<tr style=\"height: 14.25pt;\">\n<td class=\"et2\" style=\"height: 14.25pt; width: 127.50pt;\" width=\"170\" height=\"19\">N\u00daMERO<\/td>\n<td class=\"et3\" style=\"width: 92.25pt;\" width=\"123\">COLOR<\/td>\n<td class=\"et3\" style=\"width: 77.25pt;\" width=\"103\">MATERIAL<\/td>\n<td class=\"et3\" style=\"width: 96.75pt;\" width=\"129\">ALTURA<\/td>\n<td class=\"et3\" style=\"width: 170.25pt;\" width=\"227\">HILO<\/td>\n<\/tr>\n<tr style=\"height: 14.25pt;\">\n<td class=\"et4\" style=\"height: 14.25pt;\" height=\"19\">EBA3-120\/150\/180 CV<\/td>\n<td class=\"et4\">Negro<\/td>\n<td class=\"et4\">Aluminio<\/td>\n<td class=\"et4\">120\/150\/180 cm<\/td>\n<td class=\"et4\">Cabeza de pl\u00e1stico 5\/8\u2033-11<\/td>\n<\/tr>\n<tr style=\"height: 14.25pt;\">\n<td class=\"et4\" style=\"height: 14.25pt;\" height=\"19\">BA3\/120\/160 CV<\/td>\n<td class=\"et4\">Negro<\/td>\n<td class=\"et4\">Aluminio<\/td>\n<td class=\"et4\">120\/160 cm<\/td>\n<td class=\"et4\">Cabeza de pl\u00e1stico 5\/8\u2033-11<\/td>\n<\/tr>\n<tr style=\"height: 14.25pt;\">\n<td class=\"et4\" style=\"height: 14.25pt;\" height=\"19\">BA3-180\/200HB<\/td>\n<td class=\"et4\">Negro<\/td>\n<td class=\"et4\">Aluminio<\/td>\n<td class=\"et4\">180\/200 cm<\/td>\n<td class=\"et4\">Cabeza redonda grande de 5\/8\u2033-11<\/td>\n<\/tr>\n<tr style=\"height: 14.25pt;\">\n<td class=\"et4\" style=\"height: 14.25pt;\" height=\"19\">BA3-300HA<\/td>\n<td class=\"et4\">Negro<\/td>\n<td class=\"et4\">Aluminio<\/td>\n<td class=\"et4\">300 cent\u00edmetros<\/td>\n<td class=\"et4\">Cabezal de aluminio de 5\/8\u2033-11<\/td>\n<\/tr>\n<\/tbody>\n<\/table>\n<\/div>","protected":false},"excerpt":{"rendered":"<ul>\n<li>Material: Aluminio oxidado para una durabilidad liviana.<\/li>\n<li>Color: Acabado negro mate profesional.<\/li>\n<li>Tipo de pie: Base tipo herradura con cubierta antideslizante de goma opcional<\/li>\n<li>Rango de altura: 0,45 m \u2013 3,0 m<\/li>\n<li>Opci\u00f3n adicional: Gancho central para mayor estabilidad.<\/li>\n<\/ul>","protected":false},"featured_media":4028,"comment_status":"open","ping_status":"closed","template":"","meta":[],"product_brand":[],"product_cat":[122,94],"product_tag":[],"class_list":{"0":"post-4027","1":"product","2":"type-product","3":"status-publish","4":"has-post-thumbnail","6":"product_cat-laser-level-tripod","7":"product_cat-laser-level-accessory","9":"first","10":"instock","11":"shipping-taxable","12":"product-type-simple"},"_links":{"self":[{"href":"https:\/\/mountlaser.com\/es\/wp-json\/wp\/v2\/product\/4027","targetHints":{"allow":["GET"]}}],"collection":[{"href":"https:\/\/mountlaser.com\/es\/wp-json\/wp\/v2\/product"}],"about":[{"href":"https:\/\/mountlaser.com\/es\/wp-json\/wp\/v2\/types\/product"}],"replies":[{"embeddable":true,"href":"https:\/\/mountlaser.com\/es\/wp-json\/wp\/v2\/comments?post=4027"}],"wp:featuredmedia":[{"embeddable":true,"href":"https:\/\/mountlaser.com\/es\/wp-json\/wp\/v2\/media\/4028"}],"wp:attachment":[{"href":"https:\/\/mountlaser.com\/es\/wp-json\/wp\/v2\/media?parent=4027"}],"wp:term":[{"taxonomy":"product_brand","embeddable":true,"href":"https:\/\/mountlaser.com\/es\/wp-json\/wp\/v2\/product_brand?post=4027"},{"taxonomy":"product_cat","embeddable":true,"href":"https:\/\/mountlaser.com\/es\/wp-json\/wp\/v2\/product_cat?post=4027"},{"taxonomy":"product_tag","embeddable":true,"href":"https:\/\/mountlaser.com\/es\/wp-json\/wp\/v2\/product_tag?post=4027"}],"curies":[{"name":"wp","href":"https:\/\/api.w.org\/{rel}","templated":true}]}}