{"id":3985,"date":"2025-11-11T07:06:43","date_gmt":"2025-11-11T07:06:43","guid":{"rendered":"https:\/\/mountlaser.com\/?post_type=product&#038;p=3985"},"modified":"2025-12-18T09:20:57","modified_gmt":"2025-12-18T09:20:57","slug":"sa2-150hp-silver-elevator-tripod","status":"publish","type":"product","link":"https:\/\/mountlaser.com\/es\/producto\/sa2-150hp-silver-elevator-tripod\/","title":{"rendered":"Tr\u00edpode elevador plateado SA2-150HP"},"content":{"rendered":"<p data-start=\"281\" data-end=\"787\">El <a href=\"https:\/\/mountlaser.com\/es\/products\/\"><strong data-start=\"285\" data-end=\"321\">Tr\u00edpode elevador plateado SA2-120HP<\/strong><\/a> Es una soluci\u00f3n de soporte vers\u00e1til y duradera, dise\u00f1ada para tareas profesionales de nivelaci\u00f3n l\u00e1ser y topograf\u00eda. Fabricada con aluminio de \u00f3xido de alta calidad, ofrece una excelente resistencia, a la vez que es ligera y resistente a la corrosi\u00f3n. Como alternativa premium dentro del... <a href=\"https:\/\/mountlaser.com\/es\/\"><strong data-start=\"588\" data-end=\"622\">Tr\u00edpode elevador de aluminio negro<\/strong><\/a> categor\u00eda, el tr\u00edpode elevador plateado SA2-120HP ofrece la misma estabilidad de nivel profesional con un acabado plateado distintivo y opciones de configuraci\u00f3n mejoradas.<\/p>\n<p data-start=\"789\" data-end=\"1342\">Dise\u00f1ado con patas tipo herradura, el tr\u00edpode elevador plateado SA2-120HP proporciona un agarre firme y un equilibrio fiable en terrenos irregulares. Este dise\u00f1o garantiza un posicionamiento l\u00e1ser estable, similar al de un tr\u00edpode elevador de aluminio negro, lo que lo hace ideal para replanteo de obras, instalaci\u00f3n interior y trabajos de nivelaci\u00f3n en general. Con opciones de altura de 1,20 m, 1,50 m y 1,80 m, el tr\u00edpode elevador plateado SA2-120HP se adapta f\u00e1cilmente a diversas condiciones de trabajo, manteniendo la robustez que se espera de un tr\u00edpode elevador de aluminio negro.<\/p>\n<p data-start=\"1344\" data-end=\"1905\">El tr\u00edpode elevador plateado SA2-120HP viene de serie con un cabezal de pl\u00e1stico con rosca de 5\/8\u2033-11, compatible con la mayor\u00eda de los niveles l\u00e1ser e instrumentos topogr\u00e1ficos. Para mayor flexibilidad, los usuarios pueden elegir cabezales opcionales, como uno de aluminio, uno grande y redondo galvanizado o un cabezal inclinable extra\u00edble con rosca de 1\/4\u2033-20. Los accesorios opcionales, como el asa de transporte y el gancho central, facilitan a\u00fan m\u00e1s su uso, posicionando el tr\u00edpode. <a href=\"https:\/\/mountlaser.com\/es\/contact-us\/\">Tr\u00edpode elevador plateado SA2-120HP<\/a> como una alternativa flexible y de alto valor a un tr\u00edpode elevador de aluminio negro tradicional.<\/p>\n<p><img fetchpriority=\"high\" decoding=\"async\" class=\"aligncenter wp-image-3990\" src=\"https:\/\/mountlaser.com\/wp-content\/uploads\/2025\/11\/S2150HP5.webp\" alt=\"SA2-120HP Silver Elevator Tripod\" width=\"500\" height=\"500\" srcset=\"https:\/\/mountlaser.com\/wp-content\/uploads\/2025\/11\/S2150HP5.webp 1000w, https:\/\/mountlaser.com\/wp-content\/uploads\/2025\/11\/S2150HP5-300x300.webp 300w, https:\/\/mountlaser.com\/wp-content\/uploads\/2025\/11\/S2150HP5-400x400.webp 400w, https:\/\/mountlaser.com\/wp-content\/uploads\/2025\/11\/S2150HP5-800x800.webp 800w, https:\/\/mountlaser.com\/wp-content\/uploads\/2025\/11\/S2150HP5-600x600.webp 600w, https:\/\/mountlaser.com\/wp-content\/uploads\/2025\/11\/S2150HP5-150x150.webp 150w, https:\/\/mountlaser.com\/wp-content\/uploads\/2025\/11\/S2150HP5-768x768.webp 768w, https:\/\/mountlaser.com\/wp-content\/uploads\/2025\/11\/S2150HP5-12x12.webp 12w\" sizes=\"(max-width: 500px) 100vw, 500px\" \/><\/p>\n<table width=\"818\">\n<tbody>\n<tr>\n<td width=\"170\">N\u00daMERO<\/td>\n<td width=\"123\">COLOR<\/td>\n<td width=\"103\">MATERIAL<\/td>\n<td width=\"129\">ALTURA<\/td>\n<td width=\"293\">HILO<\/td>\n<\/tr>\n<tr>\n<td>SA2-120\/150\/180 CV<\/td>\n<td>\u00a0Plata<\/td>\n<td>Aluminio<\/td>\n<td>120\/150\/180 cm<\/td>\n<td>Cabeza de pl\u00e1stico 5\/8\u2033-11<\/td>\n<\/tr>\n<tr>\n<td>SA2-120\/150\/180HA<\/td>\n<td>\u00a0Plata<\/td>\n<td>Aluminio<\/td>\n<td>120\/150\/180 cm<\/td>\n<td>Cabezal de aluminio de 5\/8\u2033-11<\/td>\n<\/tr>\n<tr>\n<td>SA2-120\/150\/180HB<\/td>\n<td>\u00a0Plata<\/td>\n<td>Aluminio<\/td>\n<td>120\/150\/180 cm<\/td>\n<td>Cabeza redonda grande de 5\/8\u2033-11<\/td>\n<\/tr>\n<tr>\n<td>SA2-120\/150\/180 HPR<\/td>\n<td>\u00a0Plata<\/td>\n<td>Aluminio<\/td>\n<td>120\/150\/180 cm<\/td>\n<td>Cabezal de pl\u00e1stico de 5\/8\u2033-11 + cabezal inclinable extra\u00edble de 1\/4\u2033-20<\/td>\n<\/tr>\n<\/tbody>\n<\/table>","protected":false},"excerpt":{"rendered":"<ul>\n<li>Proporciona un soporte estable y preciso para niveles l\u00e1ser e instrumentos topogr\u00e1ficos.<\/li>\n<li>El ajuste de altura tipo elevador permite un posicionamiento preciso en m\u00faltiples alturas de trabajo.<\/li>\n<li>Los pies tipo herradura mejoran la estabilidad en superficies irregulares o blandas.<\/li>\n<li>M\u00faltiples opciones de cabezal garantizan la compatibilidad con diferentes instrumentos y aplicaciones.<\/li>\n<li>El mango opcional y el gancho central mejoran la portabilidad y la comodidad en el sitio.<\/li>\n<\/ul>","protected":false},"featured_media":3989,"comment_status":"open","ping_status":"closed","template":"","meta":[],"product_brand":[],"product_cat":[94,122],"product_tag":[],"class_list":{"0":"post-3985","1":"product","2":"type-product","3":"status-publish","4":"has-post-thumbnail","6":"product_cat-laser-level-accessory","7":"product_cat-laser-level-tripod","9":"first","10":"instock","11":"shipping-taxable","12":"product-type-simple"},"_links":{"self":[{"href":"https:\/\/mountlaser.com\/es\/wp-json\/wp\/v2\/product\/3985","targetHints":{"allow":["GET"]}}],"collection":[{"href":"https:\/\/mountlaser.com\/es\/wp-json\/wp\/v2\/product"}],"about":[{"href":"https:\/\/mountlaser.com\/es\/wp-json\/wp\/v2\/types\/product"}],"replies":[{"embeddable":true,"href":"https:\/\/mountlaser.com\/es\/wp-json\/wp\/v2\/comments?post=3985"}],"wp:featuredmedia":[{"embeddable":true,"href":"https:\/\/mountlaser.com\/es\/wp-json\/wp\/v2\/media\/3989"}],"wp:attachment":[{"href":"https:\/\/mountlaser.com\/es\/wp-json\/wp\/v2\/media?parent=3985"}],"wp:term":[{"taxonomy":"product_brand","embeddable":true,"href":"https:\/\/mountlaser.com\/es\/wp-json\/wp\/v2\/product_brand?post=3985"},{"taxonomy":"product_cat","embeddable":true,"href":"https:\/\/mountlaser.com\/es\/wp-json\/wp\/v2\/product_cat?post=3985"},{"taxonomy":"product_tag","embeddable":true,"href":"https:\/\/mountlaser.com\/es\/wp-json\/wp\/v2\/product_tag?post=3985"}],"curies":[{"name":"wp","href":"https:\/\/api.w.org\/{rel}","templated":true}]}}