{"id":3974,"date":"2025-11-11T06:03:38","date_gmt":"2025-11-11T06:03:38","guid":{"rendered":"https:\/\/mountlaser.com\/?post_type=product&#038;p=3974"},"modified":"2025-12-18T07:00:10","modified_gmt":"2025-12-18T07:00:10","slug":"sa11-050f-silver-mini-elevator-tripod","status":"publish","type":"product","link":"https:\/\/mountlaser.com\/es\/producto\/sa11-050f-silver-mini-elevator-tripod\/","title":{"rendered":"Mini tr\u00edpode elevador plateado SA11-050F"},"content":{"rendered":"<p>El <a href=\"https:\/\/mountlaser.com\/es\/\"><strong>Mini tr\u00edpode elevador plateado<\/strong><\/a> Es un modelo compacto y duradero. <a href=\"https:\/\/mountlaser.com\/es\/products\/\"><strong>Tr\u00edpode de nivel l\u00e1ser con cabezal inclinable SA11-050F<\/strong><\/a> Dise\u00f1ado para profesionales que requieren precisi\u00f3n en un formato ligero. Fabricado en aluminio oxidado, este tr\u00edpode combina resistencia y portabilidad, lo que lo hace ideal para nivelaci\u00f3n l\u00e1ser, instalaci\u00f3n en interiores y aplicaciones de medici\u00f3n precisa.<\/p>\n<p>Dise\u00f1ado con un elegante acabado plateado, el mini tr\u00edpode elevador plateado cuenta con un cabezal inclinable fijo con una rosca extra\u00edble de 1\/4\u2033-20, lo que permite ajustar f\u00e1cilmente los \u00e1ngulos del l\u00e1ser y montar diversas herramientas de nivelaci\u00f3n. Disponible en alturas de 50 cm y 100 cm, el tr\u00edpode de nivel l\u00e1ser con cabezal inclinable SA11-050F ofrece flexibilidad para mediciones tanto de sobremesa como a baja altura, garantizando una precisi\u00f3n \u00f3ptima en espacios de trabajo reducidos o con gran detalle.<\/p>\n<p>El <a href=\"https:\/\/mountlaser.com\/es\/contact-us\/\">Mini tr\u00edpode elevador plateado<\/a>\u2019Su marco de aluminio estable y su ajuste de inclinaci\u00f3n preciso lo convierten en una excelente opci\u00f3n para contratistas, ingenieros y top\u00f3grafos que valoran la estabilidad y el control en entornos compactos.<\/p>\n<p><img fetchpriority=\"high\" decoding=\"async\" class=\"aligncenter wp-image-3976\" src=\"https:\/\/mountlaser.com\/wp-content\/uploads\/2025\/11\/S110502.webp\" alt=\"SA11-050F Silver Mini Elevator Tripod\" width=\"500\" height=\"500\" srcset=\"https:\/\/mountlaser.com\/wp-content\/uploads\/2025\/11\/S110502.webp 1000w, https:\/\/mountlaser.com\/wp-content\/uploads\/2025\/11\/S110502-300x300.webp 300w, https:\/\/mountlaser.com\/wp-content\/uploads\/2025\/11\/S110502-400x400.webp 400w, https:\/\/mountlaser.com\/wp-content\/uploads\/2025\/11\/S110502-800x800.webp 800w, https:\/\/mountlaser.com\/wp-content\/uploads\/2025\/11\/S110502-600x600.webp 600w, https:\/\/mountlaser.com\/wp-content\/uploads\/2025\/11\/S110502-150x150.webp 150w, https:\/\/mountlaser.com\/wp-content\/uploads\/2025\/11\/S110502-768x768.webp 768w, https:\/\/mountlaser.com\/wp-content\/uploads\/2025\/11\/S110502-12x12.webp 12w\" sizes=\"(max-width: 500px) 100vw, 500px\" \/><\/p>\n<div>\n<table style=\"border-collapse: collapse; width: 1034.28pt;\" border=\"0\" width=\"1379\" cellspacing=\"0\" cellpadding=\"0\">\n<tbody>\n<tr style=\"height: 17.25pt;\">\n<td class=\"et2\" style=\"height: 17.25pt; width: 322.50pt;\" width=\"430\" height=\"23\">N\u00daMERO<\/td>\n<td class=\"et3\" style=\"width: 309.00pt;\" width=\"412\">COLOR<\/td>\n<td class=\"et4\" style=\"width: 88.50pt;\" width=\"118\">MATERIAL<\/td>\n<td class=\"et4\" style=\"width: 138.00pt;\" width=\"184\">ALTURA<\/td>\n<td class=\"et4\" style=\"width: 176.25pt;\" width=\"235\">HILO<\/td>\n<\/tr>\n<tr style=\"height: 17.25pt;\">\n<td class=\"et5\" style=\"height: 17.25pt;\" height=\"23\">SA11-050F<\/td>\n<td class=\"et5\">Plata<\/td>\n<td class=\"et4\">Aluminio<\/td>\n<td class=\"et5\">50 cent\u00edmetros<\/td>\n<td class=\"et5\">Cabezal inclinable fijo, rosca 1\/4\u2033-20<\/td>\n<\/tr>\n<tr style=\"height: 17.25pt;\">\n<td class=\"et5\" style=\"height: 17.25pt;\" height=\"23\">SA11-100F<\/td>\n<td class=\"et5\">Plata<\/td>\n<td class=\"et4\">Aluminio<\/td>\n<td class=\"et5\">100 cent\u00edmetros<\/td>\n<td class=\"et5\">Cabezal inclinable fijo, rosca 1\/4\u2033-20<\/td>\n<\/tr>\n<\/tbody>\n<\/table>\n<\/div>","protected":false},"excerpt":{"rendered":"<ul>\n<li>Material: Aluminio oxidado para mayor durabilidad y ligereza.<\/li>\n<li>Color: Acabado plateado profesional.<\/li>\n<li>Tipo de cabezal: Cabezal inclinable fijo con rosca extra\u00edble de 1\/4\u2033-20<\/li>\n<li>Opciones de altura: 50 cm \/ 100 cm (personalizable)<\/li>\n<li>Dise\u00f1o: Compacto y estable para uso a baja altura o sobre una mesa.<\/li>\n<\/ul>","protected":false},"featured_media":3976,"comment_status":"open","ping_status":"closed","template":"","meta":[],"product_brand":[],"product_cat":[94,122],"product_tag":[],"class_list":{"0":"post-3974","1":"product","2":"type-product","3":"status-publish","4":"has-post-thumbnail","6":"product_cat-laser-level-accessory","7":"product_cat-laser-level-tripod","9":"first","10":"instock","11":"shipping-taxable","12":"product-type-simple"},"_links":{"self":[{"href":"https:\/\/mountlaser.com\/es\/wp-json\/wp\/v2\/product\/3974","targetHints":{"allow":["GET"]}}],"collection":[{"href":"https:\/\/mountlaser.com\/es\/wp-json\/wp\/v2\/product"}],"about":[{"href":"https:\/\/mountlaser.com\/es\/wp-json\/wp\/v2\/types\/product"}],"replies":[{"embeddable":true,"href":"https:\/\/mountlaser.com\/es\/wp-json\/wp\/v2\/comments?post=3974"}],"wp:featuredmedia":[{"embeddable":true,"href":"https:\/\/mountlaser.com\/es\/wp-json\/wp\/v2\/media\/3976"}],"wp:attachment":[{"href":"https:\/\/mountlaser.com\/es\/wp-json\/wp\/v2\/media?parent=3974"}],"wp:term":[{"taxonomy":"product_brand","embeddable":true,"href":"https:\/\/mountlaser.com\/es\/wp-json\/wp\/v2\/product_brand?post=3974"},{"taxonomy":"product_cat","embeddable":true,"href":"https:\/\/mountlaser.com\/es\/wp-json\/wp\/v2\/product_cat?post=3974"},{"taxonomy":"product_tag","embeddable":true,"href":"https:\/\/mountlaser.com\/es\/wp-json\/wp\/v2\/product_tag?post=3974"}],"curies":[{"name":"wp","href":"https:\/\/api.w.org\/{rel}","templated":true}]}}