{"id":3955,"date":"2025-11-11T05:43:10","date_gmt":"2025-11-11T05:43:10","guid":{"rendered":"https:\/\/mountlaser.com\/?post_type=product&#038;p=3955"},"modified":"2025-12-18T08:11:52","modified_gmt":"2025-12-18T08:11:52","slug":"ba5-120-150hf-black-elevator-tripod","status":"publish","type":"product","link":"https:\/\/mountlaser.com\/es\/producto\/ba5-120-150hf-black-elevator-tripod\/","title":{"rendered":"Tr\u00edpode elevador negro BA5-120\/150HF"},"content":{"rendered":"<p>El <a href=\"https:\/\/mountlaser.com\/es\/\"><strong>Tr\u00edpode elevador negro<\/strong><\/a> Es un producto duradero y de calidad profesional. <a href=\"https:\/\/mountlaser.com\/es\/products\/\"><strong>Tr\u00edpode de nivel l\u00e1ser con cabezal inclinable<\/strong> <\/a>Dise\u00f1ado para brindar excelente estabilidad, precisi\u00f3n y flexibilidad durante tareas de nivelaci\u00f3n l\u00e1ser y topograf\u00eda. Fabricado con aluminio de \u00f3xido de alta calidad, este tr\u00edpode elevador negro garantiza una larga durabilidad a la vez que mantiene una estructura ligera para facilitar su transporte.<\/p>\n<p>El tr\u00edpode elevador negro cuenta con un cabezal inclinable fijo con rosca extra\u00edble de 1\/4\u2033-20, lo que permite ajustar f\u00e1cilmente el \u00e1ngulo del instrumento y montar de forma segura diferentes tipos de niveles l\u00e1ser y dispositivos de medici\u00f3n. Su dise\u00f1o de pie en forma de herradura proporciona un agarre firme en superficies irregulares o rugosas, garantizando estabilidad en cualquier entorno de trabajo.<\/p>\n<p><img fetchpriority=\"high\" decoding=\"async\" class=\"aligncenter wp-image-3959\" src=\"https:\/\/mountlaser.com\/wp-content\/uploads\/2025\/11\/B5120HF4.webp\" alt=\"BA5-120HF BLACK ELEVATOR TRIPOD\" width=\"500\" height=\"500\" srcset=\"https:\/\/mountlaser.com\/wp-content\/uploads\/2025\/11\/B5120HF4.webp 1000w, https:\/\/mountlaser.com\/wp-content\/uploads\/2025\/11\/B5120HF4-300x300.webp 300w, https:\/\/mountlaser.com\/wp-content\/uploads\/2025\/11\/B5120HF4-400x400.webp 400w, https:\/\/mountlaser.com\/wp-content\/uploads\/2025\/11\/B5120HF4-800x800.webp 800w, https:\/\/mountlaser.com\/wp-content\/uploads\/2025\/11\/B5120HF4-600x600.webp 600w, https:\/\/mountlaser.com\/wp-content\/uploads\/2025\/11\/B5120HF4-150x150.webp 150w, https:\/\/mountlaser.com\/wp-content\/uploads\/2025\/11\/B5120HF4-768x768.webp 768w, https:\/\/mountlaser.com\/wp-content\/uploads\/2025\/11\/B5120HF4-12x12.webp 12w\" sizes=\"(max-width: 500px) 100vw, 500px\" \/><\/p>\n<p>Disponible en 120 cm y 150 cm. <a href=\"https:\/\/mountlaser.com\/es\/contact-us\/\">opciones de altura<\/a>, El tr\u00edpode para nivel l\u00e1ser con cabezal inclinable tambi\u00e9n se puede personalizar para satisfacer necesidades de medici\u00f3n espec\u00edficas. Su elegante acabado de \u00f3xido negro no solo realza su aspecto profesional, sino que tambi\u00e9n ofrece resistencia a la corrosi\u00f3n y al desgaste, lo que lo convierte en un compa\u00f1ero fiable para proyectos de medici\u00f3n tanto en interiores como en exteriores.<\/p>\n<table style=\"height: 241px;\" width=\"862\">\n<tbody>\n<tr>\n<td width=\"170\">N\u00daMERO<\/td>\n<td width=\"123\">COLOR<\/td>\n<td width=\"103\">MATERIAL<\/td>\n<td width=\"96\">ALTURA<\/td>\n<td width=\"227\">HILO<\/td>\n<\/tr>\n<tr>\n<td>BS5-120HF<\/td>\n<td>Negro<\/td>\n<td>Acero<\/td>\n<td>120 cent\u00edmetros<\/td>\n<td rowspan=\"4\" width=\"227\">\u00a0Cabezal inclinable fijo con rosca extra\u00edble de 1\/4\u2033-20<\/td>\n<\/tr>\n<tr>\n<td>BS5-150HF<\/td>\n<td>Negro<\/td>\n<td>Acero<\/td>\n<td>150 cent\u00edmetros<\/td>\n<\/tr>\n<tr>\n<td>BA5-120HF<\/td>\n<td>Negro<\/td>\n<td>Aluminio<\/td>\n<td>120 cent\u00edmetros<\/td>\n<\/tr>\n<tr>\n<td>BA5-150HF<\/td>\n<td>Negro<\/td>\n<td>Aluminio<\/td>\n<td>150 cent\u00edmetros<\/td>\n<\/tr>\n<\/tbody>\n<\/table>\n<p>&nbsp;<\/p>","protected":false},"excerpt":{"rendered":"<ul>\n<li>Tipo de cabezal: Cabezal inclinable fijo con rosca extra\u00edble de 1\/4\u2033-20<\/li>\n<li>Opciones de altura: 120 cm \/ 150 cm (personalizable)<\/li>\n<li>Dise\u00f1o del pie: estilo herradura para un contacto firme con el suelo.<\/li>\n<li>Color: Acabado negro elegante para una apariencia profesional.<\/li>\n<\/ul>","protected":false},"featured_media":3966,"comment_status":"open","ping_status":"closed","template":"","meta":[],"product_brand":[],"product_cat":[94,122],"product_tag":[],"class_list":{"0":"post-3955","1":"product","2":"type-product","3":"status-publish","4":"has-post-thumbnail","6":"product_cat-laser-level-accessory","7":"product_cat-laser-level-tripod","9":"first","10":"instock","11":"shipping-taxable","12":"product-type-simple"},"_links":{"self":[{"href":"https:\/\/mountlaser.com\/es\/wp-json\/wp\/v2\/product\/3955","targetHints":{"allow":["GET"]}}],"collection":[{"href":"https:\/\/mountlaser.com\/es\/wp-json\/wp\/v2\/product"}],"about":[{"href":"https:\/\/mountlaser.com\/es\/wp-json\/wp\/v2\/types\/product"}],"replies":[{"embeddable":true,"href":"https:\/\/mountlaser.com\/es\/wp-json\/wp\/v2\/comments?post=3955"}],"wp:featuredmedia":[{"embeddable":true,"href":"https:\/\/mountlaser.com\/es\/wp-json\/wp\/v2\/media\/3966"}],"wp:attachment":[{"href":"https:\/\/mountlaser.com\/es\/wp-json\/wp\/v2\/media?parent=3955"}],"wp:term":[{"taxonomy":"product_brand","embeddable":true,"href":"https:\/\/mountlaser.com\/es\/wp-json\/wp\/v2\/product_brand?post=3955"},{"taxonomy":"product_cat","embeddable":true,"href":"https:\/\/mountlaser.com\/es\/wp-json\/wp\/v2\/product_cat?post=3955"},{"taxonomy":"product_tag","embeddable":true,"href":"https:\/\/mountlaser.com\/es\/wp-json\/wp\/v2\/product_tag?post=3955"}],"curies":[{"name":"wp","href":"https:\/\/api.w.org\/{rel}","templated":true}]}}