{"id":3952,"date":"2025-11-11T03:10:14","date_gmt":"2025-11-11T03:10:14","guid":{"rendered":"https:\/\/mountlaser.com\/?post_type=product&#038;p=3952"},"modified":"2025-12-18T09:03:46","modified_gmt":"2025-12-18T09:03:46","slug":"sa1-045hp-silver-elevator-tripod","status":"publish","type":"product","link":"https:\/\/mountlaser.com\/es\/producto\/sa1-045hp-silver-elevator-tripod\/","title":{"rendered":"SA1-045HP TR\u00cdPODE ELEVADOR PLATEADO"},"content":{"rendered":"<p data-start=\"300\" data-end=\"814\">El <a href=\"https:\/\/mountlaser.com\/es\/\"><strong data-start=\"304\" data-end=\"340\">SA1-045HP TR\u00cdPODE ELEVADOR PLATEADO<\/strong><\/a> es una soluci\u00f3n de soporte pr\u00e1ctica y rentable dise\u00f1ada para usuarios de niveles l\u00e1ser que requieren confiabilidad sin un alto costo. Como <a href=\"https:\/\/mountlaser.com\/es\/products\/\"><strong data-start=\"472\" data-end=\"503\">Tr\u00edpode de nivel l\u00e1ser econ\u00f3mico<\/strong><\/a>, Su construcci\u00f3n ligera de aluminio oxidado, combinada con un estable dise\u00f1o de base tipo herradura, lo hace ideal para tareas de nivelaci\u00f3n tanto en interiores como en exteriores. El tr\u00edpode elevador plateado SA1-045HP ofrece un rendimiento confiable y una excelente relaci\u00f3n calidad-precio como tr\u00edpode de nivel l\u00e1ser econ\u00f3mico.<\/p>\n<p data-start=\"816\" data-end=\"1412\">Con un acabado plateado profesional, el TR\u00cdPODE ELEVADOR PLATEADO SA1-045HP est\u00e1 fabricado con aluminio oxidado duradero para garantizar su resistencia a la corrosi\u00f3n y una larga vida \u00fatil. Este tr\u00edpode econ\u00f3mico para nivel l\u00e1ser incluye de serie un cabezal de pl\u00e1stico con rosca de 5\/8\u2033-11, compatible con la mayor\u00eda de los niveles l\u00e1ser e instrumentos topogr\u00e1ficos. Para usuarios que requieren mayor flexibilidad, el TR\u00cdPODE ELEVADOR PLATEADO SA1-045HP tambi\u00e9n est\u00e1 disponible con un cabezal inclinable extra\u00edble opcional con rosca de 1\/4\u2033-20, lo que aumenta a\u00fan m\u00e1s su versatilidad como tr\u00edpode econ\u00f3mico para nivel l\u00e1ser.<\/p>\n<p data-start=\"1414\" data-end=\"1873\">Con m\u00faltiples opciones de altura de 0,45 m, 1,20 m y 1,50 m, el TR\u00cdPODE ELEVADOR PLATEADO SA1-045HP se adapta f\u00e1cilmente a las diferentes necesidades de la obra. Sus patas en forma de herradura mejoran el agarre al suelo y la estabilidad, garantizando un posicionamiento preciso del l\u00e1ser incluso en superficies irregulares. Dise\u00f1ado para replanteo de obras, acabados interiores y trabajos de nivelaci\u00f3n en general, este... <a href=\"https:\/\/mountlaser.com\/es\/contact-us\/\">Tr\u00edpode de nivel l\u00e1ser econ\u00f3mico<\/a> Ofrece un equilibrio inteligente entre rendimiento, portabilidad y asequibilidad.<\/p>\n<p><img fetchpriority=\"high\" decoding=\"async\" class=\"aligncenter wp-image-3945\" src=\"https:\/\/mountlaser.com\/wp-content\/uploads\/2025\/11\/S11503.webp\" alt=\"SA1-045HP SILVER ELEVATOR TRIPOD\" width=\"500\" height=\"500\" srcset=\"https:\/\/mountlaser.com\/wp-content\/uploads\/2025\/11\/S11503.webp 1000w, https:\/\/mountlaser.com\/wp-content\/uploads\/2025\/11\/S11503-300x300.webp 300w, https:\/\/mountlaser.com\/wp-content\/uploads\/2025\/11\/S11503-400x400.webp 400w, https:\/\/mountlaser.com\/wp-content\/uploads\/2025\/11\/S11503-800x800.webp 800w, https:\/\/mountlaser.com\/wp-content\/uploads\/2025\/11\/S11503-600x600.webp 600w, https:\/\/mountlaser.com\/wp-content\/uploads\/2025\/11\/S11503-150x150.webp 150w, https:\/\/mountlaser.com\/wp-content\/uploads\/2025\/11\/S11503-768x768.webp 768w, https:\/\/mountlaser.com\/wp-content\/uploads\/2025\/11\/S11503-12x12.webp 12w\" sizes=\"(max-width: 500px) 100vw, 500px\" \/><\/p>\n<p>&nbsp;<\/p>\n<div>\n<table style=\"border-collapse: collapse; width: 613.52pt;\" border=\"0\" width=\"818\" cellspacing=\"0\" cellpadding=\"0\">\n<tbody>\n<tr style=\"height: 14.25pt;\">\n<td class=\"et2\" style=\"height: 14.25pt; width: 127.50pt;\" width=\"170\" height=\"19\">N\u00daMERO<\/td>\n<td class=\"et3\" style=\"width: 92.25pt;\" width=\"123\">COLOR<\/td>\n<td class=\"et3\" style=\"width: 77.25pt;\" width=\"103\">MATERIAL<\/td>\n<td class=\"et3\" style=\"width: 96.75pt;\" width=\"129\">ALTURA<\/td>\n<td class=\"et3\" style=\"width: 219.75pt;\" width=\"293\">HILO<\/td>\n<\/tr>\n<tr style=\"height: 14.25pt;\">\n<td class=\"et4\" style=\"height: 14.25pt;\" height=\"19\">SA1-045\/120\/150 CV<\/td>\n<td class=\"et4\">Plata<\/td>\n<td class=\"et4\">Aluminio<\/td>\n<td class=\"et4\">45\/120\/150 cm<\/td>\n<td class=\"et4\">Cabeza de pl\u00e1stico 5\/8\u2033-11<\/td>\n<\/tr>\n<tr style=\"height: 14.25pt;\">\n<td class=\"et4\" style=\"height: 14.25pt;\" height=\"19\">SA1-045\/120\/150 HPR<\/td>\n<td class=\"et4\">Plata<\/td>\n<td class=\"et4\">Aluminio<\/td>\n<td class=\"et4\">45\/120\/150 cm<\/td>\n<td class=\"et4\">Cabezal de pl\u00e1stico de 5\/8\u2033-11 + cabezal inclinable extra\u00edble de 1\/4\u2033-20<\/td>\n<\/tr>\n<\/tbody>\n<\/table>\n<\/div>","protected":false},"excerpt":{"rendered":"<ul>\n<li>Proporciona un soporte estable y confiable para los niveles l\u00e1ser durante el trabajo de alineaci\u00f3n y dise\u00f1o.<\/li>\n<li>El ajuste de altura tipo elevador permite un posicionamiento preciso a diferentes alturas de trabajo.<\/li>\n<li>Los pies tipo herradura mejoran la estabilidad en terrenos irregulares o blandos.<\/li>\n<li>Cabezal de pl\u00e1stico con rosca de 5\/8\u2033-11 que garantiza una amplia compatibilidad con instrumentos<\/li>\n<li>El cabezal inclinable extra\u00edble opcional con rosca de 1\/4\u2033-20 aumenta la flexibilidad para diversas aplicaciones<\/li>\n<\/ul>","protected":false},"featured_media":3944,"comment_status":"open","ping_status":"closed","template":"","meta":[],"product_brand":[],"product_cat":[94,122],"product_tag":[],"class_list":{"0":"post-3952","1":"product","2":"type-product","3":"status-publish","4":"has-post-thumbnail","6":"product_cat-laser-level-accessory","7":"product_cat-laser-level-tripod","9":"first","10":"instock","11":"shipping-taxable","12":"product-type-simple"},"_links":{"self":[{"href":"https:\/\/mountlaser.com\/es\/wp-json\/wp\/v2\/product\/3952","targetHints":{"allow":["GET"]}}],"collection":[{"href":"https:\/\/mountlaser.com\/es\/wp-json\/wp\/v2\/product"}],"about":[{"href":"https:\/\/mountlaser.com\/es\/wp-json\/wp\/v2\/types\/product"}],"replies":[{"embeddable":true,"href":"https:\/\/mountlaser.com\/es\/wp-json\/wp\/v2\/comments?post=3952"}],"wp:featuredmedia":[{"embeddable":true,"href":"https:\/\/mountlaser.com\/es\/wp-json\/wp\/v2\/media\/3944"}],"wp:attachment":[{"href":"https:\/\/mountlaser.com\/es\/wp-json\/wp\/v2\/media?parent=3952"}],"wp:term":[{"taxonomy":"product_brand","embeddable":true,"href":"https:\/\/mountlaser.com\/es\/wp-json\/wp\/v2\/product_brand?post=3952"},{"taxonomy":"product_cat","embeddable":true,"href":"https:\/\/mountlaser.com\/es\/wp-json\/wp\/v2\/product_cat?post=3952"},{"taxonomy":"product_tag","embeddable":true,"href":"https:\/\/mountlaser.com\/es\/wp-json\/wp\/v2\/product_tag?post=3952"}],"curies":[{"name":"wp","href":"https:\/\/api.w.org\/{rel}","templated":true}]}}