{"id":3932,"date":"2025-11-11T01:26:15","date_gmt":"2025-11-11T01:26:15","guid":{"rendered":"https:\/\/mountlaser.com\/?post_type=product&#038;p=3932"},"modified":"2025-11-27T06:19:58","modified_gmt":"2025-11-27T06:19:58","slug":"gps-extension-pole","status":"publish","type":"product","link":"https:\/\/mountlaser.com\/es\/producto\/gps-extension-pole\/","title":{"rendered":"Poste de extensi\u00f3n GPS"},"content":{"rendered":"<p>Los postes de extensi\u00f3n de GPS vienen en dos materiales: postes de extensi\u00f3n de aluminio y postes de extensi\u00f3n de fibra de carbono.<\/p>\n<p>El <a href=\"https:\/\/mountlaser.com\/es\/products\/\"><strong>Poste de extensi\u00f3n para GNSS<\/strong> <\/a>Es un accesorio de ingenier\u00eda de precisi\u00f3n dise\u00f1ado para proporcionar un soporte estable y de altura ajustable para receptores GNSS, estaciones totales e instrumentos l\u00e1ser. Fabricado con materiales de alta calidad, como un poste de extensi\u00f3n de aluminio, fibra de carbono premium y fibra de carbono Toray 100%, ofrece resistencia, estabilidad y manejo ligero superiores para top\u00f3grafos profesionales.<\/p>\n<p>El <a href=\"https:\/\/mountlaser.com\/es\/about-us\/\"><strong>Poste de extensi\u00f3n de fibra de carbono<\/strong> <\/a>Dise\u00f1ado para aplicaciones de medici\u00f3n y topograf\u00eda de precisi\u00f3n que requieren ligereza, resistencia y estabilidad excepcionales. Fabricado con fibra de carbono de alta calidad, este poste extensible de fibra de carbono ofrece una excelente rigidez y reduce significativamente el peso total, lo que lo hace f\u00e1cil de transportar e ideal para operaciones de campo de larga distancia.<\/p>\n<p>Cada bast\u00f3n de extensi\u00f3n para GNSS cuenta con roscas macho y hembra de 5\/8\u2033-11 para una compatibilidad universal con diversos instrumentos y adaptadores. Disponible en longitudes de 15 cm a 100 cm y di\u00e1metros de 25 mm o 32 mm, permite un ajuste flexible de la altura para satisfacer diversas necesidades de campo. La versi\u00f3n de aluminio ofrece un excelente equilibrio entre durabilidad y peso, mientras que los modelos de fibra de carbono garantizan la m\u00e1xima rigidez con una carga m\u00ednima.<\/p>\n<p><!--StartFragment --><\/p>\n<p class=\"pf0\"><span class=\"cf0\"><a href=\"https:\/\/mountlaser.com\/es\/contact-us\/\">Poste de extensi\u00f3n GPS<\/a>, tambi\u00e9n conocido como varilla de extensi\u00f3n GPS, viene en tres colores:<\/span><\/p>\n<p class=\"pf0\"><span class=\"cf0\">Poste de extensi\u00f3n GPS \u2013 Amarillo<\/span><\/p>\n<p class=\"pf0\">Poste de extensi\u00f3n para GPS \u2013 Gris<\/p>\n<p class=\"pf0\"><span class=\"cf0\">Poste de extensi\u00f3n GPS \u2013 Verde<\/span><\/p>\n<p><!--EndFragment --><\/p>\n<p><img fetchpriority=\"high\" decoding=\"async\" class=\"aligncenter wp-image-3935\" src=\"https:\/\/mountlaser.com\/wp-content\/uploads\/2025\/11\/Extension-Pole3.webp\" alt=\"Extension Pole for GNSS\" width=\"500\" height=\"500\" srcset=\"https:\/\/mountlaser.com\/wp-content\/uploads\/2025\/11\/Extension-Pole3.webp 1000w, https:\/\/mountlaser.com\/wp-content\/uploads\/2025\/11\/Extension-Pole3-300x300.webp 300w, https:\/\/mountlaser.com\/wp-content\/uploads\/2025\/11\/Extension-Pole3-400x400.webp 400w, https:\/\/mountlaser.com\/wp-content\/uploads\/2025\/11\/Extension-Pole3-800x800.webp 800w, https:\/\/mountlaser.com\/wp-content\/uploads\/2025\/11\/Extension-Pole3-600x600.webp 600w, https:\/\/mountlaser.com\/wp-content\/uploads\/2025\/11\/Extension-Pole3-150x150.webp 150w, https:\/\/mountlaser.com\/wp-content\/uploads\/2025\/11\/Extension-Pole3-768x768.webp 768w, https:\/\/mountlaser.com\/wp-content\/uploads\/2025\/11\/Extension-Pole3-12x12.webp 12w\" sizes=\"(max-width: 500px) 100vw, 500px\" \/><\/p>\n<p><strong>Especificaciones del poste de extensi\u00f3n para GNSS<\/strong><\/p>\n<div>\n<table style=\"border-collapse: collapse; width: 1034.28pt;\" border=\"0\" width=\"1379\" cellspacing=\"0\" cellpadding=\"0\">\n<tbody>\n<tr style=\"height: 14.25pt;\">\n<td class=\"et2\" style=\"height: 14.25pt; width: 322.50pt;\" width=\"430\" height=\"19\">N\u00daMERO<\/td>\n<td class=\"et2\" style=\"width: 309.00pt;\" width=\"412\">MATERIAL<\/td>\n<td class=\"et2\" style=\"width: 88.50pt;\" width=\"118\">DI\u00c1METRO<\/td>\n<td class=\"et3\" style=\"width: 138.00pt;\" width=\"184\">LONGITUD<\/td>\n<td class=\"et2\" style=\"width: 176.25pt;\" width=\"235\">COLOR<\/td>\n<\/tr>\n<tr style=\"height: 14.25pt;\">\n<td class=\"et4\" style=\"height: 14.25pt;\" height=\"19\">EPA25-10YL<\/td>\n<td class=\"et5\">Aluminio<\/td>\n<td class=\"et4\">25 mm<\/td>\n<td class=\"et4\">10 cent\u00edmetros<\/td>\n<td class=\"et6\">YL\/GN\/GY<\/td>\n<\/tr>\n<tr style=\"height: 14.25pt;\">\n<td class=\"et6\" style=\"height: 14.25pt;\" height=\"19\">EPA32-10YL<\/td>\n<td class=\"et2\">Aluminio<\/td>\n<td class=\"et6\">32 mm<\/td>\n<td class=\"et6\">10 cent\u00edmetros<\/td>\n<td class=\"et6\">YL\/GN\/GY<\/td>\n<\/tr>\n<tr style=\"height: 14.25pt;\">\n<td class=\"et2\" style=\"height: 14.25pt;\" height=\"19\">EPC25-10<\/td>\n<td class=\"et6\">Fibra de carbono de primera calidad<\/td>\n<td class=\"et6\">25 mm<\/td>\n<td class=\"et7\">10 cent\u00edmetros<\/td>\n<td class=\"et6\">BK<\/td>\n<\/tr>\n<tr style=\"height: 14.25pt;\">\n<td class=\"et6\" style=\"height: 14.25pt;\" height=\"19\">EPC32-10<\/td>\n<td class=\"et6\">Fibra de carbono de primera calidad<\/td>\n<td class=\"et6\">32 mm<\/td>\n<td class=\"et7\">10 cent\u00edmetros<\/td>\n<td class=\"et6\">BK<\/td>\n<\/tr>\n<tr style=\"height: 14.25pt;\">\n<td class=\"et6\" style=\"height: 14.25pt;\" height=\"19\">EPTC32-10<\/td>\n<td class=\"et8\">100% Fibra de carbono Toray<\/td>\n<td class=\"et7\">32 mm<\/td>\n<td class=\"et7\">10 cent\u00edmetros<\/td>\n<td class=\"et6\">BK<\/td>\n<\/tr>\n<\/tbody>\n<\/table>\n<\/div>","protected":false},"excerpt":{"rendered":"<ul>\n<li>Roscas macho y hembra de 5\/8\u2033-11 para una compatibilidad vers\u00e1til con instrumentos<\/li>\n<li>Poste de extensi\u00f3n de aluminio duradero o construcci\u00f3n ligera de fibra de carbono<\/li>\n<li>M\u00faltiples opciones de color: amarillo, verde y gris para una mejor visibilidad.<\/li>\n<li>Dise\u00f1ado para alineaci\u00f3n de precisi\u00f3n en aplicaciones de medici\u00f3n l\u00e1ser y GNSS<\/li>\n<\/ul>","protected":false},"featured_media":3934,"comment_status":"open","ping_status":"closed","template":"","meta":[],"product_brand":[],"product_cat":[84,121],"product_tag":[],"class_list":{"0":"post-3932","1":"product","2":"type-product","3":"status-publish","4":"has-post-thumbnail","6":"product_cat-gnss-accessory","7":"product_cat-extension-pole","9":"first","10":"instock","11":"shipping-taxable","12":"product-type-simple"},"_links":{"self":[{"href":"https:\/\/mountlaser.com\/es\/wp-json\/wp\/v2\/product\/3932","targetHints":{"allow":["GET"]}}],"collection":[{"href":"https:\/\/mountlaser.com\/es\/wp-json\/wp\/v2\/product"}],"about":[{"href":"https:\/\/mountlaser.com\/es\/wp-json\/wp\/v2\/types\/product"}],"replies":[{"embeddable":true,"href":"https:\/\/mountlaser.com\/es\/wp-json\/wp\/v2\/comments?post=3932"}],"wp:featuredmedia":[{"embeddable":true,"href":"https:\/\/mountlaser.com\/es\/wp-json\/wp\/v2\/media\/3934"}],"wp:attachment":[{"href":"https:\/\/mountlaser.com\/es\/wp-json\/wp\/v2\/media?parent=3932"}],"wp:term":[{"taxonomy":"product_brand","embeddable":true,"href":"https:\/\/mountlaser.com\/es\/wp-json\/wp\/v2\/product_brand?post=3932"},{"taxonomy":"product_cat","embeddable":true,"href":"https:\/\/mountlaser.com\/es\/wp-json\/wp\/v2\/product_cat?post=3932"},{"taxonomy":"product_tag","embeddable":true,"href":"https:\/\/mountlaser.com\/es\/wp-json\/wp\/v2\/product_tag?post=3932"}],"curies":[{"name":"wp","href":"https:\/\/api.w.org\/{rel}","templated":true}]}}