{"id":3924,"date":"2025-11-10T09:28:22","date_gmt":"2025-11-10T09:28:22","guid":{"rendered":"https:\/\/mountlaser.com\/?post_type=product&#038;p=3924"},"modified":"2025-11-27T06:55:46","modified_gmt":"2025-11-27T06:55:46","slug":"dz460-aluminum-prism-pole","status":"publish","type":"product","link":"https:\/\/mountlaser.com\/es\/producto\/dz460-aluminum-prism-pole\/","title":{"rendered":"Poste de prisma de aluminio DZ460"},"content":{"rendered":"<p>Conozca la soluci\u00f3n definitiva para tareas topogr\u00e1ficas exigentes: el jal\u00f3n prism\u00e1tico de aluminio Mount Laser DZ460. Este jal\u00f3n premium...<a href=\"https:\/\/mountlaser.com\/es\/products\/\"><strong> Poste de prisma de aluminio port\u00e1til y ligero<\/strong> <\/a>Est\u00e1 dise\u00f1ado para profesionales que requieren un alcance extendido sin la carga de equipos pesados. Fabricado en aleaci\u00f3n de aluminio de alta resistencia, logra el equilibrio perfecto entre durabilidad excepcional y f\u00e1cil portabilidad, lo que lo hace ideal para largas jornadas en el campo y para el transporte a lugares de trabajo remotos.<\/p>\n<p>Experimente la comodidad de un jal\u00f3n prism\u00e1tico de aluminio port\u00e1til y verdaderamente ligero que no compromete la estabilidad. El DZ460 cuenta con un robusto mecanismo de bloqueo de aluminio que garantiza que cada secci\u00f3n permanezca firmemente fijada a la altura deseada para evitar deslizamientos y mantener la precisi\u00f3n de la medici\u00f3n. Viene equipado con una burbuja circular de 9 m para una medici\u00f3n precisa y un tubo interior con una escala de medici\u00f3n transparente para lecturas r\u00e1pidas. Con m\u00faltiples opciones de adaptadores para el montaje del prisma y una cubierta antideslizante de goma opcional para un agarre m\u00e1s seguro, el DZ460 se destaca como el jal\u00f3n prism\u00e1tico de aluminio port\u00e1til y ligero ideal para top\u00f3grafos que valoran la eficiencia, la fiabilidad y el rendimiento en cada proyecto.<\/p>\n<p><a href=\"https:\/\/mountlaser.com\/es\/contact-us\/\"><strong>Poste de prisma de aluminio DZ460<\/strong><\/a> Mide 4,6 m de largo.<br \/>\nPoste de prisma de aluminio DZ460<br \/>\nOPCI\u00d3N DE BLOQUEO: Disponible en cuatro tipos:<br \/>\nBloqueo giratorio<br \/>\nBloqueo de liberaci\u00f3n r\u00e1pida<br \/>\nBloqueo estilo GPS<br \/>\nBloqueo de compresi\u00f3n<\/p>\n<p>&nbsp;<\/p>\n<p><img fetchpriority=\"high\" decoding=\"async\" class=\"aligncenter wp-image-3928\" src=\"https:\/\/mountlaser.com\/wp-content\/uploads\/2025\/11\/DZ460GP5.webp\" alt=\"Lightweight Portable Aluminum Prism Pole\" width=\"500\" height=\"500\" srcset=\"https:\/\/mountlaser.com\/wp-content\/uploads\/2025\/11\/DZ460GP5.webp 1000w, https:\/\/mountlaser.com\/wp-content\/uploads\/2025\/11\/DZ460GP5-300x300.webp 300w, https:\/\/mountlaser.com\/wp-content\/uploads\/2025\/11\/DZ460GP5-400x400.webp 400w, https:\/\/mountlaser.com\/wp-content\/uploads\/2025\/11\/DZ460GP5-800x800.webp 800w, https:\/\/mountlaser.com\/wp-content\/uploads\/2025\/11\/DZ460GP5-600x600.webp 600w, https:\/\/mountlaser.com\/wp-content\/uploads\/2025\/11\/DZ460GP5-150x150.webp 150w, https:\/\/mountlaser.com\/wp-content\/uploads\/2025\/11\/DZ460GP5-768x768.webp 768w, https:\/\/mountlaser.com\/wp-content\/uploads\/2025\/11\/DZ460GP5-12x12.webp 12w\" sizes=\"(max-width: 500px) 100vw, 500px\" \/><\/p>\n<p>&nbsp;<\/p>\n<p><strong>Especificaciones del poste de prisma de aluminio DZ460<\/strong><\/p>\n<table style=\"border-collapse: collapse; width: 741.77pt;\" border=\"0\" width=\"989\" cellspacing=\"0\" cellpadding=\"0\">\n<tbody>\n<tr style=\"height: 14.25pt;\">\n<td class=\"et2\" style=\"height: 14.25pt; width: 142.50pt;\" width=\"190\" height=\"19\">N\u00daMERO<\/td>\n<td class=\"et2\" style=\"width: 127.50pt;\" width=\"170\">LONGITUD<\/td>\n<td class=\"et2\" style=\"width: 126.00pt;\" width=\"168\">MATERIAL<\/td>\n<td class=\"et2\" style=\"width: 135.00pt;\" width=\"180\">GRADUADOS<\/td>\n<td class=\"et2\" style=\"width: 124.50pt;\" width=\"166\">OPCI\u00d3N DE BLOQUEO<\/td>\n<td class=\"et2\" style=\"width: 86.25pt;\" width=\"115\">DI\u00c1METRO<\/td>\n<\/tr>\n<tr style=\"height: 14.25pt;\">\n<td class=\"et3\" style=\"height: 14.25pt;\" height=\"19\">DZ460<\/td>\n<td class=\"et4\">460 cm<\/td>\n<td class=\"et3\">Aluminio<\/td>\n<td class=\"et3\">Metro<\/td>\n<td class=\"et3\">TL\/QL\/GP\/CL<\/td>\n<td class=\"et3\">18\/25\/30\/36 mm<\/td>\n<\/tr>\n<\/tbody>\n<\/table>","protected":false},"excerpt":{"rendered":"<ul>\n<li>Extendido y port\u00e1til: ofrece un alcance generoso manteniendo un dise\u00f1o liviano para facilitar el transporte y el manejo.<\/li>\n<li>Sistema de bloqueo seguro: el mecanismo de bloqueo de aluminio duradero proporciona una configuraci\u00f3n s\u00f3lida y confiable en cualquier extensi\u00f3n.<\/li>\n<li>Precisi\u00f3n incorporada: cuenta con un vial circular de 30\u2032 y una escala de medici\u00f3n interna f\u00e1cil de leer para un ajuste de altura preciso.<\/li>\n<\/ul>","protected":false},"featured_media":3925,"comment_status":"open","ping_status":"closed","template":"","meta":[],"product_brand":[],"product_cat":[89,117],"product_tag":[],"class_list":{"0":"post-3924","1":"product","2":"type-product","3":"status-publish","4":"has-post-thumbnail","6":"product_cat-surveying-pole-rod","7":"product_cat-aluminum-prism-pole","9":"first","10":"instock","11":"shipping-taxable","12":"product-type-simple"},"_links":{"self":[{"href":"https:\/\/mountlaser.com\/es\/wp-json\/wp\/v2\/product\/3924","targetHints":{"allow":["GET"]}}],"collection":[{"href":"https:\/\/mountlaser.com\/es\/wp-json\/wp\/v2\/product"}],"about":[{"href":"https:\/\/mountlaser.com\/es\/wp-json\/wp\/v2\/types\/product"}],"replies":[{"embeddable":true,"href":"https:\/\/mountlaser.com\/es\/wp-json\/wp\/v2\/comments?post=3924"}],"wp:featuredmedia":[{"embeddable":true,"href":"https:\/\/mountlaser.com\/es\/wp-json\/wp\/v2\/media\/3925"}],"wp:attachment":[{"href":"https:\/\/mountlaser.com\/es\/wp-json\/wp\/v2\/media?parent=3924"}],"wp:term":[{"taxonomy":"product_brand","embeddable":true,"href":"https:\/\/mountlaser.com\/es\/wp-json\/wp\/v2\/product_brand?post=3924"},{"taxonomy":"product_cat","embeddable":true,"href":"https:\/\/mountlaser.com\/es\/wp-json\/wp\/v2\/product_cat?post=3924"},{"taxonomy":"product_tag","embeddable":true,"href":"https:\/\/mountlaser.com\/es\/wp-json\/wp\/v2\/product_tag?post=3924"}],"curies":[{"name":"wp","href":"https:\/\/api.w.org\/{rel}","templated":true}]}}