{"id":3915,"date":"2025-11-10T09:22:19","date_gmt":"2025-11-10T09:22:19","guid":{"rendered":"https:\/\/mountlaser.com\/?post_type=product&#038;p=3915"},"modified":"2025-11-27T06:58:21","modified_gmt":"2025-11-27T06:58:21","slug":"dz360-aluminum-prism-pole","status":"publish","type":"product","link":"https:\/\/mountlaser.com\/es\/producto\/dz360-aluminum-prism-pole\/","title":{"rendered":"Poste de prisma de aluminio DZ360"},"content":{"rendered":"<p>Ampl\u00ede sus capacidades de topograf\u00eda con el <a href=\"https:\/\/mountlaser.com\/es\/\">Montura l\u00e1ser DZ360<\/a>, Un poste telesc\u00f3pico de aluminio de alta calidad para topograf\u00eda, dise\u00f1ado para proyectos que requieren un alcance extendido sin sacrificar la estabilidad ni la precisi\u00f3n. Fabricado en aluminio de alta resistencia, este poste es excepcionalmente ligero y duradero, dise\u00f1ado para soportar el uso diario riguroso en diversos lugares de trabajo.<\/p>\n<p>El DZ360 ejemplifica el ideal <a href=\"https:\/\/mountlaser.com\/es\/about-us\/\"><strong>Poste de prisma de aluminio para estudio telesc\u00f3pico<\/strong><\/a>, que ofrece una longitud extendida generosa para abordar topograf\u00edas desafiantes y mediciones de puntos altos.<br \/>\n<a href=\"https:\/\/mountlaser.com\/es\/products\/\"><strong>Poste de prisma de aluminio DZ360<\/strong> <\/a>Mide 3,6 m de largo.<br \/>\nOpciones de bloqueo del poste de prisma de aluminio DZ360: Hay cuatro opciones disponibles: bloqueo giratorio, bloqueo de liberaci\u00f3n r\u00e1pida, bloqueo estilo GPS y bloqueo de compresi\u00f3n.<\/p>\n<p>Con caracter\u00edsticas profesionales como un vial circular de 30\u2032 para una plomer\u00eda precisa y una escala de medidor interno f\u00e1cil de leer, este poste agiliza su flujo de trabajo.<\/p>\n<p>&nbsp;<\/p>\n<p>&nbsp;<\/p>\n<p><img fetchpriority=\"high\" decoding=\"async\" class=\"aligncenter wp-image-3922\" src=\"https:\/\/mountlaser.com\/wp-content\/uploads\/2025\/11\/DZ360TL5.webp\" alt=\"Telescopic Survey Aluminum Prism Pole\" width=\"500\" height=\"500\" srcset=\"https:\/\/mountlaser.com\/wp-content\/uploads\/2025\/11\/DZ360TL5.webp 1000w, https:\/\/mountlaser.com\/wp-content\/uploads\/2025\/11\/DZ360TL5-300x300.webp 300w, https:\/\/mountlaser.com\/wp-content\/uploads\/2025\/11\/DZ360TL5-400x400.webp 400w, https:\/\/mountlaser.com\/wp-content\/uploads\/2025\/11\/DZ360TL5-800x800.webp 800w, https:\/\/mountlaser.com\/wp-content\/uploads\/2025\/11\/DZ360TL5-600x600.webp 600w, https:\/\/mountlaser.com\/wp-content\/uploads\/2025\/11\/DZ360TL5-150x150.webp 150w, https:\/\/mountlaser.com\/wp-content\/uploads\/2025\/11\/DZ360TL5-768x768.webp 768w, https:\/\/mountlaser.com\/wp-content\/uploads\/2025\/11\/DZ360TL5-12x12.webp 12w\" sizes=\"(max-width: 500px) 100vw, 500px\" \/><\/p>\n<p>&nbsp;<\/p>\n<p><strong>Especificaciones del poste de prisma de aluminio DZ360<\/strong><\/p>\n<table style=\"border-collapse: collapse; width: 741.77pt;\" border=\"0\" width=\"989\" cellspacing=\"0\" cellpadding=\"0\">\n<tbody>\n<tr style=\"height: 14.25pt;\">\n<td class=\"et2\" style=\"height: 14.25pt; width: 142.50pt;\" width=\"190\" height=\"19\">N\u00daMERO<\/td>\n<td class=\"et2\" style=\"width: 127.50pt;\" width=\"170\">LONGITUD<\/td>\n<td class=\"et2\" style=\"width: 126.00pt;\" width=\"168\">MATERIAL<\/td>\n<td class=\"et2\" style=\"width: 135.00pt;\" width=\"180\">GRADUADOS<\/td>\n<td class=\"et2\" style=\"width: 124.50pt;\" width=\"166\">OPCI\u00d3N DE BLOQUEO<\/td>\n<td class=\"et2\" style=\"width: 86.25pt;\" width=\"115\">DI\u00c1METRO<\/td>\n<\/tr>\n<tr style=\"height: 14.25pt;\">\n<td class=\"et3\" style=\"height: 14.25pt;\" height=\"19\">DZ360<\/td>\n<td class=\"et4\">360 cm<\/td>\n<td class=\"et3\">Aluminio<\/td>\n<td class=\"et3\">Metro<\/td>\n<td class=\"et3\">TL\/QL\/GP\/CL<\/td>\n<td class=\"et3\">18\/25\/30 mm<\/td>\n<\/tr>\n<\/tbody>\n<\/table>","protected":false},"excerpt":{"rendered":"<ul>\n<li>Integrado para precisi\u00f3n: equipado con un vial circular de 30\u2032 y una escala de medidor interna transparente para una lectura y plomer\u00eda precisas.<\/li>\n<li>Dise\u00f1o centrado en el usuario: cubierta antideslizante de goma opcional y m\u00faltiples opciones de adaptadores para mayor comodidad y versatilidad.<\/li>\n<\/ul>","protected":false},"featured_media":3916,"comment_status":"open","ping_status":"closed","template":"","meta":[],"product_brand":[],"product_cat":[89,117],"product_tag":[],"class_list":{"0":"post-3915","1":"product","2":"type-product","3":"status-publish","4":"has-post-thumbnail","6":"product_cat-surveying-pole-rod","7":"product_cat-aluminum-prism-pole","9":"first","10":"instock","11":"shipping-taxable","12":"product-type-simple"},"_links":{"self":[{"href":"https:\/\/mountlaser.com\/es\/wp-json\/wp\/v2\/product\/3915","targetHints":{"allow":["GET"]}}],"collection":[{"href":"https:\/\/mountlaser.com\/es\/wp-json\/wp\/v2\/product"}],"about":[{"href":"https:\/\/mountlaser.com\/es\/wp-json\/wp\/v2\/types\/product"}],"replies":[{"embeddable":true,"href":"https:\/\/mountlaser.com\/es\/wp-json\/wp\/v2\/comments?post=3915"}],"wp:featuredmedia":[{"embeddable":true,"href":"https:\/\/mountlaser.com\/es\/wp-json\/wp\/v2\/media\/3916"}],"wp:attachment":[{"href":"https:\/\/mountlaser.com\/es\/wp-json\/wp\/v2\/media?parent=3915"}],"wp:term":[{"taxonomy":"product_brand","embeddable":true,"href":"https:\/\/mountlaser.com\/es\/wp-json\/wp\/v2\/product_brand?post=3915"},{"taxonomy":"product_cat","embeddable":true,"href":"https:\/\/mountlaser.com\/es\/wp-json\/wp\/v2\/product_cat?post=3915"},{"taxonomy":"product_tag","embeddable":true,"href":"https:\/\/mountlaser.com\/es\/wp-json\/wp\/v2\/product_tag?post=3915"}],"curies":[{"name":"wp","href":"https:\/\/api.w.org\/{rel}","templated":true}]}}