{"id":3904,"date":"2025-11-10T09:15:46","date_gmt":"2025-11-10T09:15:46","guid":{"rendered":"https:\/\/mountlaser.com\/?post_type=product&#038;p=3904"},"modified":"2025-11-27T07:00:10","modified_gmt":"2025-11-27T07:00:10","slug":"dz260-aluminum-prism-pole","status":"publish","type":"product","link":"https:\/\/mountlaser.com\/es\/producto\/dz260-aluminum-prism-pole\/","title":{"rendered":"Poste de prisma de aluminio DZ260"},"content":{"rendered":"<p>Consiga una estabilidad y eficiencia incomparables en sus proyectos de topograf\u00eda con Mount Laser<a href=\"https:\/\/mountlaser.com\/es\/\"><strong> Poste de prisma de aluminio DZ260<\/strong><\/a>. Dise\u00f1ado para el profesional que exige precisi\u00f3n y durabilidad, este bast\u00f3n est\u00e1 fabricado con aluminio de alta resistencia, ofreciendo un equilibrio perfecto entre un marco liviano y una construcci\u00f3n robusta para uso diario en el campo.<\/p>\n<p>La clave de la fiabilidad del DZ260 reside en su innovador mecanismo de bloqueo por compresi\u00f3n de aluminio. Este avanzado sistema de bloqueo proporciona una sujeci\u00f3n extremadamente segura y r\u00edgida en cualquier extensi\u00f3n deseada, evitando eficazmente el deslizamiento y garantizando que el prisma se mantenga perfectamente estable para obtener mediciones precisas.<\/p>\n<p>Adem\u00e1s de su mecanismo de bloqueo superior, el DZ260 est\u00e1 equipado con una burbuja circular de 9 m para facilitar la instalaci\u00f3n y un tubo interior con una escala m\u00e9trica clara para lecturas de altura instant\u00e1neas. Con m\u00faltiples opciones de adaptador para el montaje del prisma y una cubierta antideslizante de goma opcional para un agarre m\u00e1s seguro, este bast\u00f3n est\u00e1 dise\u00f1ado para brindar versatilidad y comodidad al usuario. Al elegir el Mount Laser DZ260, no solo adquiere una herramienta; invierte en la herramienta definitiva. <a href=\"https:\/\/mountlaser.com\/es\/products\/\"><strong>Poste de prisma de aluminio con bloqueo de compresi\u00f3n<\/strong><\/a> Soluci\u00f3n dise\u00f1ada para brindar precisi\u00f3n y longevidad.<\/p>\n<p>&nbsp;<\/p>\n<p><img fetchpriority=\"high\" decoding=\"async\" class=\"aligncenter wp-image-3910\" src=\"https:\/\/mountlaser.com\/wp-content\/uploads\/2025\/11\/DZ260GP3.webp\" alt=\"Aluminum Compression-Lock Prism Pole\" width=\"500\" height=\"500\" srcset=\"https:\/\/mountlaser.com\/wp-content\/uploads\/2025\/11\/DZ260GP3.webp 1000w, https:\/\/mountlaser.com\/wp-content\/uploads\/2025\/11\/DZ260GP3-300x300.webp 300w, https:\/\/mountlaser.com\/wp-content\/uploads\/2025\/11\/DZ260GP3-400x400.webp 400w, https:\/\/mountlaser.com\/wp-content\/uploads\/2025\/11\/DZ260GP3-800x800.webp 800w, https:\/\/mountlaser.com\/wp-content\/uploads\/2025\/11\/DZ260GP3-600x600.webp 600w, https:\/\/mountlaser.com\/wp-content\/uploads\/2025\/11\/DZ260GP3-150x150.webp 150w, https:\/\/mountlaser.com\/wp-content\/uploads\/2025\/11\/DZ260GP3-768x768.webp 768w, https:\/\/mountlaser.com\/wp-content\/uploads\/2025\/11\/DZ260GP3-12x12.webp 12w\" sizes=\"(max-width: 500px) 100vw, 500px\" \/><\/p>\n<p><a href=\"https:\/\/mountlaser.com\/es\/contact-us\/\">Poste de prisma de aluminio DZ260<\/a> Opciones de bloqueo: Hay cuatro opciones disponibles: bloqueo giratorio, bloqueo de liberaci\u00f3n r\u00e1pida, bloqueo estilo GPS y bloqueo de compresi\u00f3n.<\/p>\n<p><strong>Especificaciones del poste de prisma de aluminio DZ260<\/strong><\/p>\n<table style=\"border-collapse: collapse; width: 741.77pt;\" border=\"0\" width=\"989\" cellspacing=\"0\" cellpadding=\"0\">\n<tbody>\n<tr style=\"height: 14.25pt;\">\n<td class=\"et2\" style=\"height: 14.25pt; width: 142.50pt;\" width=\"190\" height=\"19\">N\u00daMERO<\/td>\n<td class=\"et2\" style=\"width: 127.50pt;\" width=\"170\">LONGITUD<\/td>\n<td class=\"et2\" style=\"width: 126.00pt;\" width=\"168\">MATERIAL<\/td>\n<td class=\"et2\" style=\"width: 135.00pt;\" width=\"180\">GRADUADOS<\/td>\n<td class=\"et2\" style=\"width: 124.50pt;\" width=\"166\">OPCI\u00d3N DE BLOQUEO<\/td>\n<td class=\"et2\" style=\"width: 86.25pt;\" width=\"115\">DI\u00c1METRO<\/td>\n<\/tr>\n<tr style=\"height: 14.25pt;\">\n<td class=\"et3\" style=\"height: 14.25pt;\" height=\"19\">DZ260<\/td>\n<td class=\"et4\">260 cent\u00edmetros<\/td>\n<td class=\"et3\">Aluminio<\/td>\n<td class=\"et3\">Metro<\/td>\n<td class=\"et3\">TL\/QL\/GP\/CL<\/td>\n<td class=\"et3\">25\/30 mm<\/td>\n<\/tr>\n<\/tbody>\n<\/table>","protected":false},"excerpt":{"rendered":"<ul>\n<li>Seguridad de bloqueo por compresi\u00f3n: cuenta con un mecanismo de bloqueo por compresi\u00f3n de aluminio confiable para una instalaci\u00f3n r\u00e1pida, segura y antideslizante.<\/li>\n<li>Herramientas de precisi\u00f3n integradas: viene con un vial circular de 30\u2032 y una escala de medidor de tubo interior para ajuste y lectura de altura precisos.<\/li>\n<li>Compatibilidad vers\u00e1til: opciones de adaptador disponibles para montar una amplia gama de prismas.<\/li>\n<\/ul>","protected":false},"featured_media":3913,"comment_status":"open","ping_status":"closed","template":"","meta":[],"product_brand":[],"product_cat":[89,117],"product_tag":[],"class_list":{"0":"post-3904","1":"product","2":"type-product","3":"status-publish","4":"has-post-thumbnail","6":"product_cat-surveying-pole-rod","7":"product_cat-aluminum-prism-pole","9":"first","10":"instock","11":"shipping-taxable","12":"product-type-simple"},"_links":{"self":[{"href":"https:\/\/mountlaser.com\/es\/wp-json\/wp\/v2\/product\/3904","targetHints":{"allow":["GET"]}}],"collection":[{"href":"https:\/\/mountlaser.com\/es\/wp-json\/wp\/v2\/product"}],"about":[{"href":"https:\/\/mountlaser.com\/es\/wp-json\/wp\/v2\/types\/product"}],"replies":[{"embeddable":true,"href":"https:\/\/mountlaser.com\/es\/wp-json\/wp\/v2\/comments?post=3904"}],"wp:featuredmedia":[{"embeddable":true,"href":"https:\/\/mountlaser.com\/es\/wp-json\/wp\/v2\/media\/3913"}],"wp:attachment":[{"href":"https:\/\/mountlaser.com\/es\/wp-json\/wp\/v2\/media?parent=3904"}],"wp:term":[{"taxonomy":"product_brand","embeddable":true,"href":"https:\/\/mountlaser.com\/es\/wp-json\/wp\/v2\/product_brand?post=3904"},{"taxonomy":"product_cat","embeddable":true,"href":"https:\/\/mountlaser.com\/es\/wp-json\/wp\/v2\/product_cat?post=3904"},{"taxonomy":"product_tag","embeddable":true,"href":"https:\/\/mountlaser.com\/es\/wp-json\/wp\/v2\/product_tag?post=3904"}],"curies":[{"name":"wp","href":"https:\/\/api.w.org\/{rel}","templated":true}]}}