{"id":3897,"date":"2025-11-10T08:59:20","date_gmt":"2025-11-10T08:59:20","guid":{"rendered":"https:\/\/mountlaser.com\/?post_type=product&#038;p=3897"},"modified":"2025-11-27T06:46:46","modified_gmt":"2025-11-27T06:46:46","slug":"dz215-aluminum-prism-pole","status":"publish","type":"product","link":"https:\/\/mountlaser.com\/es\/producto\/dz215-aluminum-prism-pole\/","title":{"rendered":"Poste de prisma de aluminio DZ215"},"content":{"rendered":"<p>Aumente la eficiencia de sus mediciones topogr\u00e1ficas con el <a href=\"https:\/\/mountlaser.com\/es\/\"><strong>Soporte para l\u00e1ser DZ215, poste de prisma de aluminio<\/strong><\/a>, Dise\u00f1ado para profesionales que no sacrifican velocidad, durabilidad ni precisi\u00f3n. Fabricado en aluminio de alta resistencia, este poste logra el equilibrio perfecto entre ligereza y robustez, lo que garantiza su resistencia al uso diario en cualquier lugar de trabajo.<\/p>\n<p>Una caracter\u00edstica clave que distingue al DZ215 es la disponibilidad del mecanismo de bloqueo del poste prism\u00e1tico de aluminio de liberaci\u00f3n r\u00e1pida. Esta innovadora opci\u00f3n permite un ajuste r\u00e1pido de la altura y un bloqueo seguro en segundos, lo que reduce dr\u00e1sticamente el tiempo de configuraci\u00f3n y aumenta su productividad general. Ya sea que trabaje en dise\u00f1os de construcci\u00f3n de ritmo r\u00e1pido o en levantamientos topogr\u00e1ficos detallados, la eficiencia de un <a href=\"https:\/\/mountlaser.com\/es\/categoria-producto\/surveying-pole-rod\/aluminum-prism-pole\/\"><strong>Poste de prisma de aluminio de liberaci\u00f3n r\u00e1pida<\/strong><\/a> es inigualable.<\/p>\n<p>El DZ215 est\u00e1 cuidadosamente equipado con una burbuja circular de 9 m para facilitar la plomada y un tubo interior con una escala m\u00e9trica clara para lecturas de altura r\u00e1pidas. Para una m\u00e1xima versatilidad y una configuraci\u00f3n a prueba de futuro, ofrece m\u00faltiples opciones de adaptadores de montaje para prismas. La cubierta antideslizante de goma garantiza un agarre firme y c\u00f3modo en cualquier condici\u00f3n. Al elegir el DZ215 con el bloqueo de liberaci\u00f3n r\u00e1pida para poste de prisma de aluminio, no solo compra una herramienta, sino que invierte en un flujo de trabajo optimizado.<\/p>\n<p><a href=\"https:\/\/mountlaser.com\/es\/contact-us\/\">Poste de prisma de aluminio DZ215<\/a> Opci\u00f3n de bloqueo: Disponible en tres tipos:<br \/>\nBloqueo giratorio<br \/>\nBloqueo de liberaci\u00f3n r\u00e1pida<br \/>\nBloqueo estilo GPS<\/p>\n<p><img fetchpriority=\"high\" decoding=\"async\" class=\"aligncenter wp-image-3899\" src=\"https:\/\/mountlaser.com\/wp-content\/uploads\/2025\/11\/DZ215GP-5.webp\" alt=\"Quick Release Aluminum Prism Pole\" width=\"500\" height=\"500\" srcset=\"https:\/\/mountlaser.com\/wp-content\/uploads\/2025\/11\/DZ215GP-5.webp 1000w, https:\/\/mountlaser.com\/wp-content\/uploads\/2025\/11\/DZ215GP-5-300x300.webp 300w, https:\/\/mountlaser.com\/wp-content\/uploads\/2025\/11\/DZ215GP-5-400x400.webp 400w, https:\/\/mountlaser.com\/wp-content\/uploads\/2025\/11\/DZ215GP-5-800x800.webp 800w, https:\/\/mountlaser.com\/wp-content\/uploads\/2025\/11\/DZ215GP-5-600x600.webp 600w, https:\/\/mountlaser.com\/wp-content\/uploads\/2025\/11\/DZ215GP-5-150x150.webp 150w, https:\/\/mountlaser.com\/wp-content\/uploads\/2025\/11\/DZ215GP-5-768x768.webp 768w, https:\/\/mountlaser.com\/wp-content\/uploads\/2025\/11\/DZ215GP-5-12x12.webp 12w\" sizes=\"(max-width: 500px) 100vw, 500px\" \/><\/p>\n<p><strong>Especificaciones del poste de prisma de aluminio DZ215:<\/strong><\/p>\n<table style=\"border-collapse: collapse; width: 741.77pt;\" border=\"0\" width=\"989\" cellspacing=\"0\" cellpadding=\"0\">\n<tbody>\n<tr style=\"height: 14.25pt;\">\n<td class=\"et2\" style=\"height: 14.25pt; width: 142.50pt;\" width=\"190\" height=\"19\">N\u00daMERO<\/td>\n<td class=\"et2\" style=\"width: 127.50pt;\" width=\"170\">LONGITUD<\/td>\n<td class=\"et2\" style=\"width: 126.00pt;\" width=\"168\">MATERIAL<\/td>\n<td class=\"et2\" style=\"width: 135.00pt;\" width=\"180\">GRADUADOS<\/td>\n<td class=\"et2\" style=\"width: 124.50pt;\" width=\"166\">OPCI\u00d3N DE BLOQUEO<\/td>\n<td class=\"et2\" style=\"width: 86.25pt;\" width=\"115\">DI\u00c1METRO<\/td>\n<\/tr>\n<tr style=\"height: 14.25pt;\">\n<td class=\"et3\" style=\"height: 14.25pt;\" height=\"19\">DZ215<\/td>\n<td class=\"et4\">215 cent\u00edmetros<\/td>\n<td class=\"et3\">Aluminio<\/td>\n<td class=\"et3\">Metro<\/td>\n<td class=\"et3\">TL\/QL\/GP<\/td>\n<td class=\"et3\">25\/30 mm<\/td>\n<\/tr>\n<\/tbody>\n<\/table>","protected":false},"excerpt":{"rendered":"<ul>\n<li>Fabricado en aluminio de alta resistencia para uso durante todo el d\u00eda sin fatiga.<\/li>\n<li>Precisi\u00f3n incorporada: cuenta con un vial circular de 30\u2032 y una escala de medici\u00f3n interna f\u00e1cil de leer para una configuraci\u00f3n precisa.<\/li>\n<li>Compatible con varios adaptadores de prisma para adaptarse a su equipo espec\u00edfico.<\/li>\n<\/ul>","protected":false},"featured_media":3898,"comment_status":"open","ping_status":"closed","template":"","meta":[],"product_brand":[],"product_cat":[89,117],"product_tag":[],"class_list":{"0":"post-3897","1":"product","2":"type-product","3":"status-publish","4":"has-post-thumbnail","6":"product_cat-surveying-pole-rod","7":"product_cat-aluminum-prism-pole","9":"first","10":"instock","11":"shipping-taxable","12":"product-type-simple"},"_links":{"self":[{"href":"https:\/\/mountlaser.com\/es\/wp-json\/wp\/v2\/product\/3897","targetHints":{"allow":["GET"]}}],"collection":[{"href":"https:\/\/mountlaser.com\/es\/wp-json\/wp\/v2\/product"}],"about":[{"href":"https:\/\/mountlaser.com\/es\/wp-json\/wp\/v2\/types\/product"}],"replies":[{"embeddable":true,"href":"https:\/\/mountlaser.com\/es\/wp-json\/wp\/v2\/comments?post=3897"}],"wp:featuredmedia":[{"embeddable":true,"href":"https:\/\/mountlaser.com\/es\/wp-json\/wp\/v2\/media\/3898"}],"wp:attachment":[{"href":"https:\/\/mountlaser.com\/es\/wp-json\/wp\/v2\/media?parent=3897"}],"wp:term":[{"taxonomy":"product_brand","embeddable":true,"href":"https:\/\/mountlaser.com\/es\/wp-json\/wp\/v2\/product_brand?post=3897"},{"taxonomy":"product_cat","embeddable":true,"href":"https:\/\/mountlaser.com\/es\/wp-json\/wp\/v2\/product_cat?post=3897"},{"taxonomy":"product_tag","embeddable":true,"href":"https:\/\/mountlaser.com\/es\/wp-json\/wp\/v2\/product_tag?post=3897"}],"curies":[{"name":"wp","href":"https:\/\/api.w.org\/{rel}","templated":true}]}}