{"id":3852,"date":"2025-11-10T07:55:06","date_gmt":"2025-11-10T07:55:06","guid":{"rendered":"https:\/\/mountlaser.com\/?post_type=product&#038;p=3852"},"modified":"2025-11-27T06:43:52","modified_gmt":"2025-11-27T06:43:52","slug":"plastic-scanner-sphere","status":"publish","type":"product","link":"https:\/\/mountlaser.com\/es\/producto\/plastic-scanner-sphere\/","title":{"rendered":"Esfera de esc\u00e1ner de pl\u00e1stico"},"content":{"rendered":"<p>El <a href=\"https:\/\/mountlaser.com\/es\/\"><strong>Esfera de referencia del esc\u00e1ner l\u00e1ser<\/strong> <\/a>Es un objetivo ligero y de alta precisi\u00f3n dise\u00f1ado para aplicaciones precisas de escaneo y alineaci\u00f3n 3D. Dise\u00f1ado para flujos de trabajo profesionales de topograf\u00eda, ingenier\u00eda y construcci\u00f3n, estos... <a href=\"https:\/\/mountlaser.com\/es\/products\/\"><strong>esferas de esc\u00e1ner de pl\u00e1stico<\/strong><\/a> Garantizar puntos de referencia fiables en entornos de escaneo l\u00e1ser donde la precisi\u00f3n y la estabilidad son fundamentales.<\/p>\n<p>La serie de esferas de referencia para esc\u00e1neres l\u00e1ser incluye dos modelos: el N66203 y el N66901, ambos dise\u00f1ados con precisi\u00f3n para ofrecer un rendimiento excepcional y comodidad de uso. El modelo N66203, fabricado en pl\u00e1stico resistente, ofrece una desviaci\u00f3n admisible inferior a 1,5 mm e incorpora dos soportes roscados M8, lo que ofrece opciones de instalaci\u00f3n flexibles en diferentes configuraciones de escaneo. El modelo N66901 incluye una base magn\u00e9tica compacta de \u00d820 mm (0,8 pulgadas), que permite una fijaci\u00f3n r\u00e1pida y estable a superficies met\u00e1licas para operaciones de campo eficientes.<\/p>\n<p><img fetchpriority=\"high\" decoding=\"async\" class=\"aligncenter wp-image-3875\" src=\"https:\/\/mountlaser.com\/wp-content\/uploads\/2025\/11\/Scanner-Spheres5.webp\" alt=\"Laser Scanner Reference Sphere\" width=\"500\" height=\"500\" srcset=\"https:\/\/mountlaser.com\/wp-content\/uploads\/2025\/11\/Scanner-Spheres5.webp 1000w, https:\/\/mountlaser.com\/wp-content\/uploads\/2025\/11\/Scanner-Spheres5-300x300.webp 300w, https:\/\/mountlaser.com\/wp-content\/uploads\/2025\/11\/Scanner-Spheres5-400x400.webp 400w, https:\/\/mountlaser.com\/wp-content\/uploads\/2025\/11\/Scanner-Spheres5-800x800.webp 800w, https:\/\/mountlaser.com\/wp-content\/uploads\/2025\/11\/Scanner-Spheres5-600x600.webp 600w, https:\/\/mountlaser.com\/wp-content\/uploads\/2025\/11\/Scanner-Spheres5-150x150.webp 150w, https:\/\/mountlaser.com\/wp-content\/uploads\/2025\/11\/Scanner-Spheres5-768x768.webp 768w, https:\/\/mountlaser.com\/wp-content\/uploads\/2025\/11\/Scanner-Spheres5-12x12.webp 12w\" sizes=\"(max-width: 500px) 100vw, 500px\" \/><\/p>\n<p>Estos <a href=\"https:\/\/mountlaser.com\/es\/contact-us\/\">Esferas de referencia para esc\u00e1neres l\u00e1ser<\/a> Son ideales para tareas de referencia, registro y alineaci\u00f3n en proyectos de escaneo l\u00e1ser. Su construcci\u00f3n ligera y tolerancias precisas los convierten en una excelente opci\u00f3n para cartograf\u00eda m\u00f3vil, modelado de informaci\u00f3n de construcci\u00f3n (BIM) e inspecci\u00f3n industrial.<\/p>","protected":false},"excerpt":{"rendered":"<ul>\n<li>Alta precisi\u00f3n: mediciones de referencia precisas<\/li>\n<li>Ligero y duradero: fabricado con pl\u00e1stico de alta calidad para facilitar su manipulaci\u00f3n y transporte.<\/li>\n<li>Instalaci\u00f3n flexible: soportes roscados dobles M8 (N66203) o base magn\u00e9tica (N66901) para m\u00faltiples opciones de montaje<\/li>\n<li>Punto de referencia estable: perfecto para usar con esc\u00e1neres l\u00e1ser terrestres y sistemas de im\u00e1genes 3D<\/li>\n<\/ul>","protected":false},"featured_media":3873,"comment_status":"open","ping_status":"closed","template":"","meta":[],"product_brand":[],"product_cat":[80,119],"product_tag":[],"class_list":{"0":"post-3852","1":"product","2":"type-product","3":"status-publish","4":"has-post-thumbnail","6":"product_cat-scanner-sphere-target-laser-scanning","7":"product_cat-scanner-sphere-with-integrated-prism","9":"first","10":"instock","11":"shipping-taxable","12":"product-type-simple"},"_links":{"self":[{"href":"https:\/\/mountlaser.com\/es\/wp-json\/wp\/v2\/product\/3852","targetHints":{"allow":["GET"]}}],"collection":[{"href":"https:\/\/mountlaser.com\/es\/wp-json\/wp\/v2\/product"}],"about":[{"href":"https:\/\/mountlaser.com\/es\/wp-json\/wp\/v2\/types\/product"}],"replies":[{"embeddable":true,"href":"https:\/\/mountlaser.com\/es\/wp-json\/wp\/v2\/comments?post=3852"}],"wp:featuredmedia":[{"embeddable":true,"href":"https:\/\/mountlaser.com\/es\/wp-json\/wp\/v2\/media\/3873"}],"wp:attachment":[{"href":"https:\/\/mountlaser.com\/es\/wp-json\/wp\/v2\/media?parent=3852"}],"wp:term":[{"taxonomy":"product_brand","embeddable":true,"href":"https:\/\/mountlaser.com\/es\/wp-json\/wp\/v2\/product_brand?post=3852"},{"taxonomy":"product_cat","embeddable":true,"href":"https:\/\/mountlaser.com\/es\/wp-json\/wp\/v2\/product_cat?post=3852"},{"taxonomy":"product_tag","embeddable":true,"href":"https:\/\/mountlaser.com\/es\/wp-json\/wp\/v2\/product_tag?post=3852"}],"curies":[{"name":"wp","href":"https:\/\/api.w.org\/{rel}","templated":true}]}}