{"id":3851,"date":"2025-11-10T07:21:43","date_gmt":"2025-11-10T07:21:43","guid":{"rendered":"https:\/\/mountlaser.com\/?post_type=product&#038;p=3851"},"modified":"2025-11-27T06:53:31","modified_gmt":"2025-11-27T06:53:31","slug":"bp004-scanner-sphere","status":"publish","type":"product","link":"https:\/\/mountlaser.com\/es\/producto\/bp004-scanner-sphere\/","title":{"rendered":"Esc\u00e1ner esf\u00e9rico BP004"},"content":{"rendered":"<p>El <a href=\"https:\/\/mountlaser.com\/es\/\"><strong>Escaneo de esfera con prisma<\/strong><\/a> Es un objetivo de topograf\u00eda y escaneo 3D de calidad profesional, dise\u00f1ado para una precisi\u00f3n y versatilidad inigualables. Dise\u00f1ado para un uso dual, el<a href=\"https:\/\/mountlaser.com\/es\/about-us\/\"><strong> Esfera de escaneo con prisma integrado<\/strong><\/a> Permite un funcionamiento perfecto tanto con esc\u00e1neres l\u00e1ser como con estaciones totales, garantizando una alineaci\u00f3n y precisi\u00f3n perfectas en cada tarea de medici\u00f3n.<\/p>\n<p>Esta esfera de escaneo de 100 mm (3,94 pulgadas) con prisma incorpora un prisma reflectante de 64,5 mm centrado con precisi\u00f3n, lo que garantiza que el centro geom\u00e9trico de la esfera se alinee exactamente con el centro \u00f3ptico del prisma. Este dise\u00f1o integrado proporciona una referencia fiable desde cualquier direcci\u00f3n de escaneo, ofreciendo resultados consistentes en aplicaciones de topograf\u00eda e ingenier\u00eda de alta precisi\u00f3n.<\/p>\n<p><img fetchpriority=\"high\" decoding=\"async\" class=\"aligncenter wp-image-3844 size-medium\" src=\"https:\/\/mountlaser.com\/wp-content\/uploads\/2025\/11\/3-10BP0043-300x300.webp\" alt=\"BP004 scanning sphere with prism\" width=\"300\" height=\"300\" srcset=\"https:\/\/mountlaser.com\/wp-content\/uploads\/2025\/11\/3-10BP0043-300x300.webp 300w, https:\/\/mountlaser.com\/wp-content\/uploads\/2025\/11\/3-10BP0043-400x400.webp 400w, https:\/\/mountlaser.com\/wp-content\/uploads\/2025\/11\/3-10BP0043-800x800.webp 800w, https:\/\/mountlaser.com\/wp-content\/uploads\/2025\/11\/3-10BP0043-600x600.webp 600w, https:\/\/mountlaser.com\/wp-content\/uploads\/2025\/11\/3-10BP0043-150x150.webp 150w, https:\/\/mountlaser.com\/wp-content\/uploads\/2025\/11\/3-10BP0043-768x768.webp 768w, https:\/\/mountlaser.com\/wp-content\/uploads\/2025\/11\/3-10BP0043-12x12.webp 12w, https:\/\/mountlaser.com\/wp-content\/uploads\/2025\/11\/3-10BP0043.webp 1000w\" sizes=\"(max-width: 300px) 100vw, 300px\" \/><\/p>\n<p>Fabricada en pl\u00e1stico resistente con una superficie perfectamente esf\u00e9rica, la esfera de escaneo con prisma garantiza una captura precisa de datos 3D desde cualquier \u00e1ngulo de visi\u00f3n. Disponible en dos versiones: <a href=\"https:\/\/mountlaser.com\/es\/contact-us\/\">BP004A<\/a> (con bloqueo para adaptador de liberaci\u00f3n r\u00e1pida estilo suizo) y BP004B (con bloqueo de liberaci\u00f3n r\u00e1pida): se adapta perfectamente a configuraciones de escaneo profesionales.<\/p>","protected":false},"excerpt":{"rendered":"<ul>\n<li>Dise\u00f1o de doble funci\u00f3n: combina una esfera reflectante y un prisma centrado de 64,5 mm para compatibilidad con esc\u00e1neres l\u00e1ser y estaciones totales.<\/li>\n<li>Alineaci\u00f3n de precisi\u00f3n: el prisma est\u00e1 perfectamente alineado con el centro geom\u00e9trico de la esfera para una precisi\u00f3n superior<\/li>\n<li>Alta precisi\u00f3n desde cualquier \u00e1ngulo: permite el escaneo y la medici\u00f3n 3D con un error de configuraci\u00f3n m\u00ednimo<\/li>\n<li>Construcci\u00f3n duradera: hecha de pl\u00e1stico de primera calidad para mayor resistencia y estabilidad.<\/li>\n<li>Opciones de montaje flexibles: Compatible con sistemas de liberaci\u00f3n r\u00e1pida de estilo suizo (modelos BP004A \/ BP004B)<\/li>\n<\/ul>","protected":false},"featured_media":3844,"comment_status":"open","ping_status":"closed","template":"","meta":[],"product_brand":[],"product_cat":[80,119],"product_tag":[],"class_list":{"0":"post-3851","1":"product","2":"type-product","3":"status-publish","4":"has-post-thumbnail","6":"product_cat-scanner-sphere-target-laser-scanning","7":"product_cat-scanner-sphere-with-integrated-prism","9":"first","10":"instock","11":"shipping-taxable","12":"product-type-simple"},"_links":{"self":[{"href":"https:\/\/mountlaser.com\/es\/wp-json\/wp\/v2\/product\/3851","targetHints":{"allow":["GET"]}}],"collection":[{"href":"https:\/\/mountlaser.com\/es\/wp-json\/wp\/v2\/product"}],"about":[{"href":"https:\/\/mountlaser.com\/es\/wp-json\/wp\/v2\/types\/product"}],"replies":[{"embeddable":true,"href":"https:\/\/mountlaser.com\/es\/wp-json\/wp\/v2\/comments?post=3851"}],"wp:featuredmedia":[{"embeddable":true,"href":"https:\/\/mountlaser.com\/es\/wp-json\/wp\/v2\/media\/3844"}],"wp:attachment":[{"href":"https:\/\/mountlaser.com\/es\/wp-json\/wp\/v2\/media?parent=3851"}],"wp:term":[{"taxonomy":"product_brand","embeddable":true,"href":"https:\/\/mountlaser.com\/es\/wp-json\/wp\/v2\/product_brand?post=3851"},{"taxonomy":"product_cat","embeddable":true,"href":"https:\/\/mountlaser.com\/es\/wp-json\/wp\/v2\/product_cat?post=3851"},{"taxonomy":"product_tag","embeddable":true,"href":"https:\/\/mountlaser.com\/es\/wp-json\/wp\/v2\/product_tag?post=3851"}],"curies":[{"name":"wp","href":"https:\/\/api.w.org\/{rel}","templated":true}]}}