{"id":3816,"date":"2025-11-10T05:38:28","date_gmt":"2025-11-10T05:38:28","guid":{"rendered":"https:\/\/mountlaser.com\/?post_type=product&#038;p=3816"},"modified":"2025-11-27T07:03:13","modified_gmt":"2025-11-27T07:03:13","slug":"st002-hds-laser-scanner-target","status":"publish","type":"product","link":"https:\/\/mountlaser.com\/es\/producto\/st002-hds-laser-scanner-target\/","title":{"rendered":"Objetivo de esc\u00e1ner l\u00e1ser ST002\/HDS"},"content":{"rendered":"<p>El<a href=\"https:\/\/mountlaser.com\/es\/\"><strong> Objetivo inclinable<\/strong> <\/a>Los objetivos blanco y negro ST002 y HDS son herramientas de precisi\u00f3n dise\u00f1adas para aplicaciones profesionales de escaneo l\u00e1ser 3D y topograf\u00eda. Ambos modelos garantizan un registro y una alineaci\u00f3n precisos de puntos en entornos de escaneo complejos.<\/p>\n<p>El objetivo basculante ST002 cuenta con un cuerpo de aluminio de 152 mm (6,0 pulgadas) equipado con una l\u00e1mina reflectante 3M, que ofrece alta visibilidad y reflectividad precisa para una mayor precisi\u00f3n de escaneo. Su rosca hembra de 5\/8\u2033-11 y su base magn\u00e9tica facilitan su montaje seguro en superficies met\u00e1licas o tr\u00edpodes, lo que permite un posicionamiento flexible durante el trabajo de campo.<\/p>\n<p>El HDS <a href=\"https:\/\/mountlaser.com\/es\/products\/\"><strong>Objetivo blanco y negro<\/strong> <\/a>Comparte la misma estructura de aluminio de 152 mm, pero incorpora recubrimiento en polvo y serigraf\u00eda para un patr\u00f3n de alto contraste que mejora la detecci\u00f3n y la estabilidad del objetivo. Ambas versiones de objetivo inclinable son ideales para flujos de trabajo de escaneo que requieren puntos de referencia fiables, repetibles y f\u00e1cilmente visibles.<\/p>\n<p><strong><a href=\"https:\/\/mountlaser.com\/es\/contact-us\/\">Objetivo de esc\u00e1ner l\u00e1ser ST002\/HDS<\/a> Presupuesto<\/strong><\/p>\n<table width=\"587\">\n<tbody>\n<tr>\n<td width=\"72\">Modelo<\/td>\n<td width=\"254\">Imagen<\/td>\n<td width=\"261\">Par\u00e1metros<\/td>\n<\/tr>\n<tr>\n<td>ST002<\/td>\n<td><img fetchpriority=\"high\" decoding=\"async\" class=\"alignnone wp-image-3817 size-medium\" src=\"https:\/\/mountlaser.com\/wp-content\/uploads\/2025\/11\/ST0021-300x300.webp\" alt=\"ST002 Tilting Target\" width=\"300\" height=\"300\" srcset=\"https:\/\/mountlaser.com\/wp-content\/uploads\/2025\/11\/ST0021-300x300.webp 300w, https:\/\/mountlaser.com\/wp-content\/uploads\/2025\/11\/ST0021-400x400.webp 400w, https:\/\/mountlaser.com\/wp-content\/uploads\/2025\/11\/ST0021-800x800.webp 800w, https:\/\/mountlaser.com\/wp-content\/uploads\/2025\/11\/ST0021-600x600.webp 600w, https:\/\/mountlaser.com\/wp-content\/uploads\/2025\/11\/ST0021-150x150.webp 150w, https:\/\/mountlaser.com\/wp-content\/uploads\/2025\/11\/ST0021-768x768.webp 768w, https:\/\/mountlaser.com\/wp-content\/uploads\/2025\/11\/ST0021-12x12.webp 12w, https:\/\/mountlaser.com\/wp-content\/uploads\/2025\/11\/ST0021.webp 1000w\" sizes=\"(max-width: 300px) 100vw, 300px\" \/><\/td>\n<td width=\"261\">MATERIAL:Aluminio<br \/>\nTAMA\u00d1O OBJETIVO: 152 mm de di\u00e1metro exterior (6,0 pulgadas)<br \/>\nTRATAMIENTO DE SUPERFICIE: L\u00e1mina reflectora 3M<br \/>\nADAPTADOR: Rosca hembra de 5\/8\u2033-11, base magn\u00e9tica<\/td>\n<\/tr>\n<tr>\n<td>HDS<\/td>\n<td><img decoding=\"async\" class=\"alignnone wp-image-3828 size-medium\" src=\"https:\/\/mountlaser.com\/wp-content\/uploads\/2025\/11\/HDS-Sanning-Target\uff084\uff09-300x300.webp\" alt=\"HDS Tilting Target \" width=\"300\" height=\"300\" srcset=\"https:\/\/mountlaser.com\/wp-content\/uploads\/2025\/11\/HDS-Sanning-Target\uff084\uff09-300x300.webp 300w, https:\/\/mountlaser.com\/wp-content\/uploads\/2025\/11\/HDS-Sanning-Target\uff084\uff09-400x400.webp 400w, https:\/\/mountlaser.com\/wp-content\/uploads\/2025\/11\/HDS-Sanning-Target\uff084\uff09-800x800.webp 800w, https:\/\/mountlaser.com\/wp-content\/uploads\/2025\/11\/HDS-Sanning-Target\uff084\uff09-600x600.webp 600w, https:\/\/mountlaser.com\/wp-content\/uploads\/2025\/11\/HDS-Sanning-Target\uff084\uff09-150x150.webp 150w, https:\/\/mountlaser.com\/wp-content\/uploads\/2025\/11\/HDS-Sanning-Target\uff084\uff09-768x768.webp 768w, https:\/\/mountlaser.com\/wp-content\/uploads\/2025\/11\/HDS-Sanning-Target\uff084\uff09-12x12.webp 12w, https:\/\/mountlaser.com\/wp-content\/uploads\/2025\/11\/HDS-Sanning-Target\uff084\uff09.webp 1000w\" sizes=\"(max-width: 300px) 100vw, 300px\" \/><\/td>\n<td width=\"261\">MATERIAL:Aluminio<br \/>\nTAMA\u00d1O OBJETIVO: 152 mm de di\u00e1metro exterior (6,0 pulgadas)<br \/>\nTRATAMIENTO DE SUPERFICIE: Recubrimiento en polvo + Serigraf\u00eda<br \/>\nADAPTADOR: Rosca hembra de 5\/8\u2033-11, base magn\u00e9tica<\/td>\n<\/tr>\n<\/tbody>\n<\/table>","protected":false},"excerpt":{"rendered":"<ul>\n<li>Dise\u00f1o de objetivo inclinable de alta precisi\u00f3n para aplicaciones profesionales de escaneo l\u00e1ser<\/li>\n<li>Cuerpo de aluminio duradero con excelente estabilidad dimensional.<\/li>\n<li>ST002: Superficie reflectante 3M para un mejor retorno de se\u00f1al<\/li>\n<li>HDS: Objetivo blanco y negro con recubrimiento en polvo para una visibilidad clara<\/li>\n<li>Base magn\u00e9tica y rosca hembra de 5\/8\u2033-11 para un montaje flexible<\/li>\n<li>El tama\u00f1o del objetivo de 152 mm (6,0 pulgadas) garantiza un rendimiento constante<\/li>\n<\/ul>","protected":false},"featured_media":3828,"comment_status":"open","ping_status":"closed","template":"","meta":[],"product_brand":[],"product_cat":[72,118,80],"product_tag":[],"class_list":{"0":"post-3816","1":"product","2":"type-product","3":"status-publish","4":"has-post-thumbnail","6":"product_cat-reflective-target-prism","7":"product_cat-checkerboard-target","8":"product_cat-scanner-sphere-target-laser-scanning","10":"first","11":"instock","12":"shipping-taxable","13":"product-type-simple"},"_links":{"self":[{"href":"https:\/\/mountlaser.com\/es\/wp-json\/wp\/v2\/product\/3816","targetHints":{"allow":["GET"]}}],"collection":[{"href":"https:\/\/mountlaser.com\/es\/wp-json\/wp\/v2\/product"}],"about":[{"href":"https:\/\/mountlaser.com\/es\/wp-json\/wp\/v2\/types\/product"}],"replies":[{"embeddable":true,"href":"https:\/\/mountlaser.com\/es\/wp-json\/wp\/v2\/comments?post=3816"}],"wp:featuredmedia":[{"embeddable":true,"href":"https:\/\/mountlaser.com\/es\/wp-json\/wp\/v2\/media\/3828"}],"wp:attachment":[{"href":"https:\/\/mountlaser.com\/es\/wp-json\/wp\/v2\/media?parent=3816"}],"wp:term":[{"taxonomy":"product_brand","embeddable":true,"href":"https:\/\/mountlaser.com\/es\/wp-json\/wp\/v2\/product_brand?post=3816"},{"taxonomy":"product_cat","embeddable":true,"href":"https:\/\/mountlaser.com\/es\/wp-json\/wp\/v2\/product_cat?post=3816"},{"taxonomy":"product_tag","embeddable":true,"href":"https:\/\/mountlaser.com\/es\/wp-json\/wp\/v2\/product_tag?post=3816"}],"curies":[{"name":"wp","href":"https:\/\/api.w.org\/{rel}","templated":true}]}}