{"id":3806,"date":"2025-11-10T04:50:10","date_gmt":"2025-11-10T04:50:10","guid":{"rendered":"https:\/\/mountlaser.com\/?post_type=product&#038;p=3806"},"modified":"2025-11-27T07:44:16","modified_gmt":"2025-11-27T07:44:16","slug":"st001-gzt21-laser-scanner-target","status":"publish","type":"product","link":"https:\/\/mountlaser.com\/es\/producto\/st001-gzt21-laser-scanner-target\/","title":{"rendered":"Objetivo de esc\u00e1ner l\u00e1ser ST001\/GZT21"},"content":{"rendered":"<p>El<a href=\"https:\/\/mountlaser.com\/es\/\"><strong> Objetivo de escaneo ST001<\/strong><\/a> y GZT21 son de alta precisi\u00f3n <a href=\"https:\/\/mountlaser.com\/es\/products\/\"><strong>Dianas redondas de tablero de ajedrez<\/strong><\/a> Dise\u00f1ados para aplicaciones de escaneo l\u00e1ser 3D, alineaci\u00f3n y referencia. Dise\u00f1ados para profesionales que exigen precisi\u00f3n y durabilidad, ambos modelos ofrecen un rendimiento excepcional tanto en campo como en interiores.<\/p>\n<p>El objetivo de escaneo ST001 cuenta con un cuerpo compacto de aluminio de 80 mm (3,1 pulgadas), mientras que el GZT21 ofrece un tama\u00f1o mayor de 115 mm (4,5 pulgadas) para una mayor visibilidad. Cada objetivo redondo de tablero de ajedrez est\u00e1 fabricado con aluminio de alta calidad, lo que garantiza una estabilidad superior y un uso prolongado. La superficie est\u00e1 recubierta con pintura en polvo y serigraf\u00eda, lo que proporciona un excelente contraste y resistencia al desgaste y a las condiciones ambientales.<\/p>\n<p>Tanto el <a href=\"https:\/\/mountlaser.com\/es\/contact-us\/\">Objetivo de escaneo ST001<\/a> y el objetivo de tablero de ajedrez redondo GZT21 son compatibles con adaptadores de liberaci\u00f3n r\u00e1pida de estilo suizo, lo que permite una configuraci\u00f3n r\u00e1pida y una instalaci\u00f3n segura durante las operaciones de escaneo.<\/p>\n<p><strong>Especificaciones del objetivo del esc\u00e1ner l\u00e1ser ST001\/GZT21<\/strong><\/p>\n<table width=\"587\">\n<tbody>\n<tr>\n<td width=\"72\">Modelo<\/td>\n<td width=\"254\">Imagen<\/td>\n<td width=\"261\">Par\u00e1metros<\/td>\n<\/tr>\n<tr>\n<td>ST001<\/td>\n<td><img fetchpriority=\"high\" decoding=\"async\" class=\"alignnone wp-image-3799 size-medium\" src=\"https:\/\/mountlaser.com\/wp-content\/uploads\/2025\/11\/ST0012-300x300.webp\" alt=\"Scanning Target ST001\" width=\"300\" height=\"300\" srcset=\"https:\/\/mountlaser.com\/wp-content\/uploads\/2025\/11\/ST0012-300x300.webp 300w, https:\/\/mountlaser.com\/wp-content\/uploads\/2025\/11\/ST0012-400x400.webp 400w, https:\/\/mountlaser.com\/wp-content\/uploads\/2025\/11\/ST0012-800x800.webp 800w, https:\/\/mountlaser.com\/wp-content\/uploads\/2025\/11\/ST0012-600x600.webp 600w, https:\/\/mountlaser.com\/wp-content\/uploads\/2025\/11\/ST0012-150x150.webp 150w, https:\/\/mountlaser.com\/wp-content\/uploads\/2025\/11\/ST0012-768x768.webp 768w, https:\/\/mountlaser.com\/wp-content\/uploads\/2025\/11\/ST0012-12x12.webp 12w, https:\/\/mountlaser.com\/wp-content\/uploads\/2025\/11\/ST0012.webp 1000w\" sizes=\"(max-width: 300px) 100vw, 300px\" \/><\/td>\n<td width=\"261\">MATERIAL:Aluminio<br \/>\nTAMA\u00d1O OBJETIVO: OD80mm (3,1in)<br \/>\nTRATAMIENTO DE SUPERFICIE: Recubrimiento en polvo + Serigraf\u00eda<br \/>\nADAPTADOR: Compatible con adaptador de liberaci\u00f3n r\u00e1pida de estilo suizo<\/td>\n<\/tr>\n<tr>\n<td>GZT21<\/td>\n<td><img decoding=\"async\" class=\"alignnone size-medium wp-image-3808\" src=\"https:\/\/mountlaser.com\/wp-content\/uploads\/2025\/11\/GZT212-300x300.webp\" alt=\"\" width=\"300\" height=\"300\" srcset=\"https:\/\/mountlaser.com\/wp-content\/uploads\/2025\/11\/GZT212-300x300.webp 300w, https:\/\/mountlaser.com\/wp-content\/uploads\/2025\/11\/GZT212-400x400.webp 400w, https:\/\/mountlaser.com\/wp-content\/uploads\/2025\/11\/GZT212-800x800.webp 800w, https:\/\/mountlaser.com\/wp-content\/uploads\/2025\/11\/GZT212-600x600.webp 600w, https:\/\/mountlaser.com\/wp-content\/uploads\/2025\/11\/GZT212-150x150.webp 150w, https:\/\/mountlaser.com\/wp-content\/uploads\/2025\/11\/GZT212-768x768.webp 768w, https:\/\/mountlaser.com\/wp-content\/uploads\/2025\/11\/GZT212-12x12.webp 12w, https:\/\/mountlaser.com\/wp-content\/uploads\/2025\/11\/GZT212.webp 1000w\" sizes=\"(max-width: 300px) 100vw, 300px\" \/><\/td>\n<td width=\"261\">MATERIAL:Aluminio<br \/>\nTAMA\u00d1O OBJETIVO: 115 mm de di\u00e1metro exterior (4,5 pulgadas)<br \/>\nTRATAMIENTO DE SUPERFICIE: Recubrimiento en polvo + Serigraf\u00eda<br \/>\nADAPTADOR: Compatible con adaptador de liberaci\u00f3n r\u00e1pida de estilo suizo<\/td>\n<\/tr>\n<\/tbody>\n<\/table>","protected":false},"excerpt":{"rendered":"<ul>\n<li>Objetivo de tablero de ajedrez redondo de alta precisi\u00f3n para escaneo l\u00e1ser 3D y topograf\u00eda<\/li>\n<li>La construcci\u00f3n de aluminio duradera garantiza estabilidad y una larga vida \u00fatil.<\/li>\n<li>Superficie serigrafiada y recubierta de polvo para una visibilidad y un contraste superiores<\/li>\n<li>Compatible con adaptadores de liberaci\u00f3n r\u00e1pida de estilo suizo para un montaje r\u00e1pido y confiable<\/li>\n<\/ul>","protected":false},"featured_media":3798,"comment_status":"open","ping_status":"closed","template":"","meta":[],"product_brand":[],"product_cat":[80,118],"product_tag":[],"class_list":{"0":"post-3806","1":"product","2":"type-product","3":"status-publish","4":"has-post-thumbnail","6":"product_cat-scanner-sphere-target-laser-scanning","7":"product_cat-checkerboard-target","9":"first","10":"instock","11":"shipping-taxable","12":"product-type-simple"},"_links":{"self":[{"href":"https:\/\/mountlaser.com\/es\/wp-json\/wp\/v2\/product\/3806","targetHints":{"allow":["GET"]}}],"collection":[{"href":"https:\/\/mountlaser.com\/es\/wp-json\/wp\/v2\/product"}],"about":[{"href":"https:\/\/mountlaser.com\/es\/wp-json\/wp\/v2\/types\/product"}],"replies":[{"embeddable":true,"href":"https:\/\/mountlaser.com\/es\/wp-json\/wp\/v2\/comments?post=3806"}],"wp:featuredmedia":[{"embeddable":true,"href":"https:\/\/mountlaser.com\/es\/wp-json\/wp\/v2\/media\/3798"}],"wp:attachment":[{"href":"https:\/\/mountlaser.com\/es\/wp-json\/wp\/v2\/media?parent=3806"}],"wp:term":[{"taxonomy":"product_brand","embeddable":true,"href":"https:\/\/mountlaser.com\/es\/wp-json\/wp\/v2\/product_brand?post=3806"},{"taxonomy":"product_cat","embeddable":true,"href":"https:\/\/mountlaser.com\/es\/wp-json\/wp\/v2\/product_cat?post=3806"},{"taxonomy":"product_tag","embeddable":true,"href":"https:\/\/mountlaser.com\/es\/wp-json\/wp\/v2\/product_tag?post=3806"}],"curies":[{"name":"wp","href":"https:\/\/api.w.org\/{rel}","templated":true}]}}