{"id":3781,"date":"2025-11-10T01:23:07","date_gmt":"2025-11-10T01:23:07","guid":{"rendered":"https:\/\/mountlaser.com\/?post_type=product&#038;p=3781"},"modified":"2025-11-27T07:49:16","modified_gmt":"2025-11-27T07:49:16","slug":"american-style-360prism","status":"publish","type":"product","link":"https:\/\/mountlaser.com\/es\/producto\/american-style-360prism\/","title":{"rendered":"TR360 Prisma de 360\u00b0 estilo americano"},"content":{"rendered":"<p>PRISMA DE 360\u00b0 ESTILO AMERICANO: Prisma de 360\u00b0 estilo Trimble confiable para topograf\u00eda de precisi\u00f3n<\/p>\n<p>El PRISMA 360\u00b0 DE ESTILO AMERICANO es un prisma de calidad profesional. <a href=\"https:\/\/mountlaser.com\/es\/\"><strong>Prisma de 360\u00b0 estilo Trimble<\/strong><\/a> Dise\u00f1ado para ofrecer una precisi\u00f3n y durabilidad excepcionales para trabajos de campo exigentes. Dise\u00f1ado para funcionar a la perfecci\u00f3n como... <a href=\"https:\/\/mountlaser.com\/es\/products\/\"><strong>Prisma 360 para Trimble<\/strong><\/a> Estaciones totales, este modelo garantiza una reflexi\u00f3n de se\u00f1al consistente y estable desde todas las direcciones.<\/p>\n<p>Fabricado con siete prismas recubiertos de plata, el prisma de 360\u00b0 estilo Trimble ofrece una reflectividad superior y una fiabilidad de medici\u00f3n excepcional. Con una constante de prisma de +2 mm y una precisi\u00f3n de centrado de \u00b12,0 mm, garantiza una alta precisi\u00f3n en diversas condiciones topogr\u00e1ficas. Un nivel de burbuja de 6 m integrado facilita la alineaci\u00f3n vertical, mientras que la rosca de montaje de 16 mm (5\/8&quot;)-11 proporciona compatibilidad universal con una amplia gama de jalones y bases nivelantes.<\/p>\n<p><img fetchpriority=\"high\" decoding=\"async\" class=\"aligncenter wp-image-3784\" src=\"https:\/\/mountlaser.com\/wp-content\/uploads\/2025\/11\/TR360A3.webp\" alt=\"TR360 Trimble-style 360\u00b0 prism\" width=\"500\" height=\"500\" srcset=\"https:\/\/mountlaser.com\/wp-content\/uploads\/2025\/11\/TR360A3.webp 1000w, https:\/\/mountlaser.com\/wp-content\/uploads\/2025\/11\/TR360A3-300x300.webp 300w, https:\/\/mountlaser.com\/wp-content\/uploads\/2025\/11\/TR360A3-400x400.webp 400w, https:\/\/mountlaser.com\/wp-content\/uploads\/2025\/11\/TR360A3-800x800.webp 800w, https:\/\/mountlaser.com\/wp-content\/uploads\/2025\/11\/TR360A3-600x600.webp 600w, https:\/\/mountlaser.com\/wp-content\/uploads\/2025\/11\/TR360A3-150x150.webp 150w, https:\/\/mountlaser.com\/wp-content\/uploads\/2025\/11\/TR360A3-768x768.webp 768w, https:\/\/mountlaser.com\/wp-content\/uploads\/2025\/11\/TR360A3-12x12.webp 12w\" sizes=\"(max-width: 500px) 100vw, 500px\" \/><\/p>\n<p>Este <a href=\"https:\/\/mountlaser.com\/es\/contact-us\/\">Prisma 360 para Trimble<\/a> Est\u00e1 dise\u00f1ado para profesionales de campo que exigen precisi\u00f3n, estabilidad y eficiencia. Su resistente construcci\u00f3n met\u00e1lica prolonga su vida \u00fatil, lo que convierte al prisma de 360\u00b0 estilo Trimble en la soluci\u00f3n ideal para aplicaciones topogr\u00e1ficas, de ingenier\u00eda y de construcci\u00f3n.<\/p>","protected":false},"excerpt":{"rendered":"<ul>\n<li>Equipado con siete prismas recubiertos de plata para una mejor reflectividad.<\/li>\n<li>Garantizar una precisi\u00f3n de medici\u00f3n superior<\/li>\n<li>Para fijaci\u00f3n y estabilidad universales<\/li>\n<\/ul>","protected":false},"featured_media":3784,"comment_status":"open","ping_status":"closed","template":"","meta":[],"product_brand":[],"product_cat":[72,115],"product_tag":[],"class_list":{"0":"post-3781","1":"product","2":"type-product","3":"status-publish","4":"has-post-thumbnail","6":"product_cat-reflective-target-prism","7":"product_cat-wide-angle-prism","9":"first","10":"instock","11":"shipping-taxable","12":"product-type-simple"},"_links":{"self":[{"href":"https:\/\/mountlaser.com\/es\/wp-json\/wp\/v2\/product\/3781","targetHints":{"allow":["GET"]}}],"collection":[{"href":"https:\/\/mountlaser.com\/es\/wp-json\/wp\/v2\/product"}],"about":[{"href":"https:\/\/mountlaser.com\/es\/wp-json\/wp\/v2\/types\/product"}],"replies":[{"embeddable":true,"href":"https:\/\/mountlaser.com\/es\/wp-json\/wp\/v2\/comments?post=3781"}],"wp:featuredmedia":[{"embeddable":true,"href":"https:\/\/mountlaser.com\/es\/wp-json\/wp\/v2\/media\/3784"}],"wp:attachment":[{"href":"https:\/\/mountlaser.com\/es\/wp-json\/wp\/v2\/media?parent=3781"}],"wp:term":[{"taxonomy":"product_brand","embeddable":true,"href":"https:\/\/mountlaser.com\/es\/wp-json\/wp\/v2\/product_brand?post=3781"},{"taxonomy":"product_cat","embeddable":true,"href":"https:\/\/mountlaser.com\/es\/wp-json\/wp\/v2\/product_cat?post=3781"},{"taxonomy":"product_tag","embeddable":true,"href":"https:\/\/mountlaser.com\/es\/wp-json\/wp\/v2\/product_tag?post=3781"}],"curies":[{"name":"wp","href":"https:\/\/api.w.org\/{rel}","templated":true}]}}