{"id":3776,"date":"2025-11-07T09:18:43","date_gmt":"2025-11-07T09:18:43","guid":{"rendered":"https:\/\/mountlaser.com\/?post_type=product&#038;p=3776"},"modified":"2025-11-27T07:54:09","modified_gmt":"2025-11-27T07:54:09","slug":"dz060-125-aluminum-prism-pole","status":"publish","type":"product","link":"https:\/\/mountlaser.com\/es\/producto\/dz060-125-aluminum-prism-pole\/","title":{"rendered":"Poste de prisma de aluminio DZ060\/125"},"content":{"rendered":"<p>El <a href=\"https:\/\/mountlaser.com\/es\/\"><strong>Poste de prisma de aluminio DZ<\/strong><\/a> Establece un nuevo est\u00e1ndar de precisi\u00f3n y durabilidad en topograf\u00eda de campo. Fabricado con aleaci\u00f3n de aluminio de alta calidad, este jal\u00f3n ofrece la combinaci\u00f3n perfecta de manejo ligero y resistencia excepcional, lo que lo convierte en una herramienta indispensable para top\u00f3grafos que se enfrentan a condiciones de trabajo exigentes.<\/p>\n<p>Lo que realmente distingue al poste de prisma de aluminio DZ es su robusto mecanismo de bloqueo de aluminio, que proporciona una resistencia superior y garantiza una fiabilidad duradera con cada uso. Equipado con un nivel de burbuja circular preciso de 9 m, permite una conexi\u00f3n r\u00e1pida y precisa para obtener mediciones sin errores. El tubo interior cuenta con una escala m\u00e9trica transparente para una lectura directa, mientras que los adaptadores disponibles ofrecen vers\u00e1tiles opciones de montaje del prisma.<\/p>\n<p><a href=\"https:\/\/mountlaser.com\/es\/products\/\">Poste de prisma de aluminio DZ<\/a>:<br \/>\nPoste de prisma de aluminio DZ060 de 60 cm de longitud<br \/>\nDZ0125 Poste de prisma de aluminio de 125 cm de longitud<\/p>\n<p>Con opciones entre un bloqueo giratorio confiable y un bloqueo de liberaci\u00f3n r\u00e1pida, adem\u00e1s de una cubierta antideslizante de goma opcional para un manejo seguro, el <a href=\"https:\/\/mountlaser.com\/es\/contact-us\/\"><strong>Poste de prisma de aluminio DZ<\/strong><\/a> Est\u00e1 dise\u00f1ado para mejorar la productividad y la precisi\u00f3n en cualquier escenario de topograf\u00eda.<\/p>\n<p><strong>Especificaciones del poste de prisma de aluminio DZ060\/125<\/strong><\/p>\n<table style=\"border-collapse: collapse; width: 846.77pt;\" border=\"0\" width=\"1129\" cellspacing=\"0\" cellpadding=\"0\">\n<tbody>\n<tr style=\"height: 14.25pt;\">\n<td class=\"et2\" style=\"height: 14.25pt; width: 142.50pt;\" width=\"190\" height=\"19\">N\u00daMERO<\/td>\n<td class=\"et2\" style=\"width: 127.50pt;\" width=\"170\">LONGITUD<\/td>\n<td class=\"et2\" style=\"width: 126.00pt;\" width=\"168\">MATERIAL<\/td>\n<td class=\"et2\" style=\"width: 135.00pt;\" width=\"180\">GRADUADOS<\/td>\n<td class=\"et2\" style=\"width: 124.50pt;\" width=\"166\">OPCI\u00d3N DE BLOQUEO<\/td>\n<td class=\"et2\" style=\"width: 86.25pt;\" width=\"115\">DI\u00c1METRO<\/td>\n<td style=\"width: 105.00pt;\" width=\"140\">imagen<\/td>\n<\/tr>\n<tr style=\"height: 14.25pt;\">\n<td class=\"et2\" style=\"height: 14.25pt;\" height=\"19\">DZ060<\/td>\n<td class=\"et3\">60 cent\u00edmetros<\/td>\n<td class=\"et2\">Aluminio<\/td>\n<td class=\"et2\">Metro<\/td>\n<td class=\"et2\">TL\/QL<\/td>\n<td class=\"et2\">18\/25 mm<\/td>\n<td><img fetchpriority=\"high\" decoding=\"async\" class=\"alignnone wp-image-3769 size-medium\" src=\"https:\/\/mountlaser.com\/wp-content\/uploads\/2025\/11\/DZ060-2-300x300.webp\" alt=\"DZ Aluminum Prism Pole\" width=\"300\" height=\"300\" srcset=\"https:\/\/mountlaser.com\/wp-content\/uploads\/2025\/11\/DZ060-2-300x300.webp 300w, https:\/\/mountlaser.com\/wp-content\/uploads\/2025\/11\/DZ060-2-400x400.webp 400w, https:\/\/mountlaser.com\/wp-content\/uploads\/2025\/11\/DZ060-2-800x800.webp 800w, https:\/\/mountlaser.com\/wp-content\/uploads\/2025\/11\/DZ060-2-600x600.webp 600w, https:\/\/mountlaser.com\/wp-content\/uploads\/2025\/11\/DZ060-2-150x150.webp 150w, https:\/\/mountlaser.com\/wp-content\/uploads\/2025\/11\/DZ060-2-768x768.webp 768w, https:\/\/mountlaser.com\/wp-content\/uploads\/2025\/11\/DZ060-2-12x12.webp 12w, https:\/\/mountlaser.com\/wp-content\/uploads\/2025\/11\/DZ060-2.webp 1000w\" sizes=\"(max-width: 300px) 100vw, 300px\" \/><\/td>\n<\/tr>\n<tr style=\"height: 14.25pt;\">\n<td class=\"et2\" style=\"height: 14.25pt;\" height=\"19\">DZ125<\/td>\n<td class=\"et3\">125 cent\u00edmetros<\/td>\n<td class=\"et2\">Aluminio<\/td>\n<td class=\"et2\">Metro<\/td>\n<td class=\"et2\">TL\/QL<\/td>\n<td class=\"et2\">18\/25 mm<\/td>\n<td><img decoding=\"async\" class=\"alignnone wp-image-3778 size-medium\" src=\"https:\/\/mountlaser.com\/wp-content\/uploads\/2025\/11\/DZ120-4-300x300.webp\" alt=\"DZ Aluminum Prism Pole\" width=\"300\" height=\"300\" srcset=\"https:\/\/mountlaser.com\/wp-content\/uploads\/2025\/11\/DZ120-4-300x300.webp 300w, https:\/\/mountlaser.com\/wp-content\/uploads\/2025\/11\/DZ120-4-400x400.webp 400w, https:\/\/mountlaser.com\/wp-content\/uploads\/2025\/11\/DZ120-4-800x800.webp 800w, https:\/\/mountlaser.com\/wp-content\/uploads\/2025\/11\/DZ120-4-600x600.webp 600w, https:\/\/mountlaser.com\/wp-content\/uploads\/2025\/11\/DZ120-4-150x150.webp 150w, https:\/\/mountlaser.com\/wp-content\/uploads\/2025\/11\/DZ120-4-768x768.webp 768w, https:\/\/mountlaser.com\/wp-content\/uploads\/2025\/11\/DZ120-4-12x12.webp 12w, https:\/\/mountlaser.com\/wp-content\/uploads\/2025\/11\/DZ120-4.webp 1000w\" sizes=\"(max-width: 300px) 100vw, 300px\" \/><\/td>\n<\/tr>\n<\/tbody>\n<\/table>","protected":false},"excerpt":{"rendered":"<ul>\n<li>Ligero y resistente: fabricado con aluminio de alta calidad para una f\u00e1cil portabilidad y durabilidad.<\/li>\n<li>Sistema de bloqueo de aluminio: ofrece una excelente dureza y una vida \u00fatil prolongada.<\/li>\n<li>Escala de medici\u00f3n integrada: Tubo interior con escala transparente para lectura directa de medidas.<\/li>\n<\/ul>","protected":false},"featured_media":3771,"comment_status":"open","ping_status":"closed","template":"","meta":[],"product_brand":[],"product_cat":[117,89],"product_tag":[],"class_list":{"0":"post-3776","1":"product","2":"type-product","3":"status-publish","4":"has-post-thumbnail","6":"product_cat-aluminum-prism-pole","7":"product_cat-surveying-pole-rod","9":"first","10":"instock","11":"shipping-taxable","12":"product-type-simple"},"_links":{"self":[{"href":"https:\/\/mountlaser.com\/es\/wp-json\/wp\/v2\/product\/3776","targetHints":{"allow":["GET"]}}],"collection":[{"href":"https:\/\/mountlaser.com\/es\/wp-json\/wp\/v2\/product"}],"about":[{"href":"https:\/\/mountlaser.com\/es\/wp-json\/wp\/v2\/types\/product"}],"replies":[{"embeddable":true,"href":"https:\/\/mountlaser.com\/es\/wp-json\/wp\/v2\/comments?post=3776"}],"wp:featuredmedia":[{"embeddable":true,"href":"https:\/\/mountlaser.com\/es\/wp-json\/wp\/v2\/media\/3771"}],"wp:attachment":[{"href":"https:\/\/mountlaser.com\/es\/wp-json\/wp\/v2\/media?parent=3776"}],"wp:term":[{"taxonomy":"product_brand","embeddable":true,"href":"https:\/\/mountlaser.com\/es\/wp-json\/wp\/v2\/product_brand?post=3776"},{"taxonomy":"product_cat","embeddable":true,"href":"https:\/\/mountlaser.com\/es\/wp-json\/wp\/v2\/product_cat?post=3776"},{"taxonomy":"product_tag","embeddable":true,"href":"https:\/\/mountlaser.com\/es\/wp-json\/wp\/v2\/product_tag?post=3776"}],"curies":[{"name":"wp","href":"https:\/\/api.w.org\/{rel}","templated":true}]}}