{"id":3758,"date":"2025-11-07T08:59:51","date_gmt":"2025-11-07T08:59:51","guid":{"rendered":"https:\/\/mountlaser.com\/?post_type=product&#038;p=3758"},"modified":"2025-11-27T07:57:05","modified_gmt":"2025-11-27T07:57:05","slug":"atp2s-360prism-with-pole","status":"publish","type":"product","link":"https:\/\/mountlaser.com\/es\/producto\/atp2s-360prism-with-pole\/","title":{"rendered":"Prisma ATP2S de 360\u00b0 con poste"},"content":{"rendered":"<p>El <a href=\"https:\/\/mountlaser.com\/es\/\"><strong>Prisma ATP2S de 360\u00b0 con poste<\/strong><\/a> es de alta precisi\u00f3n <a href=\"https:\/\/mountlaser.com\/es\/products\/\"><strong>Prisma rob\u00f3tico deslizante de 360 grados<\/strong><\/a> Dise\u00f1ado para topograf\u00eda profesional y aplicaciones de estaciones totales rob\u00f3ticas. Dise\u00f1ado para ofrecer precisi\u00f3n, durabilidad y facilidad de uso, este prisma ATP2S de 360\u00b0 con jal\u00f3n garantiza un rendimiento constante en entornos de campo exigentes.<\/p>\n<p>Construido con seis prismas alineados con precisi\u00f3n, el prisma rob\u00f3tico Style Sliding 360 proporciona una reflectividad de 360 grados, lo que proporciona un retorno de se\u00f1al fiable desde todas las direcciones. Su constante de prisma de -7 mm y una precisi\u00f3n de centrado de \u00b12,0 mm garantizan una precisi\u00f3n de medici\u00f3n excepcional. El prisma ATP2S de 360\u00b0 con p\u00e9rtiga cuenta con una p\u00e9rtiga de acero inoxidable de 50,8 cm y un nivel de burbuja circular integrado, lo que facilita su configuraci\u00f3n y permite una alineaci\u00f3n vertical precisa.<\/p>\n<p><img fetchpriority=\"high\" decoding=\"async\" class=\"aligncenter wp-image-3763\" src=\"https:\/\/mountlaser.com\/wp-content\/uploads\/2025\/11\/ATP2S5.webp\" alt=\"ATP2S 360\u00b0prism with pole\" width=\"500\" height=\"500\" srcset=\"https:\/\/mountlaser.com\/wp-content\/uploads\/2025\/11\/ATP2S5.webp 1000w, https:\/\/mountlaser.com\/wp-content\/uploads\/2025\/11\/ATP2S5-300x300.webp 300w, https:\/\/mountlaser.com\/wp-content\/uploads\/2025\/11\/ATP2S5-400x400.webp 400w, https:\/\/mountlaser.com\/wp-content\/uploads\/2025\/11\/ATP2S5-800x800.webp 800w, https:\/\/mountlaser.com\/wp-content\/uploads\/2025\/11\/ATP2S5-600x600.webp 600w, https:\/\/mountlaser.com\/wp-content\/uploads\/2025\/11\/ATP2S5-150x150.webp 150w, https:\/\/mountlaser.com\/wp-content\/uploads\/2025\/11\/ATP2S5-768x768.webp 768w, https:\/\/mountlaser.com\/wp-content\/uploads\/2025\/11\/ATP2S5-12x12.webp 12w\" sizes=\"(max-width: 500px) 100vw, 500px\" \/><\/p>\n<p>El conjunto de prisma incluye una carcasa de goma resistente para una mayor protecci\u00f3n contra el impacto del campo y un mecanismo de bot\u00f3n de f\u00e1cil liberaci\u00f3n y retenci\u00f3n para un montaje y desmontaje r\u00e1pidos, lo que hace que el <a href=\"https:\/\/mountlaser.com\/es\/contact-us\/\">Prisma rob\u00f3tico deslizante de 360 grados<\/a> Una opci\u00f3n ideal para estudios topogr\u00e1ficos, proyectos de monitoreo y trabajos de dise\u00f1o de construcci\u00f3n.<\/p>","protected":false},"excerpt":{"rendered":"<ul>\n<li>Prisma ATP2S de 360\u00b0 con poste para estaciones totales profesionales y topograf\u00eda rob\u00f3tica<\/li>\n<li>Con seis prismas de precisi\u00f3n recubiertos de plata<\/li>\n<li>Cuerpo de goma duradero con bot\u00f3n de liberaci\u00f3n r\u00e1pida para mayor comodidad.<\/li>\n<\/ul>","protected":false},"featured_media":3761,"comment_status":"open","ping_status":"closed","template":"","meta":[],"product_brand":[],"product_cat":[72,115],"product_tag":[],"class_list":{"0":"post-3758","1":"product","2":"type-product","3":"status-publish","4":"has-post-thumbnail","6":"product_cat-reflective-target-prism","7":"product_cat-wide-angle-prism","9":"first","10":"instock","11":"shipping-taxable","12":"product-type-simple"},"_links":{"self":[{"href":"https:\/\/mountlaser.com\/es\/wp-json\/wp\/v2\/product\/3758","targetHints":{"allow":["GET"]}}],"collection":[{"href":"https:\/\/mountlaser.com\/es\/wp-json\/wp\/v2\/product"}],"about":[{"href":"https:\/\/mountlaser.com\/es\/wp-json\/wp\/v2\/types\/product"}],"replies":[{"embeddable":true,"href":"https:\/\/mountlaser.com\/es\/wp-json\/wp\/v2\/comments?post=3758"}],"wp:featuredmedia":[{"embeddable":true,"href":"https:\/\/mountlaser.com\/es\/wp-json\/wp\/v2\/media\/3761"}],"wp:attachment":[{"href":"https:\/\/mountlaser.com\/es\/wp-json\/wp\/v2\/media?parent=3758"}],"wp:term":[{"taxonomy":"product_brand","embeddable":true,"href":"https:\/\/mountlaser.com\/es\/wp-json\/wp\/v2\/product_brand?post=3758"},{"taxonomy":"product_cat","embeddable":true,"href":"https:\/\/mountlaser.com\/es\/wp-json\/wp\/v2\/product_cat?post=3758"},{"taxonomy":"product_tag","embeddable":true,"href":"https:\/\/mountlaser.com\/es\/wp-json\/wp\/v2\/product_tag?post=3758"}],"curies":[{"name":"wp","href":"https:\/\/api.w.org\/{rel}","templated":true}]}}