{"id":3738,"date":"2025-11-07T06:56:11","date_gmt":"2025-11-07T06:56:11","guid":{"rendered":"https:\/\/mountlaser.com\/?post_type=product&#038;p=3738"},"modified":"2025-11-27T08:03:15","modified_gmt":"2025-11-27T08:03:15","slug":"atp3-360prism-metal-design","status":"publish","type":"product","link":"https:\/\/mountlaser.com\/es\/producto\/atp3-360prism-metal-design\/","title":{"rendered":"ATP3 DISE\u00d1O DE PRISMA DE 360\u00b0 EN METAL"},"content":{"rendered":"<p>El <a href=\"https:\/\/mountlaser.com\/es\/\"><strong>PRISMA ATP3 360\u00b0<\/strong><\/a> es de alta precisi\u00f3n <a href=\"https:\/\/mountlaser.com\/es\/about-us\/\"><strong>Conjunto de prisma rob\u00f3tico de 360\u00b0<\/strong><\/a> Dise\u00f1ado para estaciones totales rob\u00f3ticas modernas y aplicaciones topogr\u00e1ficas avanzadas. Con seis prismas de 25,4 mm recubiertos de plata, el ATP3 360\u00b0PRISM proporciona una reflectividad y estabilidad de se\u00f1al excepcionales desde todas las direcciones, lo que garantiza mediciones r\u00e1pidas y fiables en campo.<\/p>\n<p>Fabricado con una robusta estructura met\u00e1lica, este conjunto de prisma rob\u00f3tico de 360\u00b0 ofrece una resistencia superior a impactos y a la intemperie, lo que lo hace ideal para uso profesional en condiciones adversas. La constante de 0 mm del prisma garantiza lecturas precisas, mientras que su precisi\u00f3n de centrado de \u00b12,0 mm mantiene una alta consistencia de medici\u00f3n en diversos tipos de terreno.<\/p>\n<p><img fetchpriority=\"high\" decoding=\"async\" class=\"aligncenter wp-image-3744\" src=\"https:\/\/mountlaser.com\/wp-content\/uploads\/2025\/11\/ATP3-3606.webp\" alt=\"ATP3 360\u00b0 Robotic Prism Assembly\" width=\"500\" height=\"500\" srcset=\"https:\/\/mountlaser.com\/wp-content\/uploads\/2025\/11\/ATP3-3606.webp 1000w, https:\/\/mountlaser.com\/wp-content\/uploads\/2025\/11\/ATP3-3606-300x300.webp 300w, https:\/\/mountlaser.com\/wp-content\/uploads\/2025\/11\/ATP3-3606-400x400.webp 400w, https:\/\/mountlaser.com\/wp-content\/uploads\/2025\/11\/ATP3-3606-800x800.webp 800w, https:\/\/mountlaser.com\/wp-content\/uploads\/2025\/11\/ATP3-3606-600x600.webp 600w, https:\/\/mountlaser.com\/wp-content\/uploads\/2025\/11\/ATP3-3606-150x150.webp 150w, https:\/\/mountlaser.com\/wp-content\/uploads\/2025\/11\/ATP3-3606-768x768.webp 768w, https:\/\/mountlaser.com\/wp-content\/uploads\/2025\/11\/ATP3-3606-12x12.webp 12w\" sizes=\"(max-width: 500px) 100vw, 500px\" \/><\/p>\n<p>Dise\u00f1ado para la comodidad, el <a href=\"https:\/\/mountlaser.com\/es\/contact-us\/\">PRISMA ATP3 360\u00b0<\/a> Integra un nivel de burbuja redondo de montaje superior para una alineaci\u00f3n r\u00e1pida, lo que permite a los top\u00f3grafos lograr una configuraci\u00f3n precisa en menos tiempo. Su estructura robusta y compacta convierte a este conjunto de prisma rob\u00f3tico de 360\u00b0 en un accesorio esencial para estaciones totales rob\u00f3ticas que requieren precisi\u00f3n y estabilidad de largo alcance.<\/p>","protected":false},"excerpt":{"rendered":"<ul>\n<li>Precisi\u00f3n de medici\u00f3n superior<\/li>\n<li>La construcci\u00f3n del marco de metal mejora la resistencia y la durabilidad en el campo.<\/li>\n<li>Nivel de burbuja superior para una nivelaci\u00f3n f\u00e1cil y una configuraci\u00f3n r\u00e1pida<\/li>\n<\/ul>","protected":false},"featured_media":3740,"comment_status":"open","ping_status":"closed","template":"","meta":[],"product_brand":[],"product_cat":[72,115],"product_tag":[],"class_list":{"0":"post-3738","1":"product","2":"type-product","3":"status-publish","4":"has-post-thumbnail","6":"product_cat-reflective-target-prism","7":"product_cat-wide-angle-prism","9":"first","10":"instock","11":"shipping-taxable","12":"product-type-simple"},"_links":{"self":[{"href":"https:\/\/mountlaser.com\/es\/wp-json\/wp\/v2\/product\/3738","targetHints":{"allow":["GET"]}}],"collection":[{"href":"https:\/\/mountlaser.com\/es\/wp-json\/wp\/v2\/product"}],"about":[{"href":"https:\/\/mountlaser.com\/es\/wp-json\/wp\/v2\/types\/product"}],"replies":[{"embeddable":true,"href":"https:\/\/mountlaser.com\/es\/wp-json\/wp\/v2\/comments?post=3738"}],"wp:featuredmedia":[{"embeddable":true,"href":"https:\/\/mountlaser.com\/es\/wp-json\/wp\/v2\/media\/3740"}],"wp:attachment":[{"href":"https:\/\/mountlaser.com\/es\/wp-json\/wp\/v2\/media?parent=3738"}],"wp:term":[{"taxonomy":"product_brand","embeddable":true,"href":"https:\/\/mountlaser.com\/es\/wp-json\/wp\/v2\/product_brand?post=3738"},{"taxonomy":"product_cat","embeddable":true,"href":"https:\/\/mountlaser.com\/es\/wp-json\/wp\/v2\/product_cat?post=3738"},{"taxonomy":"product_tag","embeddable":true,"href":"https:\/\/mountlaser.com\/es\/wp-json\/wp\/v2\/product_tag?post=3738"}],"curies":[{"name":"wp","href":"https:\/\/api.w.org\/{rel}","templated":true}]}}