{"id":3715,"date":"2025-11-07T06:20:09","date_gmt":"2025-11-07T06:20:09","guid":{"rendered":"https:\/\/mountlaser.com\/?post_type=product&#038;p=3715"},"modified":"2025-11-27T08:06:06","modified_gmt":"2025-11-27T08:06:06","slug":"atp1-japanese-style-360prism","status":"publish","type":"product","link":"https:\/\/mountlaser.com\/es\/producto\/atp1-japanese-style-360prism\/","title":{"rendered":"ATP1 PRISMA DE 360\u00b0"},"content":{"rendered":"<p>El <a href=\"https:\/\/mountlaser.com\/es\/\"><strong>ATP1 360 PRISMA<\/strong><\/a> representa el siguiente nivel de precisi\u00f3n y durabilidad en la topograf\u00eda moderna. Dise\u00f1ado como un <a href=\"https:\/\/mountlaser.com\/es\/products\/\"><strong>Prisma de 360\u00b0 con prisma protector<\/strong><\/a>, Este sistema de prismas de estilo japon\u00e9s ofrece una precisi\u00f3n de centrado y estabilidad excepcionales para trabajos de campo de alto rendimiento. Sus seis prismas recubiertos de plata proporcionan una potente reflexi\u00f3n de la se\u00f1al desde cualquier direcci\u00f3n, lo que garantiza resultados de medici\u00f3n fiables en entornos exigentes.<\/p>\n<p>El ATP1 360 PRISM cuenta con un anillo anticolisi\u00f3n duradero que mejora la protecci\u00f3n durante el uso diario y el transporte. Dise\u00f1ado para la flexibilidad, este prisma de 360\u00b0 con prisma protector est\u00e1 disponible en varias versiones:<\/p>\n<figure id=\"attachment_3717\" aria-describedby=\"caption-attachment-3717\" style=\"width: 300px\" class=\"wp-caption aligncenter\"><img fetchpriority=\"high\" decoding=\"async\" class=\"wp-image-3717 size-medium\" src=\"https:\/\/mountlaser.com\/wp-content\/uploads\/2025\/11\/TP360\u5851\u6599\u6b3e\uff082\uff09-300x300.webp\" alt=\"ATP1 360 PRISM\" width=\"300\" height=\"300\" srcset=\"https:\/\/mountlaser.com\/wp-content\/uploads\/2025\/11\/TP360\u5851\u6599\u6b3e\uff082\uff09-300x300.webp 300w, https:\/\/mountlaser.com\/wp-content\/uploads\/2025\/11\/TP360\u5851\u6599\u6b3e\uff082\uff09-400x400.webp 400w, https:\/\/mountlaser.com\/wp-content\/uploads\/2025\/11\/TP360\u5851\u6599\u6b3e\uff082\uff09-800x800.webp 800w, https:\/\/mountlaser.com\/wp-content\/uploads\/2025\/11\/TP360\u5851\u6599\u6b3e\uff082\uff09-600x600.webp 600w, https:\/\/mountlaser.com\/wp-content\/uploads\/2025\/11\/TP360\u5851\u6599\u6b3e\uff082\uff09-150x150.webp 150w, https:\/\/mountlaser.com\/wp-content\/uploads\/2025\/11\/TP360\u5851\u6599\u6b3e\uff082\uff09-768x768.webp 768w, https:\/\/mountlaser.com\/wp-content\/uploads\/2025\/11\/TP360\u5851\u6599\u6b3e\uff082\uff09-12x12.webp 12w, https:\/\/mountlaser.com\/wp-content\/uploads\/2025\/11\/TP360\u5851\u6599\u6b3e\uff082\uff09.webp 1000w\" sizes=\"(max-width: 300px) 100vw, 300px\" \/><figcaption id=\"caption-attachment-3717\" class=\"wp-caption-text\">ATP1 360 PRISMA<\/figcaption><\/figure>\n<p>ATP1 \u2013 Dise\u00f1o pl\u00e1stico, ligero y de f\u00e1cil manejo, sin eje central.<\/p>\n<figure id=\"attachment_3726\" aria-describedby=\"caption-attachment-3726\" style=\"width: 300px\" class=\"wp-caption aligncenter\"><img decoding=\"async\" class=\"wp-image-3726 size-medium\" src=\"https:\/\/mountlaser.com\/wp-content\/uploads\/2025\/11\/TP360\u9540\u94f6\uff083\uff09-300x300.webp\" alt=\"ATP1M 360 PRISM\" width=\"300\" height=\"300\" srcset=\"https:\/\/mountlaser.com\/wp-content\/uploads\/2025\/11\/TP360\u9540\u94f6\uff083\uff09-300x300.webp 300w, https:\/\/mountlaser.com\/wp-content\/uploads\/2025\/11\/TP360\u9540\u94f6\uff083\uff09-400x400.webp 400w, https:\/\/mountlaser.com\/wp-content\/uploads\/2025\/11\/TP360\u9540\u94f6\uff083\uff09-800x800.webp 800w, https:\/\/mountlaser.com\/wp-content\/uploads\/2025\/11\/TP360\u9540\u94f6\uff083\uff09-600x600.webp 600w, https:\/\/mountlaser.com\/wp-content\/uploads\/2025\/11\/TP360\u9540\u94f6\uff083\uff09-150x150.webp 150w, https:\/\/mountlaser.com\/wp-content\/uploads\/2025\/11\/TP360\u9540\u94f6\uff083\uff09-768x768.webp 768w, https:\/\/mountlaser.com\/wp-content\/uploads\/2025\/11\/TP360\u9540\u94f6\uff083\uff09-12x12.webp 12w, https:\/\/mountlaser.com\/wp-content\/uploads\/2025\/11\/TP360\u9540\u94f6\uff083\uff09.webp 1000w\" sizes=\"(max-width: 300px) 100vw, 300px\" \/><figcaption id=\"caption-attachment-3726\" class=\"wp-caption-text\">ATP1M 360 PRISMA<\/figcaption><\/figure>\n<p>ATP1M \u2013 Dise\u00f1o met\u00e1lico, equipado con un eje central de acero inoxidable para mayor rigidez.<\/p>\n<p>ATP1MR \u2013 Versi\u00f3n met\u00e1lica con eje y anillo anticolisi\u00f3n para m\u00e1xima protecci\u00f3n.<img decoding=\"async\" class=\"aligncenter wp-image-3733 size-medium\" src=\"https:\/\/mountlaser.com\/wp-content\/uploads\/2025\/11\/ATP1-MR3-300x300.webp\" alt=\"ATP1MR\/NR 360 PRISM\" width=\"300\" height=\"300\" srcset=\"https:\/\/mountlaser.com\/wp-content\/uploads\/2025\/11\/ATP1-MR3-300x300.webp 300w, https:\/\/mountlaser.com\/wp-content\/uploads\/2025\/11\/ATP1-MR3-400x400.webp 400w, https:\/\/mountlaser.com\/wp-content\/uploads\/2025\/11\/ATP1-MR3-800x800.webp 800w, https:\/\/mountlaser.com\/wp-content\/uploads\/2025\/11\/ATP1-MR3-600x600.webp 600w, https:\/\/mountlaser.com\/wp-content\/uploads\/2025\/11\/ATP1-MR3-150x150.webp 150w, https:\/\/mountlaser.com\/wp-content\/uploads\/2025\/11\/ATP1-MR3-768x768.webp 768w, https:\/\/mountlaser.com\/wp-content\/uploads\/2025\/11\/ATP1-MR3-12x12.webp 12w, https:\/\/mountlaser.com\/wp-content\/uploads\/2025\/11\/ATP1-MR3.webp 1000w\" sizes=\"(max-width: 300px) 100vw, 300px\" \/><\/p>\n<p>ATP1NR \u2013 Dise\u00f1o en nailon, que combina la resistencia del aluminio con un peso m\u00e1s ligero, incluye eje y anillo protector.<\/p>\n<p>Con una constante de prisma de -7 mm, una precisi\u00f3n de centrado de \u00b11,5 mm y una rosca de 5\/8\u201d en ambos extremos, el <a href=\"https:\/\/mountlaser.com\/es\/contact-us\/\">ATP1 360 PRISMA<\/a> Garantiza una configuraci\u00f3n r\u00e1pida, excelente compatibilidad y precisi\u00f3n constante. Cada prisma de 360\u00b0 con prisma protector incluye una bolsa de transporte blanda y una caja interior para un almacenamiento seguro.<\/p>","protected":false},"excerpt":{"rendered":"<ul>\n<li>Seis prismas recubiertos de plata para una reflexi\u00f3n potente y uniforme.<\/li>\n<li>Anillo anticolisi\u00f3n para una mayor protecci\u00f3n en condiciones de campo<\/li>\n<li>Disponible en dise\u00f1os de pl\u00e1stico, metal y nailon para adaptarse a diferentes necesidades de topograf\u00eda.<\/li>\n<\/ul>","protected":false},"featured_media":3716,"comment_status":"open","ping_status":"closed","template":"","meta":[],"product_brand":[],"product_cat":[72,115],"product_tag":[],"class_list":{"0":"post-3715","1":"product","2":"type-product","3":"status-publish","4":"has-post-thumbnail","6":"product_cat-reflective-target-prism","7":"product_cat-wide-angle-prism","9":"first","10":"instock","11":"shipping-taxable","12":"product-type-simple"},"_links":{"self":[{"href":"https:\/\/mountlaser.com\/es\/wp-json\/wp\/v2\/product\/3715","targetHints":{"allow":["GET"]}}],"collection":[{"href":"https:\/\/mountlaser.com\/es\/wp-json\/wp\/v2\/product"}],"about":[{"href":"https:\/\/mountlaser.com\/es\/wp-json\/wp\/v2\/types\/product"}],"replies":[{"embeddable":true,"href":"https:\/\/mountlaser.com\/es\/wp-json\/wp\/v2\/comments?post=3715"}],"wp:featuredmedia":[{"embeddable":true,"href":"https:\/\/mountlaser.com\/es\/wp-json\/wp\/v2\/media\/3716"}],"wp:attachment":[{"href":"https:\/\/mountlaser.com\/es\/wp-json\/wp\/v2\/media?parent=3715"}],"wp:term":[{"taxonomy":"product_brand","embeddable":true,"href":"https:\/\/mountlaser.com\/es\/wp-json\/wp\/v2\/product_brand?post=3715"},{"taxonomy":"product_cat","embeddable":true,"href":"https:\/\/mountlaser.com\/es\/wp-json\/wp\/v2\/product_cat?post=3715"},{"taxonomy":"product_tag","embeddable":true,"href":"https:\/\/mountlaser.com\/es\/wp-json\/wp\/v2\/product_tag?post=3715"}],"curies":[{"name":"wp","href":"https:\/\/api.w.org\/{rel}","templated":true}]}}