{"id":3706,"date":"2025-11-07T05:46:05","date_gmt":"2025-11-07T05:46:05","guid":{"rendered":"https:\/\/mountlaser.com\/?post_type=product&#038;p=3706"},"modified":"2025-11-27T08:18:33","modified_gmt":"2025-11-27T08:18:33","slug":"grz101sa-swiss-style-360prism","status":"publish","type":"product","link":"https:\/\/mountlaser.com\/es\/producto\/grz101sa-swiss-style-360prism\/","title":{"rendered":"GRZ101SA de alta calidad con soporte interior"},"content":{"rendered":"<p>El <a href=\"https:\/\/mountlaser.com\/es\/\"><strong>GRZ101SA MINI PRISMA 360<\/strong><\/a> Es un reflector compacto pero de alta precisi\u00f3n, dise\u00f1ado para aplicaciones topogr\u00e1ficas profesionales que exigen estabilidad y precisi\u00f3n. <a href=\"https:\/\/mountlaser.com\/es\/about-us\/\"><strong>Mini prisma con soporte interior<\/strong><\/a>\u00a0cuenta con un conjunto de seis mini prismas, cuidadosamente alineados y pegados entre s\u00ed para proporcionar una capacidad de reflexi\u00f3n total de 360\u00b0, lo que garantiza mediciones consistentes y precisas desde todas las direcciones.<\/p>\n<p>Dise\u00f1ado con un robusto soporte interior, el GRZ101SA MINI 360 PRISM ofrece una estabilidad estructural excepcional y una larga durabilidad, incluso en condiciones de campo dif\u00edciles. Con una constante suiza de +30 mm y una precisi\u00f3n de apuntamiento de \u00b12,0 mm, este MINI PRISMA CON SOPORTE INTERIOR garantiza una alineaci\u00f3n precisa del objetivo y resultados repetibles para estaciones totales e instrumentos GNSS.<\/p>\n<p><img fetchpriority=\"high\" decoding=\"async\" class=\"aligncenter wp-image-3708\" src=\"https:\/\/mountlaser.com\/wp-content\/uploads\/2025\/11\/GRZ1012.webp\" alt=\"GRZ101SA MINI 360 PRISM\" width=\"500\" height=\"500\" srcset=\"https:\/\/mountlaser.com\/wp-content\/uploads\/2025\/11\/GRZ1012.webp 1000w, https:\/\/mountlaser.com\/wp-content\/uploads\/2025\/11\/GRZ1012-300x300.webp 300w, https:\/\/mountlaser.com\/wp-content\/uploads\/2025\/11\/GRZ1012-400x400.webp 400w, https:\/\/mountlaser.com\/wp-content\/uploads\/2025\/11\/GRZ1012-800x800.webp 800w, https:\/\/mountlaser.com\/wp-content\/uploads\/2025\/11\/GRZ1012-600x600.webp 600w, https:\/\/mountlaser.com\/wp-content\/uploads\/2025\/11\/GRZ1012-150x150.webp 150w, https:\/\/mountlaser.com\/wp-content\/uploads\/2025\/11\/GRZ1012-768x768.webp 768w, https:\/\/mountlaser.com\/wp-content\/uploads\/2025\/11\/GRZ1012-12x12.webp 12w\" sizes=\"(max-width: 500px) 100vw, 500px\" \/><\/p>\n<p>El <a href=\"https:\/\/mountlaser.com\/es\/contact-us\/\">GRZ101SA MINI PRISMA 360<\/a> Con una altura de 56 mm, es ideal para configuraciones compactas, manteniendo un excelente rendimiento y fiabilidad. Ya sea para mediciones de corto alcance o para monitoreo de precisi\u00f3n, este MINI PRISMA CON SOPORTE INTERIOR ofrece a los profesionales una soluci\u00f3n topogr\u00e1fica fiable y eficiente.<\/p>","protected":false},"excerpt":{"rendered":"<ul>\n<li>GRZ101SA MINI 360 PRISM con seis mini prismas para reflexi\u00f3n de 360\u00b0<\/li>\n<li>MINI PRISMA CON SOPORTE INTERIOR para mayor resistencia y estabilidad de alineaci\u00f3n<\/li>\n<li>Prisma compacto de 56 mm de altura para aplicaciones de campo flexibles<\/li>\n<\/ul>","protected":false},"featured_media":3712,"comment_status":"open","ping_status":"closed","template":"","meta":[],"product_brand":[],"product_cat":[72,115],"product_tag":[],"class_list":{"0":"post-3706","1":"product","2":"type-product","3":"status-publish","4":"has-post-thumbnail","6":"product_cat-reflective-target-prism","7":"product_cat-wide-angle-prism","9":"first","10":"instock","11":"shipping-taxable","12":"product-type-simple"},"_links":{"self":[{"href":"https:\/\/mountlaser.com\/es\/wp-json\/wp\/v2\/product\/3706","targetHints":{"allow":["GET"]}}],"collection":[{"href":"https:\/\/mountlaser.com\/es\/wp-json\/wp\/v2\/product"}],"about":[{"href":"https:\/\/mountlaser.com\/es\/wp-json\/wp\/v2\/types\/product"}],"replies":[{"embeddable":true,"href":"https:\/\/mountlaser.com\/es\/wp-json\/wp\/v2\/comments?post=3706"}],"wp:featuredmedia":[{"embeddable":true,"href":"https:\/\/mountlaser.com\/es\/wp-json\/wp\/v2\/media\/3712"}],"wp:attachment":[{"href":"https:\/\/mountlaser.com\/es\/wp-json\/wp\/v2\/media?parent=3706"}],"wp:term":[{"taxonomy":"product_brand","embeddable":true,"href":"https:\/\/mountlaser.com\/es\/wp-json\/wp\/v2\/product_brand?post=3706"},{"taxonomy":"product_cat","embeddable":true,"href":"https:\/\/mountlaser.com\/es\/wp-json\/wp\/v2\/product_cat?post=3706"},{"taxonomy":"product_tag","embeddable":true,"href":"https:\/\/mountlaser.com\/es\/wp-json\/wp\/v2\/product_tag?post=3706"}],"curies":[{"name":"wp","href":"https:\/\/api.w.org\/{rel}","templated":true}]}}