{"id":3698,"date":"2025-11-07T05:32:21","date_gmt":"2025-11-07T05:32:21","guid":{"rendered":"https:\/\/mountlaser.com\/?post_type=product&#038;p=3698"},"modified":"2025-11-27T08:20:50","modified_gmt":"2025-11-27T08:20:50","slug":"grz101-swiss-style-360prism","status":"publish","type":"product","link":"https:\/\/mountlaser.com\/es\/producto\/grz101-swiss-style-360prism\/","title":{"rendered":"GRZ101 Dise\u00f1o de metal de calidad media"},"content":{"rendered":"<p>El <a href=\"https:\/\/mountlaser.com\/es\/\"><strong>GRZ101 Mini reflector de 360 grados<\/strong><\/a> Es un prisma topogr\u00e1fico de alta precisi\u00f3n, dise\u00f1ado para mediciones precisas y durabilidad en entornos de campo exigentes. Fabricado en aluminio robusto, el <a href=\"https:\/\/mountlaser.com\/es\/about-us\/\"><strong>Prisma GRZ101<\/strong><\/a> Combina un eje central de acero inoxidable con un anillo anticolisi\u00f3n, lo que garantiza una estabilidad y protecci\u00f3n duraderas durante el funcionamiento.<\/p>\n<p>El prisma GRZ101 cuenta con un conjunto de seis miniprismas, perfectamente pegados entre s\u00ed para ofrecer una cobertura reflectante completa de 360\u00b0. Con una constante suiza de +23,1 mm y una precisi\u00f3n de centrado de \u00b12 mm, el prisma GRZ101 ofrece un rendimiento excepcional para estaciones totales y aplicaciones GNSS, garantizando resultados fiables desde cualquier direcci\u00f3n de medici\u00f3n.<\/p>\n<p><img fetchpriority=\"high\" decoding=\"async\" class=\"aligncenter wp-image-3702\" src=\"https:\/\/mountlaser.com\/wp-content\/uploads\/2025\/11\/GRZ101S4.webp\" alt=\"grz101 prism\" width=\"500\" height=\"500\" srcset=\"https:\/\/mountlaser.com\/wp-content\/uploads\/2025\/11\/GRZ101S4.webp 1000w, https:\/\/mountlaser.com\/wp-content\/uploads\/2025\/11\/GRZ101S4-300x300.webp 300w, https:\/\/mountlaser.com\/wp-content\/uploads\/2025\/11\/GRZ101S4-400x400.webp 400w, https:\/\/mountlaser.com\/wp-content\/uploads\/2025\/11\/GRZ101S4-800x800.webp 800w, https:\/\/mountlaser.com\/wp-content\/uploads\/2025\/11\/GRZ101S4-600x600.webp 600w, https:\/\/mountlaser.com\/wp-content\/uploads\/2025\/11\/GRZ101S4-150x150.webp 150w, https:\/\/mountlaser.com\/wp-content\/uploads\/2025\/11\/GRZ101S4-768x768.webp 768w, https:\/\/mountlaser.com\/wp-content\/uploads\/2025\/11\/GRZ101S4-12x12.webp 12w\" sizes=\"(max-width: 500px) 100vw, 500px\" \/><\/p>\n<p>Equipado con roscas de 5\/8\u2033-11 tanto en la parte superior como en la inferior, el <a href=\"https:\/\/mountlaser.com\/es\/contact-us\/\">GRZ101 Mini reflector de 360 grados<\/a> Permite la f\u00e1cil instalaci\u00f3n de antenas y postes. La conexi\u00f3n r\u00e1pida mediante bot\u00f3n pulsador mejora la eficiencia en campo, permitiendo a los top\u00f3grafos instalar y desmontar el equipo de forma r\u00e1pida y segura.<\/p>","protected":false},"excerpt":{"rendered":"<ul>\n<li>Carcasa de aluminio con anillo anticolisi\u00f3n para una mayor durabilidad.<\/li>\n<li>El eje central de acero inoxidable garantiza el equilibrio estructural y la estabilidad.<\/li>\n<li>Bot\u00f3n pulsador de liberaci\u00f3n r\u00e1pida para una f\u00e1cil instalaci\u00f3n y extracci\u00f3n<\/li>\n<\/ul>","protected":false},"featured_media":3699,"comment_status":"open","ping_status":"closed","template":"","meta":[],"product_brand":[],"product_cat":[72,115],"product_tag":[],"class_list":{"0":"post-3698","1":"product","2":"type-product","3":"status-publish","4":"has-post-thumbnail","6":"product_cat-reflective-target-prism","7":"product_cat-wide-angle-prism","9":"first","10":"instock","11":"shipping-taxable","12":"product-type-simple"},"_links":{"self":[{"href":"https:\/\/mountlaser.com\/es\/wp-json\/wp\/v2\/product\/3698","targetHints":{"allow":["GET"]}}],"collection":[{"href":"https:\/\/mountlaser.com\/es\/wp-json\/wp\/v2\/product"}],"about":[{"href":"https:\/\/mountlaser.com\/es\/wp-json\/wp\/v2\/types\/product"}],"replies":[{"embeddable":true,"href":"https:\/\/mountlaser.com\/es\/wp-json\/wp\/v2\/comments?post=3698"}],"wp:featuredmedia":[{"embeddable":true,"href":"https:\/\/mountlaser.com\/es\/wp-json\/wp\/v2\/media\/3699"}],"wp:attachment":[{"href":"https:\/\/mountlaser.com\/es\/wp-json\/wp\/v2\/media?parent=3698"}],"wp:term":[{"taxonomy":"product_brand","embeddable":true,"href":"https:\/\/mountlaser.com\/es\/wp-json\/wp\/v2\/product_brand?post=3698"},{"taxonomy":"product_cat","embeddable":true,"href":"https:\/\/mountlaser.com\/es\/wp-json\/wp\/v2\/product_cat?post=3698"},{"taxonomy":"product_tag","embeddable":true,"href":"https:\/\/mountlaser.com\/es\/wp-json\/wp\/v2\/product_tag?post=3698"}],"curies":[{"name":"wp","href":"https:\/\/api.w.org\/{rel}","templated":true}]}}