{"id":3690,"date":"2025-11-07T04:54:13","date_gmt":"2025-11-07T04:54:13","guid":{"rendered":"https:\/\/mountlaser.com\/?post_type=product&#038;p=3690"},"modified":"2025-11-27T08:22:58","modified_gmt":"2025-11-27T08:22:58","slug":"mpr122-122r-swiss-style-360prism","status":"publish","type":"product","link":"https:\/\/mountlaser.com\/es\/producto\/mpr122-122r-swiss-style-360prism\/","title":{"rendered":"Prisma de 360\u00b0 estilo suizo MPR122\/122R"},"content":{"rendered":"<p>El <a href=\"https:\/\/mountlaser.com\/es\/\"><strong>PRISMA DE 360\u00b0 ESTILO SUIZO MPR122<\/strong><\/a> Es un reflector de primera calidad dise\u00f1ado para top\u00f3grafos profesionales que exigen precisi\u00f3n, estabilidad y un rendimiento robusto. Fabricado con un cuerpo de aluminio duradero y un anillo anticolisi\u00f3n, el <a href=\"https:\/\/mountlaser.com\/es\/contact-us\/\"><strong>PRISMA MPR122<\/strong><\/a> garantiza confiabilidad a largo plazo incluso en condiciones de campo dif\u00edciles.<\/p>\n<p>Dise\u00f1ado con un eje central de acero inoxidable, el PRISM MPR122 proporciona una alineaci\u00f3n rotacional uniforme y un equilibrio estructural \u00f3ptimo. El conjunto de prismas consta de seis miniprismas pegados con precisi\u00f3n, que forman una superficie reflectante de 360\u00b0 para una captura de se\u00f1al completa desde cualquier direcci\u00f3n.<\/p>\n<p><img fetchpriority=\"high\" decoding=\"async\" class=\"aligncenter wp-image-3693\" src=\"https:\/\/mountlaser.com\/wp-content\/uploads\/2025\/11\/MRP1223.webp\" alt=\"MPR122 PRISM\" width=\"500\" height=\"500\" srcset=\"https:\/\/mountlaser.com\/wp-content\/uploads\/2025\/11\/MRP1223.webp 1000w, https:\/\/mountlaser.com\/wp-content\/uploads\/2025\/11\/MRP1223-300x300.webp 300w, https:\/\/mountlaser.com\/wp-content\/uploads\/2025\/11\/MRP1223-400x400.webp 400w, https:\/\/mountlaser.com\/wp-content\/uploads\/2025\/11\/MRP1223-800x800.webp 800w, https:\/\/mountlaser.com\/wp-content\/uploads\/2025\/11\/MRP1223-600x600.webp 600w, https:\/\/mountlaser.com\/wp-content\/uploads\/2025\/11\/MRP1223-150x150.webp 150w, https:\/\/mountlaser.com\/wp-content\/uploads\/2025\/11\/MRP1223-768x768.webp 768w, https:\/\/mountlaser.com\/wp-content\/uploads\/2025\/11\/MRP1223-12x12.webp 12w\" sizes=\"(max-width: 500px) 100vw, 500px\" \/><\/p>\n<p>Con una constante suiza de +23,1 mm y una precisi\u00f3n de centrado de \u00b11,5 mm, el <a href=\"https:\/\/mountlaser.com\/es\/contact-us\/\">PRISMA MPR122<\/a> Garantiza un rendimiento confiable y de alta precisi\u00f3n en aplicaciones de monitoreo, mapeo e ingenier\u00eda. Equipado con roscas de 5\/8\u2033-11 en la parte superior e inferior, permite la instalaci\u00f3n de antenas y una integraci\u00f3n perfecta con jalones de prisma o adaptadores de base nivelante. La conexi\u00f3n r\u00e1pida con bot\u00f3n pulsador garantiza una configuraci\u00f3n r\u00e1pida y eficiente en campo.<\/p>","protected":false},"excerpt":{"rendered":"<ul>\n<li>Cuerpo de aluminio con anillo anticolisi\u00f3n para una mayor durabilidad.<\/li>\n<li>El eje central de acero inoxidable garantiza la estabilidad mec\u00e1nica<\/li>\n<li>Bot\u00f3n pulsador de liberaci\u00f3n r\u00e1pida para un montaje y desmontaje sin esfuerzo<\/li>\n<li>Dise\u00f1ado para tareas profesionales de topograf\u00eda con estaciones totales y GNSS<\/li>\n<\/ul>","protected":false},"featured_media":3692,"comment_status":"open","ping_status":"closed","template":"","meta":[],"product_brand":[],"product_cat":[72,115],"product_tag":[],"class_list":{"0":"post-3690","1":"product","2":"type-product","3":"status-publish","4":"has-post-thumbnail","6":"product_cat-reflective-target-prism","7":"product_cat-wide-angle-prism","9":"first","10":"instock","11":"shipping-taxable","12":"product-type-simple"},"_links":{"self":[{"href":"https:\/\/mountlaser.com\/es\/wp-json\/wp\/v2\/product\/3690","targetHints":{"allow":["GET"]}}],"collection":[{"href":"https:\/\/mountlaser.com\/es\/wp-json\/wp\/v2\/product"}],"about":[{"href":"https:\/\/mountlaser.com\/es\/wp-json\/wp\/v2\/types\/product"}],"replies":[{"embeddable":true,"href":"https:\/\/mountlaser.com\/es\/wp-json\/wp\/v2\/comments?post=3690"}],"wp:featuredmedia":[{"embeddable":true,"href":"https:\/\/mountlaser.com\/es\/wp-json\/wp\/v2\/media\/3692"}],"wp:attachment":[{"href":"https:\/\/mountlaser.com\/es\/wp-json\/wp\/v2\/media?parent=3690"}],"wp:term":[{"taxonomy":"product_brand","embeddable":true,"href":"https:\/\/mountlaser.com\/es\/wp-json\/wp\/v2\/product_brand?post=3690"},{"taxonomy":"product_cat","embeddable":true,"href":"https:\/\/mountlaser.com\/es\/wp-json\/wp\/v2\/product_cat?post=3690"},{"taxonomy":"product_tag","embeddable":true,"href":"https:\/\/mountlaser.com\/es\/wp-json\/wp\/v2\/product_tag?post=3690"}],"curies":[{"name":"wp","href":"https:\/\/api.w.org\/{rel}","templated":true}]}}