{"id":3675,"date":"2025-11-07T03:11:37","date_gmt":"2025-11-07T03:11:37","guid":{"rendered":"https:\/\/mountlaser.com\/?post_type=product&#038;p=3675"},"modified":"2025-11-27T08:24:31","modified_gmt":"2025-11-27T08:24:31","slug":"gx360-swiss-style-360prism","status":"publish","type":"product","link":"https:\/\/mountlaser.com\/es\/producto\/gx360-swiss-style-360prism\/","title":{"rendered":"Prisma de 360\u00b0 estilo suizo GX360"},"content":{"rendered":"<p>El SWISS-STYLE 360\u00b0 PRISM es un prisma profesional <a href=\"https:\/\/mountlaser.com\/es\/\"><strong>Prisma reflectante preciso de 360 grados<\/strong><\/a> Dise\u00f1ado para aplicaciones topogr\u00e1ficas de alta precisi\u00f3n. Fabricado con un cuerpo de aluminio duradero y dise\u00f1ado para ofrecer una precisi\u00f3n excepcional, este... <a href=\"https:\/\/mountlaser.com\/es\/products\/\"><strong>Prisma reflectante de 360 grados para suizo<\/strong><\/a> Las estaciones totales garantizan resultados confiables en todas las direcciones.<\/p>\n<p>Este preciso prisma reflectante de 360 grados cuenta con un exclusivo conjunto de seis miniprismas perfectamente alineados y unidos entre s\u00ed, lo que proporciona una superficie reflectante continua de 360\u00b0 para un retorno de se\u00f1al superior. Su dise\u00f1o elimina la necesidad de un eje central de acero inoxidable, lo que resulta en una estructura ligera pero robusta que mantiene un equilibrio y una alineaci\u00f3n perfectos durante su funcionamiento.<\/p>\n<p><img fetchpriority=\"high\" decoding=\"async\" class=\"aligncenter wp-image-3686\" src=\"https:\/\/mountlaser.com\/wp-content\/uploads\/2025\/11\/geomax\uff084\uff09-1.webp\" alt=\"GX360 Accurate 360 Degree Reflective Prism\" width=\"500\" height=\"500\" srcset=\"https:\/\/mountlaser.com\/wp-content\/uploads\/2025\/11\/geomax\uff084\uff09-1.webp 1000w, https:\/\/mountlaser.com\/wp-content\/uploads\/2025\/11\/geomax\uff084\uff09-1-300x300.webp 300w, https:\/\/mountlaser.com\/wp-content\/uploads\/2025\/11\/geomax\uff084\uff09-1-400x400.webp 400w, https:\/\/mountlaser.com\/wp-content\/uploads\/2025\/11\/geomax\uff084\uff09-1-800x800.webp 800w, https:\/\/mountlaser.com\/wp-content\/uploads\/2025\/11\/geomax\uff084\uff09-1-600x600.webp 600w, https:\/\/mountlaser.com\/wp-content\/uploads\/2025\/11\/geomax\uff084\uff09-1-150x150.webp 150w, https:\/\/mountlaser.com\/wp-content\/uploads\/2025\/11\/geomax\uff084\uff09-1-768x768.webp 768w, https:\/\/mountlaser.com\/wp-content\/uploads\/2025\/11\/geomax\uff084\uff09-1-12x12.webp 12w\" sizes=\"(max-width: 500px) 100vw, 500px\" \/><\/p>\n<p>Con una constante suiza de +23,1 mm y una precisi\u00f3n de centrado de \u00b12,0 mm, este <a href=\"https:\/\/mountlaser.com\/es\/contact-us\/\">Prisma reflectante de 360 grados para suizo<\/a> Los instrumentos garantizan mediciones precisas. Su conexi\u00f3n con bot\u00f3n pulsador de liberaci\u00f3n r\u00e1pida permite una r\u00e1pida conexi\u00f3n a jalones de prisma o adaptadores de base nivelante, lo que convierte al Prisma Reflectivo de 360 Grados Preciso en la opci\u00f3n ideal para ingenieros de campo y top\u00f3grafos que requieren precisi\u00f3n y eficiencia.<\/p>","protected":false},"excerpt":{"rendered":"<ul>\n<li>Carcasa de aluminio ligera: sin eje central para un mejor equilibrio<\/li>\n<li>Bot\u00f3n pulsador de liberaci\u00f3n r\u00e1pida para una f\u00e1cil instalaci\u00f3n y extracci\u00f3n<\/li>\n<li>Prisma reflectante de 360 grados ideal para aplicaciones de monitoreo y alineaci\u00f3n de estilo suizo<\/li>\n<\/ul>","protected":false},"featured_media":3683,"comment_status":"open","ping_status":"closed","template":"","meta":[],"product_brand":[],"product_cat":[72,115],"product_tag":[],"class_list":{"0":"post-3675","1":"product","2":"type-product","3":"status-publish","4":"has-post-thumbnail","6":"product_cat-reflective-target-prism","7":"product_cat-wide-angle-prism","9":"first","10":"instock","11":"shipping-taxable","12":"product-type-simple"},"_links":{"self":[{"href":"https:\/\/mountlaser.com\/es\/wp-json\/wp\/v2\/product\/3675","targetHints":{"allow":["GET"]}}],"collection":[{"href":"https:\/\/mountlaser.com\/es\/wp-json\/wp\/v2\/product"}],"about":[{"href":"https:\/\/mountlaser.com\/es\/wp-json\/wp\/v2\/types\/product"}],"replies":[{"embeddable":true,"href":"https:\/\/mountlaser.com\/es\/wp-json\/wp\/v2\/comments?post=3675"}],"wp:featuredmedia":[{"embeddable":true,"href":"https:\/\/mountlaser.com\/es\/wp-json\/wp\/v2\/media\/3683"}],"wp:attachment":[{"href":"https:\/\/mountlaser.com\/es\/wp-json\/wp\/v2\/media?parent=3675"}],"wp:term":[{"taxonomy":"product_brand","embeddable":true,"href":"https:\/\/mountlaser.com\/es\/wp-json\/wp\/v2\/product_brand?post=3675"},{"taxonomy":"product_cat","embeddable":true,"href":"https:\/\/mountlaser.com\/es\/wp-json\/wp\/v2\/product_cat?post=3675"},{"taxonomy":"product_tag","embeddable":true,"href":"https:\/\/mountlaser.com\/es\/wp-json\/wp\/v2\/product_tag?post=3675"}],"curies":[{"name":"wp","href":"https:\/\/api.w.org\/{rel}","templated":true}]}}