{"id":3659,"date":"2025-11-07T02:42:29","date_gmt":"2025-11-07T02:42:29","guid":{"rendered":"https:\/\/mountlaser.com\/?post_type=product&#038;p=3659"},"modified":"2025-11-27T08:14:19","modified_gmt":"2025-11-27T08:14:19","slug":"grz112-112m-swiss-style-360-prism","status":"publish","type":"product","link":"https:\/\/mountlaser.com\/es\/producto\/grz112-112m-swiss-style-360-prism\/","title":{"rendered":"Prisma de 360\u00b0 estilo suizo GRZ122\/122M"},"content":{"rendered":"<p>El <a href=\"https:\/\/mountlaser.com\/es\/\"><strong>prisma grz122<\/strong><\/a> es de calidad profesional<a href=\"https:\/\/mountlaser.com\/es\/products\/\"><strong> Prisma reflectante de 360 grados<\/strong><\/a> Dise\u00f1ado para una precisi\u00f3n confiable y completa en topograf\u00eda con estaci\u00f3n total. Fabricado con el tradicional dise\u00f1o suizo de 360\u00b0, el prisma grz122 ofrece un rendimiento de reflexi\u00f3n uniforme y una integraci\u00f3n perfecta con los instrumentos de estaci\u00f3n total.<\/p>\n<p>Cada prisma reflectante de 360 grados consta de seis miniprismas alineados con precisi\u00f3n, unidos entre s\u00ed para formar un conjunto \u00fanico y estable de 360\u00b0. Esta configuraci\u00f3n garantiza una alta precisi\u00f3n de medici\u00f3n y una reflexi\u00f3n \u00f3ptima en todas las direcciones. El prisma grz122 ofrece una constante suiza de +23,1 mm y una precisi\u00f3n de centrado de \u00b12,0 mm, lo que lo hace ideal para aplicaciones de campo exigentes.<\/p>\n<p>Construido sin eje central de acero inoxidable, este prisma reflectante de 360 grados de estilo suizo cuenta con un cuerpo ligero y equilibrado para una mayor portabilidad y rapidez de instalaci\u00f3n. El modelo GRZ122 utiliza una robusta carcasa de nailon, mientras que el GRZ122M cuenta con un cuerpo met\u00e1lico para mayor resistencia y durabilidad.<\/p>\n<figure id=\"attachment_3663\" aria-describedby=\"caption-attachment-3663\" style=\"width: 500px\" class=\"wp-caption aligncenter\"><img fetchpriority=\"high\" decoding=\"async\" class=\"wp-image-3663\" src=\"https:\/\/mountlaser.com\/wp-content\/uploads\/2025\/11\/L2-3604.webp\" alt=\"grz122 prism\" width=\"500\" height=\"500\" srcset=\"https:\/\/mountlaser.com\/wp-content\/uploads\/2025\/11\/L2-3604.webp 1000w, https:\/\/mountlaser.com\/wp-content\/uploads\/2025\/11\/L2-3604-300x300.webp 300w, https:\/\/mountlaser.com\/wp-content\/uploads\/2025\/11\/L2-3604-400x400.webp 400w, https:\/\/mountlaser.com\/wp-content\/uploads\/2025\/11\/L2-3604-800x800.webp 800w, https:\/\/mountlaser.com\/wp-content\/uploads\/2025\/11\/L2-3604-600x600.webp 600w, https:\/\/mountlaser.com\/wp-content\/uploads\/2025\/11\/L2-3604-150x150.webp 150w, https:\/\/mountlaser.com\/wp-content\/uploads\/2025\/11\/L2-3604-768x768.webp 768w, https:\/\/mountlaser.com\/wp-content\/uploads\/2025\/11\/L2-3604-12x12.webp 12w\" sizes=\"(max-width: 500px) 100vw, 500px\" \/><figcaption id=\"caption-attachment-3663\" class=\"wp-caption-text\">GRZ122<\/figcaption><\/figure>\n<figure id=\"attachment_3669\" aria-describedby=\"caption-attachment-3669\" style=\"width: 500px\" class=\"wp-caption aligncenter\"><img decoding=\"async\" class=\"wp-image-3669\" src=\"https:\/\/mountlaser.com\/wp-content\/uploads\/2025\/11\/L2-360-\u91d1\u5c5e\uff083\uff09.webp\" alt=\"grz122M\" width=\"500\" height=\"500\" srcset=\"https:\/\/mountlaser.com\/wp-content\/uploads\/2025\/11\/L2-360-\u91d1\u5c5e\uff083\uff09.webp 1000w, https:\/\/mountlaser.com\/wp-content\/uploads\/2025\/11\/L2-360-\u91d1\u5c5e\uff083\uff09-300x300.webp 300w, https:\/\/mountlaser.com\/wp-content\/uploads\/2025\/11\/L2-360-\u91d1\u5c5e\uff083\uff09-400x400.webp 400w, https:\/\/mountlaser.com\/wp-content\/uploads\/2025\/11\/L2-360-\u91d1\u5c5e\uff083\uff09-800x800.webp 800w, https:\/\/mountlaser.com\/wp-content\/uploads\/2025\/11\/L2-360-\u91d1\u5c5e\uff083\uff09-600x600.webp 600w, https:\/\/mountlaser.com\/wp-content\/uploads\/2025\/11\/L2-360-\u91d1\u5c5e\uff083\uff09-150x150.webp 150w, https:\/\/mountlaser.com\/wp-content\/uploads\/2025\/11\/L2-360-\u91d1\u5c5e\uff083\uff09-768x768.webp 768w, https:\/\/mountlaser.com\/wp-content\/uploads\/2025\/11\/L2-360-\u91d1\u5c5e\uff083\uff09-12x12.webp 12w\" sizes=\"(max-width: 500px) 100vw, 500px\" \/><figcaption id=\"caption-attachment-3669\" class=\"wp-caption-text\">GRZ122M<\/figcaption><\/figure>\n<p>El <a href=\"https:\/\/mountlaser.com\/es\/contact-us\/\">prisma grz122<\/a> Tambi\u00e9n incluye una conexi\u00f3n de bot\u00f3n pulsador de liberaci\u00f3n r\u00e1pida, lo que permite un montaje y extracci\u00f3n eficientes de los postes de prisma o adaptadores de base nivelante, lo que garantiza un funcionamiento suave en cada tarea de estudio.<\/p>","protected":false},"excerpt":{"rendered":"<ul>\n<li>Prisma reflectante de 360 grados con seis mini prismas para una cobertura completa<\/li>\n<li>GRZ122: Cuerpo de nailon duradero<\/li>\n<li>GRZ122M: Carcasa met\u00e1lica reforzada<\/li>\n<li>Bot\u00f3n pulsador de liberaci\u00f3n r\u00e1pida para una f\u00e1cil instalaci\u00f3n y extracci\u00f3n<\/li>\n<li>Sin eje central de acero inoxidable, lo que garantiza un manejo ligero<\/li>\n<\/ul>","protected":false},"featured_media":3661,"comment_status":"open","ping_status":"closed","template":"","meta":[],"product_brand":[],"product_cat":[72,115],"product_tag":[],"class_list":{"0":"post-3659","1":"product","2":"type-product","3":"status-publish","4":"has-post-thumbnail","6":"product_cat-reflective-target-prism","7":"product_cat-wide-angle-prism","9":"first","10":"instock","11":"shipping-taxable","12":"product-type-simple"},"_links":{"self":[{"href":"https:\/\/mountlaser.com\/es\/wp-json\/wp\/v2\/product\/3659","targetHints":{"allow":["GET"]}}],"collection":[{"href":"https:\/\/mountlaser.com\/es\/wp-json\/wp\/v2\/product"}],"about":[{"href":"https:\/\/mountlaser.com\/es\/wp-json\/wp\/v2\/types\/product"}],"replies":[{"embeddable":true,"href":"https:\/\/mountlaser.com\/es\/wp-json\/wp\/v2\/comments?post=3659"}],"wp:featuredmedia":[{"embeddable":true,"href":"https:\/\/mountlaser.com\/es\/wp-json\/wp\/v2\/media\/3661"}],"wp:attachment":[{"href":"https:\/\/mountlaser.com\/es\/wp-json\/wp\/v2\/media?parent=3659"}],"wp:term":[{"taxonomy":"product_brand","embeddable":true,"href":"https:\/\/mountlaser.com\/es\/wp-json\/wp\/v2\/product_brand?post=3659"},{"taxonomy":"product_cat","embeddable":true,"href":"https:\/\/mountlaser.com\/es\/wp-json\/wp\/v2\/product_cat?post=3659"},{"taxonomy":"product_tag","embeddable":true,"href":"https:\/\/mountlaser.com\/es\/wp-json\/wp\/v2\/product_tag?post=3659"}],"curies":[{"name":"wp","href":"https:\/\/api.w.org\/{rel}","templated":true}]}}