{"id":3642,"date":"2025-11-07T02:11:50","date_gmt":"2025-11-07T02:11:50","guid":{"rendered":"https:\/\/mountlaser.com\/?post_type=product&#038;p=3642"},"modified":"2025-11-27T08:25:46","modified_gmt":"2025-11-27T08:25:46","slug":"swiss-style-360-prism","status":"publish","type":"product","link":"https:\/\/mountlaser.com\/es\/producto\/swiss-style-360-prism\/","title":{"rendered":"GRZ4\/ GRZ4M Prisma de 360\u00b0 de estilo suizo"},"content":{"rendered":"<p>El <a href=\"https:\/\/mountlaser.com\/es\/\"><strong>Reflector GRZ4 de 360\u00b0<\/strong> <\/a>Representa una herramienta muy precisa y duradera. <a href=\"https:\/\/mountlaser.com\/es\/products\/\"><strong>Prisma de 360\u00b0 estilo suizo<\/strong><\/a> Soluci\u00f3n dise\u00f1ada para aplicaciones de estaci\u00f3n total que requieren mediciones precisas en todas las direcciones. Dise\u00f1ado pensando en los top\u00f3grafos profesionales, el reflector GRZ4 de 360\u00b0 garantiza un reconocimiento uniforme del objetivo y una captura de datos eficiente desde cualquier \u00e1ngulo.<\/p>\n<p>Este prisma de 360\u00b0 de estilo suizo cuenta con un robusto conjunto de seis prismas, perfectamente pegados entre s\u00ed para ofrecer una cobertura completa de 360\u00b0. Ofrece una constante suiza de +23,1 mm, lo que garantiza su compatibilidad con instrumentos de estilo suizo, y garantiza una precisi\u00f3n de centrado de \u00b12,0 mm para un rendimiento fiable en campo.<\/p>\n<p><img fetchpriority=\"high\" decoding=\"async\" class=\"aligncenter wp-image-3653\" src=\"https:\/\/mountlaser.com\/wp-content\/uploads\/2025\/11\/L1-3603.webp\" alt=\"GRZ4 360\u00b0 Reflector\" width=\"500\" height=\"500\" srcset=\"https:\/\/mountlaser.com\/wp-content\/uploads\/2025\/11\/L1-3603.webp 1000w, https:\/\/mountlaser.com\/wp-content\/uploads\/2025\/11\/L1-3603-300x300.webp 300w, https:\/\/mountlaser.com\/wp-content\/uploads\/2025\/11\/L1-3603-400x400.webp 400w, https:\/\/mountlaser.com\/wp-content\/uploads\/2025\/11\/L1-3603-800x800.webp 800w, https:\/\/mountlaser.com\/wp-content\/uploads\/2025\/11\/L1-3603-600x600.webp 600w, https:\/\/mountlaser.com\/wp-content\/uploads\/2025\/11\/L1-3603-150x150.webp 150w, https:\/\/mountlaser.com\/wp-content\/uploads\/2025\/11\/L1-3603-768x768.webp 768w, https:\/\/mountlaser.com\/wp-content\/uploads\/2025\/11\/L1-3603-12x12.webp 12w\" sizes=\"(max-width: 500px) 100vw, 500px\" \/><\/p>\n<p>El reflector GRZ4 360\u00b0 est\u00e1 disponible en dos modelos:<\/p>\n<p>GRZ4: Dise\u00f1o de pl\u00e1stico liviano hecho de nailon duradero<\/p>\n<p>GRZ4M: Dise\u00f1o de metal reforzado para m\u00e1xima estabilidad y longevidad.<\/p>\n<p>Cada <a href=\"https:\/\/mountlaser.com\/es\/contact-us\/\">Prisma de 360\u00b0 estilo suizo<\/a> Est\u00e1 equipado con un conector de bot\u00f3n pulsador de liberaci\u00f3n r\u00e1pida, que permite una r\u00e1pida conexi\u00f3n y desconexi\u00f3n en postes o adaptadores de base nivelante. Su dise\u00f1o compacto y sin eje mejora a\u00fan m\u00e1s la portabilidad y la fiabilidad durante su uso.<\/p>","protected":false},"excerpt":{"rendered":"<ul>\n<li>Prisma de estilo suizo de 360\u00b0 con 6 mini prismas integrados para una cobertura completa<\/li>\n<li>Bot\u00f3n pulsador de liberaci\u00f3n r\u00e1pida para un montaje r\u00e1pido y seguro<\/li>\n<li>Sin eje central de acero inoxidable, lo que garantiza una forma ligera y compacta<\/li>\n<\/ul>","protected":false},"featured_media":3646,"comment_status":"open","ping_status":"closed","template":"","meta":[],"product_brand":[],"product_cat":[72,115],"product_tag":[],"class_list":{"0":"post-3642","1":"product","2":"type-product","3":"status-publish","4":"has-post-thumbnail","6":"product_cat-reflective-target-prism","7":"product_cat-wide-angle-prism","9":"first","10":"instock","11":"shipping-taxable","12":"product-type-simple"},"_links":{"self":[{"href":"https:\/\/mountlaser.com\/es\/wp-json\/wp\/v2\/product\/3642","targetHints":{"allow":["GET"]}}],"collection":[{"href":"https:\/\/mountlaser.com\/es\/wp-json\/wp\/v2\/product"}],"about":[{"href":"https:\/\/mountlaser.com\/es\/wp-json\/wp\/v2\/types\/product"}],"replies":[{"embeddable":true,"href":"https:\/\/mountlaser.com\/es\/wp-json\/wp\/v2\/comments?post=3642"}],"wp:featuredmedia":[{"embeddable":true,"href":"https:\/\/mountlaser.com\/es\/wp-json\/wp\/v2\/media\/3646"}],"wp:attachment":[{"href":"https:\/\/mountlaser.com\/es\/wp-json\/wp\/v2\/media?parent=3642"}],"wp:term":[{"taxonomy":"product_brand","embeddable":true,"href":"https:\/\/mountlaser.com\/es\/wp-json\/wp\/v2\/product_brand?post=3642"},{"taxonomy":"product_cat","embeddable":true,"href":"https:\/\/mountlaser.com\/es\/wp-json\/wp\/v2\/product_cat?post=3642"},{"taxonomy":"product_tag","embeddable":true,"href":"https:\/\/mountlaser.com\/es\/wp-json\/wp\/v2\/product_tag?post=3642"}],"curies":[{"name":"wp","href":"https:\/\/api.w.org\/{rel}","templated":true}]}}