{"id":3631,"date":"2025-11-07T01:23:30","date_gmt":"2025-11-07T01:23:30","guid":{"rendered":"https:\/\/mountlaser.com\/?post_type=product&#038;p=3631"},"modified":"2025-11-27T08:58:29","modified_gmt":"2025-11-27T08:58:29","slug":"mg1500sl-top-sliding-prism-with-pole","status":"publish","type":"product","link":"https:\/\/mountlaser.com\/es\/producto\/mg1500sl-top-sliding-prism-with-pole\/","title":{"rendered":"Prisma deslizante superior con poste MG1500SL"},"content":{"rendered":"<p>El <a href=\"https:\/\/mountlaser.com\/es\/\"><strong>Mini prisma MG-1500SL<\/strong><\/a> Es un dise\u00f1o de precisi\u00f3n <a href=\"https:\/\/mountlaser.com\/es\/products\/\"><strong>Mini prisma amarillo con poste para estaciones totales<\/strong><\/a>, Dise\u00f1ado para ofrecer alta precisi\u00f3n y una durabilidad excepcional para top\u00f3grafos profesionales. Dise\u00f1ado para ofrecer versatilidad en diversas condiciones de campo, este mini prisma mg-1500sl cuenta con un prisma de 38,1 mm con revestimiento de plata que garantiza una reflectividad superior y un retorno de se\u00f1al estable incluso a largas distancias.<\/p>\n<p>Equipado con un desplazamiento ajustable de 0\/-30 mm, el miniprisma MG-1500SL ofrece opciones de medici\u00f3n flexibles, ideales tanto para prismas est\u00e1ndar como de esquina. Incluye un adaptador de esquina para una alineaci\u00f3n y posicionamiento perfectos, lo que lo convierte en el miniprisma amarillo con jal\u00f3n ideal para estaciones totales utilizadas en proyectos de construcci\u00f3n, ingenier\u00eda y monitoreo.<\/p>\n<p><img fetchpriority=\"high\" decoding=\"async\" class=\"aligncenter wp-image-3636\" src=\"https:\/\/mountlaser.com\/wp-content\/uploads\/2025\/11\/MG-1500SL5.webp\" alt=\"mg-1500sl mini prism\" width=\"500\" height=\"500\" srcset=\"https:\/\/mountlaser.com\/wp-content\/uploads\/2025\/11\/MG-1500SL5.webp 1000w, https:\/\/mountlaser.com\/wp-content\/uploads\/2025\/11\/MG-1500SL5-300x300.webp 300w, https:\/\/mountlaser.com\/wp-content\/uploads\/2025\/11\/MG-1500SL5-400x400.webp 400w, https:\/\/mountlaser.com\/wp-content\/uploads\/2025\/11\/MG-1500SL5-800x800.webp 800w, https:\/\/mountlaser.com\/wp-content\/uploads\/2025\/11\/MG-1500SL5-600x600.webp 600w, https:\/\/mountlaser.com\/wp-content\/uploads\/2025\/11\/MG-1500SL5-150x150.webp 150w, https:\/\/mountlaser.com\/wp-content\/uploads\/2025\/11\/MG-1500SL5-768x768.webp 768w, https:\/\/mountlaser.com\/wp-content\/uploads\/2025\/11\/MG-1500SL5-12x12.webp 12w\" sizes=\"(max-width: 500px) 100vw, 500px\" \/><\/p>\n<p>El miniprisma mg-1500sl tambi\u00e9n cuenta con un adaptador de doble rosca (macho M6 y hembra 5\/8\u2033-11) para una compatibilidad total con postes y accesorios de prisma est\u00e1ndar. Un adaptador de mango proporciona mayor comodidad y control, mientras que el poste de acero inoxidable de cinco secciones (cada una de 300 mm, extensible hasta 1,5 m) proporciona portabilidad y resistencia.<\/p>\n<p>Este <a href=\"https:\/\/mountlaser.com\/es\/contact-us\/\">Mini prisma amarillo con poste para estaciones totales<\/a> Se empaqueta en una bolsa protectora suave, lo que garantiza un transporte seguro y un rendimiento duradero en todos los entornos de trabajo.<\/p>","protected":false},"excerpt":{"rendered":"<ul>\n<li>Adaptador de esquina incluido para facilitar el uso del prisma de esquina<\/li>\n<li>Adaptador de mango para un manejo y una configuraci\u00f3n c\u00f3modos<\/li>\n<li>Durable y port\u00e1til, se suministra con una bolsa protectora suave.<\/li>\n<\/ul>","protected":false},"featured_media":3632,"comment_status":"open","ping_status":"closed","template":"","meta":[],"product_brand":[],"product_cat":[72,114],"product_tag":[],"class_list":{"0":"post-3631","1":"product","2":"type-product","3":"status-publish","4":"has-post-thumbnail","6":"product_cat-reflective-target-prism","7":"product_cat-mini-prism-with-pole","9":"first","10":"instock","11":"shipping-taxable","12":"product-type-simple"},"_links":{"self":[{"href":"https:\/\/mountlaser.com\/es\/wp-json\/wp\/v2\/product\/3631","targetHints":{"allow":["GET"]}}],"collection":[{"href":"https:\/\/mountlaser.com\/es\/wp-json\/wp\/v2\/product"}],"about":[{"href":"https:\/\/mountlaser.com\/es\/wp-json\/wp\/v2\/types\/product"}],"replies":[{"embeddable":true,"href":"https:\/\/mountlaser.com\/es\/wp-json\/wp\/v2\/comments?post=3631"}],"wp:featuredmedia":[{"embeddable":true,"href":"https:\/\/mountlaser.com\/es\/wp-json\/wp\/v2\/media\/3632"}],"wp:attachment":[{"href":"https:\/\/mountlaser.com\/es\/wp-json\/wp\/v2\/media?parent=3631"}],"wp:term":[{"taxonomy":"product_brand","embeddable":true,"href":"https:\/\/mountlaser.com\/es\/wp-json\/wp\/v2\/product_brand?post=3631"},{"taxonomy":"product_cat","embeddable":true,"href":"https:\/\/mountlaser.com\/es\/wp-json\/wp\/v2\/product_cat?post=3631"},{"taxonomy":"product_tag","embeddable":true,"href":"https:\/\/mountlaser.com\/es\/wp-json\/wp\/v2\/product_tag?post=3631"}],"curies":[{"name":"wp","href":"https:\/\/api.w.org\/{rel}","templated":true}]}}