{"id":3621,"date":"2025-11-06T09:29:18","date_gmt":"2025-11-06T09:29:18","guid":{"rendered":"https:\/\/mountlaser.com\/?post_type=product&#038;p=3621"},"modified":"2025-11-27T09:09:35","modified_gmt":"2025-11-27T09:09:35","slug":"m1500-top-sliding-prism-with-pole","status":"publish","type":"product","link":"https:\/\/mountlaser.com\/es\/producto\/m1500-top-sliding-prism-with-pole\/","title":{"rendered":"Prisma deslizante superior M1500 con poste"},"content":{"rendered":"<p>El <a href=\"https:\/\/mountlaser.com\/es\/\"><strong>Prisma deslizante superior M1500 con poste<\/strong><\/a> Es un prisma deslizante de alto rendimiento con jal\u00f3n, dise\u00f1ado para ofrecer precisi\u00f3n, fiabilidad y adaptabilidad excepcionales para aplicaciones topogr\u00e1ficas exigentes. Dise\u00f1ado para profesionales que requieren precisi\u00f3n constante, el prisma deslizante superior con jal\u00f3n M1500 cuenta con un prisma de 38,1 mm con revestimiento de plata de alto rendimiento que garantiza una reflectividad superior y un retorno de se\u00f1al preciso incluso en condiciones de campo dif\u00edciles.<\/p>\n<p>Dise\u00f1ado para ser vers\u00e1til, este <a href=\"https:\/\/mountlaser.com\/es\/about-us\/\"><strong>prisma deslizante de alto rendimiento con poste<\/strong><\/a> Incluye un adaptador de esquina, lo que le permite funcionar como prisma est\u00e1ndar y de esquina. Con un desplazamiento de prisma de 0 mm, garantiza mediciones precisas para tareas de monitoreo, alineaci\u00f3n y topograf\u00eda de construcci\u00f3n.<\/p>\n<p><img fetchpriority=\"high\" decoding=\"async\" class=\"aligncenter wp-image-3622\" src=\"https:\/\/mountlaser.com\/wp-content\/uploads\/2025\/11\/M-15001.webp\" alt=\"M1500 Top Sliding Prism With Pole\" width=\"500\" height=\"500\" srcset=\"https:\/\/mountlaser.com\/wp-content\/uploads\/2025\/11\/M-15001.webp 1000w, https:\/\/mountlaser.com\/wp-content\/uploads\/2025\/11\/M-15001-300x300.webp 300w, https:\/\/mountlaser.com\/wp-content\/uploads\/2025\/11\/M-15001-400x400.webp 400w, https:\/\/mountlaser.com\/wp-content\/uploads\/2025\/11\/M-15001-800x800.webp 800w, https:\/\/mountlaser.com\/wp-content\/uploads\/2025\/11\/M-15001-600x600.webp 600w, https:\/\/mountlaser.com\/wp-content\/uploads\/2025\/11\/M-15001-150x150.webp 150w, https:\/\/mountlaser.com\/wp-content\/uploads\/2025\/11\/M-15001-768x768.webp 768w, https:\/\/mountlaser.com\/wp-content\/uploads\/2025\/11\/M-15001-12x12.webp 12w\" sizes=\"(max-width: 500px) 100vw, 500px\" \/><\/p>\n<p>El <a href=\"https:\/\/mountlaser.com\/es\/contact-us\/\">Prisma deslizante superior M1500 con poste<\/a> Ofrece dos opciones de bloqueo: el M1500MP con un fiable mecanismo de bloqueo de tornillo y el M1500GP con un sistema de doble bloqueo para mayor estabilidad durante un uso prolongado. Su poste de acero inoxidable (rosca M6, \u00d89 mm) se extiende a lo largo de cinco secciones de 300 mm, alcanzando hasta 1,5 metros (modelo SSP093005), lo que proporciona un soporte duradero en diversos entornos de campo.<\/p>\n<p>Empaquetado en una bolsa protectora suave, este prisma deslizante de alto rendimiento con poste combina portabilidad, precisi\u00f3n y durabilidad a largo plazo, lo que lo convierte en una opci\u00f3n confiable para los top\u00f3grafos de todo el mundo.<\/p>","protected":false},"excerpt":{"rendered":"<ul>\n<li>El adaptador de esquina permite un uso flexible como prisma est\u00e1ndar o de esquina.<\/li>\n<li>Dos opciones de bloqueo: bloqueo de tornillo (M1500MP) o bloqueo doble (M1500GP) para mayor estabilidad<\/li>\n<li>Poste de pasador de acero inoxidable duradero<\/li>\n<li>Se suministra con una bolsa de transporte suave para facilitar su transporte y protecci\u00f3n.<\/li>\n<\/ul>","protected":false},"featured_media":3622,"comment_status":"open","ping_status":"closed","template":"","meta":[],"product_brand":[],"product_cat":[72,114],"product_tag":[],"class_list":{"0":"post-3621","1":"product","2":"type-product","3":"status-publish","4":"has-post-thumbnail","6":"product_cat-reflective-target-prism","7":"product_cat-mini-prism-with-pole","9":"first","10":"instock","11":"shipping-taxable","12":"product-type-simple"},"_links":{"self":[{"href":"https:\/\/mountlaser.com\/es\/wp-json\/wp\/v2\/product\/3621","targetHints":{"allow":["GET"]}}],"collection":[{"href":"https:\/\/mountlaser.com\/es\/wp-json\/wp\/v2\/product"}],"about":[{"href":"https:\/\/mountlaser.com\/es\/wp-json\/wp\/v2\/types\/product"}],"replies":[{"embeddable":true,"href":"https:\/\/mountlaser.com\/es\/wp-json\/wp\/v2\/comments?post=3621"}],"wp:featuredmedia":[{"embeddable":true,"href":"https:\/\/mountlaser.com\/es\/wp-json\/wp\/v2\/media\/3622"}],"wp:attachment":[{"href":"https:\/\/mountlaser.com\/es\/wp-json\/wp\/v2\/media?parent=3621"}],"wp:term":[{"taxonomy":"product_brand","embeddable":true,"href":"https:\/\/mountlaser.com\/es\/wp-json\/wp\/v2\/product_brand?post=3621"},{"taxonomy":"product_cat","embeddable":true,"href":"https:\/\/mountlaser.com\/es\/wp-json\/wp\/v2\/product_cat?post=3621"},{"taxonomy":"product_tag","embeddable":true,"href":"https:\/\/mountlaser.com\/es\/wp-json\/wp\/v2\/product_tag?post=3621"}],"curies":[{"name":"wp","href":"https:\/\/api.w.org\/{rel}","templated":true}]}}