{"id":3595,"date":"2025-11-06T08:57:54","date_gmt":"2025-11-06T08:57:54","guid":{"rendered":"https:\/\/mountlaser.com\/?post_type=product&#038;p=3595"},"modified":"2025-11-28T00:48:29","modified_gmt":"2025-11-28T00:48:29","slug":"cls-series-aluminum-mini-prism-pole","status":"publish","type":"product","link":"https:\/\/mountlaser.com\/es\/producto\/cls-series-aluminum-mini-prism-pole\/","title":{"rendered":"Mini prisma de aluminio de la serie CLS"},"content":{"rendered":"<p>El <a href=\"https:\/\/mountlaser.com\/es\/\"><strong>Mini prisma de aluminio de la serie CLS<\/strong><\/a> Est\u00e1 dise\u00f1ado para satisfacer las rigurosas demandas de la topograf\u00eda moderna, ofreciendo un equilibrio perfecto entre estabilidad y portabilidad.<\/p>\n<p>Dise\u00f1ado espec\u00edficamente como un mini jal\u00f3n prism\u00e1tico de alto rendimiento para sistemas de estaciones totales, garantiza la captura precisa de datos en diversos proyectos. Este robusto mini jal\u00f3n prism\u00e1tico topogr\u00e1fico cuenta con un di\u00e1metro exterior de 32 mm, lo que proporciona una mayor rigidez para una precisi\u00f3n superior en campo. Fabricado con una resistente base de burbuja de aluminio y acompa\u00f1ado de una bolsa de transporte protectora, la serie CLS es ideal. <a href=\"https:\/\/mountlaser.com\/es\/products\/\"><strong>Mini prisma para estaci\u00f3n total<\/strong><\/a> configuraciones.<\/p>\n<p>La construcci\u00f3n de 32 mm de di\u00e1metro exterior (OD32mm) ofrece una mayor integridad estructural, minimizando la flexi\u00f3n y garantizando una precisi\u00f3n de medici\u00f3n constante.<\/p>\n<p><strong>Especificaciones del mini prisma de aluminio de la serie CLS<\/strong><\/p>\n<table style=\"border-collapse: collapse; width: 741.77pt;\" border=\"0\" width=\"989\" cellspacing=\"0\" cellpadding=\"0\">\n<tbody>\n<tr style=\"height: 14.25pt;\">\n<td class=\"et2\" style=\"height: 14.25pt; width: 142.50pt;\" width=\"190\" height=\"19\">N\u00daMERO<\/td>\n<td class=\"et2\" style=\"width: 127.50pt;\" width=\"170\">MATERIAL<\/td>\n<td class=\"et2\" style=\"width: 126.00pt;\" width=\"168\">ALTURA F\u00cdSICA<\/td>\n<td class=\"et2\" style=\"width: 135.00pt;\" width=\"180\">ALTURA DEL EJE DEL PRISMA<\/td>\n<td class=\"et2\" style=\"width: 124.50pt;\" width=\"166\">DI\u00c1METRO<\/td>\n<td style=\"width: 86.25pt;\" width=\"115\">imagen<\/td>\n<\/tr>\n<tr style=\"height: 14.25pt;\">\n<td class=\"et2\" style=\"height: 14.25pt;\" height=\"19\">CLS012<\/td>\n<td class=\"et3\">Aluminio<\/td>\n<td class=\"et3\">12 cent\u00edmetros<\/td>\n<td class=\"et3\">22 cent\u00edmetros<\/td>\n<td class=\"et3\">32 mm<\/td>\n<td><img fetchpriority=\"high\" decoding=\"async\" class=\"alignnone wp-image-3598 size-medium\" src=\"https:\/\/mountlaser.com\/wp-content\/uploads\/2025\/11\/CLS012-2-300x300.webp\" alt=\"Mini Prism Pole for Total Station\" width=\"300\" height=\"300\" srcset=\"https:\/\/mountlaser.com\/wp-content\/uploads\/2025\/11\/CLS012-2-300x300.webp 300w, https:\/\/mountlaser.com\/wp-content\/uploads\/2025\/11\/CLS012-2-400x400.webp 400w, https:\/\/mountlaser.com\/wp-content\/uploads\/2025\/11\/CLS012-2-800x800.webp 800w, https:\/\/mountlaser.com\/wp-content\/uploads\/2025\/11\/CLS012-2-600x600.webp 600w, https:\/\/mountlaser.com\/wp-content\/uploads\/2025\/11\/CLS012-2-150x150.webp 150w, https:\/\/mountlaser.com\/wp-content\/uploads\/2025\/11\/CLS012-2-768x768.webp 768w, https:\/\/mountlaser.com\/wp-content\/uploads\/2025\/11\/CLS012-2-12x12.webp 12w, https:\/\/mountlaser.com\/wp-content\/uploads\/2025\/11\/CLS012-2.webp 1000w\" sizes=\"(max-width: 300px) 100vw, 300px\" \/><\/td>\n<\/tr>\n<tr style=\"height: 14.25pt;\">\n<td class=\"et2\" style=\"height: 14.25pt;\" height=\"19\">CLS013<\/td>\n<td class=\"et3\">Aluminio<\/td>\n<td class=\"et3\">11,4 cm<\/td>\n<td class=\"et3\">15 cent\u00edmetros<\/td>\n<td class=\"et3\">32 mm<\/td>\n<td><img decoding=\"async\" class=\"alignnone wp-image-3605 size-medium\" src=\"https:\/\/mountlaser.com\/wp-content\/uploads\/2025\/11\/CLS013-3-300x300.webp\" alt=\"Mini Prism Pole for Total Station\" width=\"300\" height=\"300\" srcset=\"https:\/\/mountlaser.com\/wp-content\/uploads\/2025\/11\/CLS013-3-300x300.webp 300w, https:\/\/mountlaser.com\/wp-content\/uploads\/2025\/11\/CLS013-3-400x400.webp 400w, https:\/\/mountlaser.com\/wp-content\/uploads\/2025\/11\/CLS013-3-800x800.webp 800w, https:\/\/mountlaser.com\/wp-content\/uploads\/2025\/11\/CLS013-3-600x600.webp 600w, https:\/\/mountlaser.com\/wp-content\/uploads\/2025\/11\/CLS013-3-150x150.webp 150w, https:\/\/mountlaser.com\/wp-content\/uploads\/2025\/11\/CLS013-3-768x768.webp 768w, https:\/\/mountlaser.com\/wp-content\/uploads\/2025\/11\/CLS013-3-12x12.webp 12w, https:\/\/mountlaser.com\/wp-content\/uploads\/2025\/11\/CLS013-3.webp 1000w\" sizes=\"(max-width: 300px) 100vw, 300px\" \/><\/td>\n<\/tr>\n<\/tbody>\n<\/table>","protected":false},"excerpt":{"rendered":"<ul>\n<li>Incluye una bolsa de transporte suave para un transporte c\u00f3modo y seguro, lo que hace que sea f\u00e1cil llevar esta herramienta esencial a cualquier lugar de trabajo.<\/li>\n<li>Dise\u00f1ado para funcionar sin problemas como un mini prisma para sistemas de estaci\u00f3n total<\/li>\n<li>Proporcionando una plataforma estable para prismas en diversas aplicaciones topogr\u00e1ficas.<\/li>\n<\/ul>","protected":false},"featured_media":3604,"comment_status":"open","ping_status":"closed","template":"","meta":[],"product_brand":[],"product_cat":[89,116],"product_tag":[],"class_list":{"0":"post-3595","1":"product","2":"type-product","3":"status-publish","4":"has-post-thumbnail","6":"product_cat-surveying-pole-rod","7":"product_cat-aluminum-mini-prism-pole","9":"first","10":"instock","11":"shipping-taxable","12":"product-type-simple"},"_links":{"self":[{"href":"https:\/\/mountlaser.com\/es\/wp-json\/wp\/v2\/product\/3595","targetHints":{"allow":["GET"]}}],"collection":[{"href":"https:\/\/mountlaser.com\/es\/wp-json\/wp\/v2\/product"}],"about":[{"href":"https:\/\/mountlaser.com\/es\/wp-json\/wp\/v2\/types\/product"}],"replies":[{"embeddable":true,"href":"https:\/\/mountlaser.com\/es\/wp-json\/wp\/v2\/comments?post=3595"}],"wp:featuredmedia":[{"embeddable":true,"href":"https:\/\/mountlaser.com\/es\/wp-json\/wp\/v2\/media\/3604"}],"wp:attachment":[{"href":"https:\/\/mountlaser.com\/es\/wp-json\/wp\/v2\/media?parent=3595"}],"wp:term":[{"taxonomy":"product_brand","embeddable":true,"href":"https:\/\/mountlaser.com\/es\/wp-json\/wp\/v2\/product_brand?post=3595"},{"taxonomy":"product_cat","embeddable":true,"href":"https:\/\/mountlaser.com\/es\/wp-json\/wp\/v2\/product_cat?post=3595"},{"taxonomy":"product_tag","embeddable":true,"href":"https:\/\/mountlaser.com\/es\/wp-json\/wp\/v2\/product_tag?post=3595"}],"curies":[{"name":"wp","href":"https:\/\/api.w.org\/{rel}","templated":true}]}}