{"id":3594,"date":"2025-11-06T09:04:53","date_gmt":"2025-11-06T09:04:53","guid":{"rendered":"https:\/\/mountlaser.com\/?post_type=product&#038;p=3594"},"modified":"2025-11-28T00:43:32","modified_gmt":"2025-11-28T00:43:32","slug":"mp1000spt-sliding-prism-with-pole","status":"publish","type":"product","link":"https:\/\/mountlaser.com\/es\/producto\/mp1000spt-sliding-prism-with-pole\/","title":{"rendered":"MP1000SPT Prisma deslizante con poste"},"content":{"rendered":"<p>El <a href=\"https:\/\/mountlaser.com\/es\/\"><strong>MP1000SPT Prisma deslizante con poste<\/strong><\/a> Es un prisma deslizante con bast\u00f3n y revestimiento de plata de ingenier\u00eda de precisi\u00f3n, dise\u00f1ado para brindar precisi\u00f3n, durabilidad y flexibilidad excepcionales en aplicaciones de topograf\u00eda y monitoreo. Dise\u00f1ado para uso profesional en campo, el prisma deslizante con bast\u00f3n MP1000SPT ofrece un ajuste suave, un posicionamiento estable y una reflectividad superior para un rendimiento consistente a largo plazo.<\/p>\n<p>Este <a href=\"https:\/\/mountlaser.com\/es\/products\/\"><strong>Prisma deslizante superior con revestimiento de plata y poste<\/strong><\/a> Cuenta con un prisma de 25,4 mm con revestimiento de plata de alta reflectividad, lo que garantiza un retorno de se\u00f1al \u00f3ptimo y una precisi\u00f3n de medici\u00f3n \u00f3ptima. Su dise\u00f1o multifuncional permite su uso como prisma est\u00e1ndar o de esquina, lo que lo hace ideal para diversas condiciones de sitio.<\/p>\n<p><img fetchpriority=\"high\" decoding=\"async\" class=\"aligncenter wp-image-3603\" src=\"https:\/\/mountlaser.com\/wp-content\/uploads\/2025\/11\/MG-1000SPT5.webp\" alt=\"MP1000SPT Sliding Prism with Pole\" width=\"500\" height=\"500\" srcset=\"https:\/\/mountlaser.com\/wp-content\/uploads\/2025\/11\/MG-1000SPT5.webp 1000w, https:\/\/mountlaser.com\/wp-content\/uploads\/2025\/11\/MG-1000SPT5-300x300.webp 300w, https:\/\/mountlaser.com\/wp-content\/uploads\/2025\/11\/MG-1000SPT5-400x400.webp 400w, https:\/\/mountlaser.com\/wp-content\/uploads\/2025\/11\/MG-1000SPT5-800x800.webp 800w, https:\/\/mountlaser.com\/wp-content\/uploads\/2025\/11\/MG-1000SPT5-600x600.webp 600w, https:\/\/mountlaser.com\/wp-content\/uploads\/2025\/11\/MG-1000SPT5-150x150.webp 150w, https:\/\/mountlaser.com\/wp-content\/uploads\/2025\/11\/MG-1000SPT5-768x768.webp 768w, https:\/\/mountlaser.com\/wp-content\/uploads\/2025\/11\/MG-1000SPT5-12x12.webp 12w\" sizes=\"(max-width: 500px) 100vw, 500px\" \/><\/p>\n<p>El<a href=\"https:\/\/mountlaser.com\/es\/about-us\/\"> MP1000SPT Prisma deslizante con poste<\/a> Incluye un bot\u00f3n de liberaci\u00f3n r\u00e1pida para un ajuste deslizante sin esfuerzo y un cabezal de prisma giratorio de 180\u00b0 para una punter\u00eda precisa. El poste de acero inoxidable incluido (rosca M6, di\u00e1metro exterior de 9 mm) se extiende a lo largo de cinco secciones de 300 mm, alcanzando una altura total de 1,5 metros (modelo SSP093005), ideal para configuraciones estables y listas para el campo.<\/p>\n<p>Empaquetado con una bolsa protectora suave, el prisma deslizante superior con revestimiento de plata con poste es una soluci\u00f3n completa y port\u00e1til para los profesionales de la topograf\u00eda moderna.<\/p>","protected":false},"excerpt":{"rendered":"<ul>\n<li>Giratorio hasta 180\u00b0 para una alineaci\u00f3n flexible y aplicaciones en esquinas.<\/li>\n<li>Mecanismo deslizante de liberaci\u00f3n r\u00e1pida para un ajuste f\u00e1cil y un posicionamiento seguro.<\/li>\n<li>Poste de pasador de acero inoxidable duradero para mayor estabilidad.<\/li>\n<li>Bolsa de transporte protectora suave para transporte y protecci\u00f3n.<\/li>\n<\/ul>","protected":false},"featured_media":3597,"comment_status":"open","ping_status":"closed","template":"","meta":[],"product_brand":[],"product_cat":[72,114],"product_tag":[],"class_list":{"0":"post-3594","1":"product","2":"type-product","3":"status-publish","4":"has-post-thumbnail","6":"product_cat-reflective-target-prism","7":"product_cat-mini-prism-with-pole","9":"first","10":"instock","11":"shipping-taxable","12":"product-type-simple"},"_links":{"self":[{"href":"https:\/\/mountlaser.com\/es\/wp-json\/wp\/v2\/product\/3594","targetHints":{"allow":["GET"]}}],"collection":[{"href":"https:\/\/mountlaser.com\/es\/wp-json\/wp\/v2\/product"}],"about":[{"href":"https:\/\/mountlaser.com\/es\/wp-json\/wp\/v2\/types\/product"}],"replies":[{"embeddable":true,"href":"https:\/\/mountlaser.com\/es\/wp-json\/wp\/v2\/comments?post=3594"}],"wp:featuredmedia":[{"embeddable":true,"href":"https:\/\/mountlaser.com\/es\/wp-json\/wp\/v2\/media\/3597"}],"wp:attachment":[{"href":"https:\/\/mountlaser.com\/es\/wp-json\/wp\/v2\/media?parent=3594"}],"wp:term":[{"taxonomy":"product_brand","embeddable":true,"href":"https:\/\/mountlaser.com\/es\/wp-json\/wp\/v2\/product_brand?post=3594"},{"taxonomy":"product_cat","embeddable":true,"href":"https:\/\/mountlaser.com\/es\/wp-json\/wp\/v2\/product_cat?post=3594"},{"taxonomy":"product_tag","embeddable":true,"href":"https:\/\/mountlaser.com\/es\/wp-json\/wp\/v2\/product_tag?post=3594"}],"curies":[{"name":"wp","href":"https:\/\/api.w.org\/{rel}","templated":true}]}}