{"id":3584,"date":"2025-11-06T08:26:22","date_gmt":"2025-11-06T08:26:22","guid":{"rendered":"https:\/\/mountlaser.com\/?post_type=product&#038;p=3584"},"modified":"2025-11-28T01:05:48","modified_gmt":"2025-11-28T01:05:48","slug":"dz-b-series-aluminum-mini-prism-pole","status":"publish","type":"product","link":"https:\/\/mountlaser.com\/es\/producto\/dz-b-series-aluminum-mini-prism-pole\/","title":{"rendered":"Mini prisma de aluminio serie DZ-B"},"content":{"rendered":"<p>El <a href=\"https:\/\/mountlaser.com\/es\/\"><strong>Mini prisma de aluminio serie DZ-B<\/strong><\/a> Representa la fusi\u00f3n perfecta de ingenier\u00eda de precisi\u00f3n y durabilidad lista para el campo, dise\u00f1ada espec\u00edficamente para top\u00f3grafos que se niegan a comprometer la precisi\u00f3n o la portabilidad.<\/p>\n<p>Este excepcional mini poste de prisma de aluminio port\u00e1til proporciona una plataforma estable y confiable para el montaje de prismas, lo que garantiza un rendimiento constante con estaciones totales en diversas aplicaciones topogr\u00e1ficas.<\/p>\n<p>Dise\u00f1ado con un di\u00e1metro exterior de 25 mm y construido con aleaci\u00f3n de aluminio de primera calidad, este <a href=\"https:\/\/mountlaser.com\/es\/products\/\"><strong>Mini prisma de aluminio port\u00e1til<\/strong><\/a> Ofrece el equilibrio ideal entre integridad estructural y maniobrabilidad liviana.<br \/>\nEquipado con una base de burbuja de aluminio resistente (disponible en negro) para una nivelaci\u00f3n r\u00e1pida y precisa, garantizando la precisi\u00f3n de la medici\u00f3n en diversas condiciones de campo.<br \/>\nlo que lo convierte en la opci\u00f3n preferida por los profesionales de la topograf\u00eda que trabajan en espacios confinados o que se mueven r\u00e1pidamente entre puntos de medici\u00f3n.<\/p>\n<p><strong><a href=\"https:\/\/mountlaser.com\/es\/contact-us\/\">Mini prisma de aluminio serie DZ-B<\/a> Presupuesto<\/strong><\/p>\n<table style=\"border-collapse: collapse; width: 741.77pt;\" border=\"0\" width=\"989\" cellspacing=\"0\" cellpadding=\"0\">\n<tbody>\n<tr style=\"height: 14.25pt;\">\n<td class=\"et2\" style=\"height: 14.25pt; width: 142.50pt;\" width=\"190\" height=\"19\">N\u00daMERO<\/td>\n<td class=\"et2\" style=\"width: 127.50pt;\" width=\"170\">MATERIAL<\/td>\n<td class=\"et2\" style=\"width: 126.00pt;\" width=\"168\">ALTURA F\u00cdSICA<\/td>\n<td class=\"et2\" style=\"width: 135.00pt;\" width=\"180\">ALTURA DEL EJE DEL PRISMA<\/td>\n<td class=\"et2\" style=\"width: 124.50pt;\" width=\"166\">DI\u00c1METRO<\/td>\n<td style=\"width: 86.25pt;\" width=\"115\">imagen<\/td>\n<\/tr>\n<tr style=\"height: 14.25pt;\">\n<td class=\"et2\" style=\"height: 14.25pt;\" height=\"19\">DZ02B<\/td>\n<td class=\"et3\">Aluminio<\/td>\n<td class=\"et2\">14 cent\u00edmetros<\/td>\n<td class=\"et2\">24 cent\u00edmetros<\/td>\n<td class=\"et2\">25 mm<\/td>\n<td><img fetchpriority=\"high\" decoding=\"async\" class=\"alignnone wp-image-3585 size-medium\" src=\"https:\/\/mountlaser.com\/wp-content\/uploads\/2025\/11\/DZ02B-1-300x300.webp\" alt=\"Hand Held Aluminum Mini Prism Pole\" width=\"300\" height=\"300\" srcset=\"https:\/\/mountlaser.com\/wp-content\/uploads\/2025\/11\/DZ02B-1-300x300.webp 300w, https:\/\/mountlaser.com\/wp-content\/uploads\/2025\/11\/DZ02B-1-400x400.webp 400w, https:\/\/mountlaser.com\/wp-content\/uploads\/2025\/11\/DZ02B-1-800x800.webp 800w, https:\/\/mountlaser.com\/wp-content\/uploads\/2025\/11\/DZ02B-1-600x600.webp 600w, https:\/\/mountlaser.com\/wp-content\/uploads\/2025\/11\/DZ02B-1-150x150.webp 150w, https:\/\/mountlaser.com\/wp-content\/uploads\/2025\/11\/DZ02B-1-768x768.webp 768w, https:\/\/mountlaser.com\/wp-content\/uploads\/2025\/11\/DZ02B-1-12x12.webp 12w, https:\/\/mountlaser.com\/wp-content\/uploads\/2025\/11\/DZ02B-1.webp 1000w\" sizes=\"(max-width: 300px) 100vw, 300px\" \/><\/td>\n<\/tr>\n<tr style=\"height: 14.25pt;\">\n<td class=\"et2\" style=\"height: 14.25pt;\" height=\"19\">DZ03B<\/td>\n<td class=\"et3\">Aluminio<\/td>\n<td class=\"et3\">20 cent\u00edmetros<\/td>\n<td class=\"et3\">30 cent\u00edmetros<\/td>\n<td class=\"et3\">25 mm<\/td>\n<td><img decoding=\"async\" class=\"alignnone wp-image-3587 size-medium\" src=\"https:\/\/mountlaser.com\/wp-content\/uploads\/2025\/11\/DZ03B-2-300x300.webp\" alt=\"Hand Held Aluminum Mini Prism Pole\" width=\"300\" height=\"300\" srcset=\"https:\/\/mountlaser.com\/wp-content\/uploads\/2025\/11\/DZ03B-2-300x300.webp 300w, https:\/\/mountlaser.com\/wp-content\/uploads\/2025\/11\/DZ03B-2-400x400.webp 400w, https:\/\/mountlaser.com\/wp-content\/uploads\/2025\/11\/DZ03B-2-800x800.webp 800w, https:\/\/mountlaser.com\/wp-content\/uploads\/2025\/11\/DZ03B-2-600x600.webp 600w, https:\/\/mountlaser.com\/wp-content\/uploads\/2025\/11\/DZ03B-2-150x150.webp 150w, https:\/\/mountlaser.com\/wp-content\/uploads\/2025\/11\/DZ03B-2-768x768.webp 768w, https:\/\/mountlaser.com\/wp-content\/uploads\/2025\/11\/DZ03B-2-12x12.webp 12w, https:\/\/mountlaser.com\/wp-content\/uploads\/2025\/11\/DZ03B-2.webp 1000w\" sizes=\"(max-width: 300px) 100vw, 300px\" \/><\/td>\n<\/tr>\n<tr style=\"height: 14.25pt;\">\n<td class=\"et2\" style=\"height: 14.25pt;\" height=\"19\">DZ04B<\/td>\n<td class=\"et3\">Aluminio<\/td>\n<td class=\"et3\">30 cent\u00edmetros<\/td>\n<td class=\"et3\">40 cent\u00edmetros<\/td>\n<td class=\"et3\">25 mm<\/td>\n<td><img decoding=\"async\" class=\"alignnone wp-image-3589 size-medium\" src=\"https:\/\/mountlaser.com\/wp-content\/uploads\/2025\/11\/DZ04B-1-300x300.webp\" alt=\"Hand Held Aluminum Mini Prism Pole\" width=\"300\" height=\"300\" srcset=\"https:\/\/mountlaser.com\/wp-content\/uploads\/2025\/11\/DZ04B-1-300x300.webp 300w, https:\/\/mountlaser.com\/wp-content\/uploads\/2025\/11\/DZ04B-1-400x400.webp 400w, https:\/\/mountlaser.com\/wp-content\/uploads\/2025\/11\/DZ04B-1-800x800.webp 800w, https:\/\/mountlaser.com\/wp-content\/uploads\/2025\/11\/DZ04B-1-600x600.webp 600w, https:\/\/mountlaser.com\/wp-content\/uploads\/2025\/11\/DZ04B-1-150x150.webp 150w, https:\/\/mountlaser.com\/wp-content\/uploads\/2025\/11\/DZ04B-1-768x768.webp 768w, https:\/\/mountlaser.com\/wp-content\/uploads\/2025\/11\/DZ04B-1-12x12.webp 12w, https:\/\/mountlaser.com\/wp-content\/uploads\/2025\/11\/DZ04B-1.webp 1000w\" sizes=\"(max-width: 300px) 100vw, 300px\" \/><\/td>\n<\/tr>\n<tr style=\"height: 14.25pt;\">\n<td class=\"et2\" style=\"height: 14.25pt;\" height=\"19\">DZ05B<\/td>\n<td class=\"et3\">Aluminio<\/td>\n<td class=\"et3\">40 cent\u00edmetros<\/td>\n<td class=\"et3\">50 cent\u00edmetros<\/td>\n<td class=\"et3\">25 mm<\/td>\n<td><img loading=\"lazy\" decoding=\"async\" class=\"alignnone wp-image-3592 size-medium\" src=\"https:\/\/mountlaser.com\/wp-content\/uploads\/2025\/11\/DZ04B-4-300x300.webp\" alt=\"Hand Held Aluminum Mini Prism Pole\" width=\"300\" height=\"300\" srcset=\"https:\/\/mountlaser.com\/wp-content\/uploads\/2025\/11\/DZ04B-4-300x300.webp 300w, https:\/\/mountlaser.com\/wp-content\/uploads\/2025\/11\/DZ04B-4-400x400.webp 400w, https:\/\/mountlaser.com\/wp-content\/uploads\/2025\/11\/DZ04B-4-800x800.webp 800w, https:\/\/mountlaser.com\/wp-content\/uploads\/2025\/11\/DZ04B-4-600x600.webp 600w, https:\/\/mountlaser.com\/wp-content\/uploads\/2025\/11\/DZ04B-4-150x150.webp 150w, https:\/\/mountlaser.com\/wp-content\/uploads\/2025\/11\/DZ04B-4-768x768.webp 768w, https:\/\/mountlaser.com\/wp-content\/uploads\/2025\/11\/DZ04B-4-12x12.webp 12w, https:\/\/mountlaser.com\/wp-content\/uploads\/2025\/11\/DZ04B-4.webp 1000w\" sizes=\"(max-width: 300px) 100vw, 300px\" \/><\/td>\n<\/tr>\n<\/tbody>\n<\/table>","protected":false},"excerpt":{"rendered":"<ul>\n<li>Construido con aleaci\u00f3n de aluminio de alto grado que ofrece una resistencia excepcional a la corrosi\u00f3n y al impacto, garantizando confiabilidad a largo plazo en entornos exigentes.<\/li>\n<li>Admite longitudes y configuraciones personalizadas para cumplir con los requisitos espec\u00edficos del proyecto, lo que garantiza una adaptaci\u00f3n perfecta a los desaf\u00edos topogr\u00e1ficos \u00fanicos.<\/li>\n<\/ul>","protected":false},"featured_media":3589,"comment_status":"open","ping_status":"closed","template":"","meta":[],"product_brand":[],"product_cat":[89,116],"product_tag":[],"class_list":{"0":"post-3584","1":"product","2":"type-product","3":"status-publish","4":"has-post-thumbnail","6":"product_cat-surveying-pole-rod","7":"product_cat-aluminum-mini-prism-pole","9":"first","10":"instock","11":"shipping-taxable","12":"product-type-simple"},"_links":{"self":[{"href":"https:\/\/mountlaser.com\/es\/wp-json\/wp\/v2\/product\/3584","targetHints":{"allow":["GET"]}}],"collection":[{"href":"https:\/\/mountlaser.com\/es\/wp-json\/wp\/v2\/product"}],"about":[{"href":"https:\/\/mountlaser.com\/es\/wp-json\/wp\/v2\/types\/product"}],"replies":[{"embeddable":true,"href":"https:\/\/mountlaser.com\/es\/wp-json\/wp\/v2\/comments?post=3584"}],"wp:featuredmedia":[{"embeddable":true,"href":"https:\/\/mountlaser.com\/es\/wp-json\/wp\/v2\/media\/3589"}],"wp:attachment":[{"href":"https:\/\/mountlaser.com\/es\/wp-json\/wp\/v2\/media?parent=3584"}],"wp:term":[{"taxonomy":"product_brand","embeddable":true,"href":"https:\/\/mountlaser.com\/es\/wp-json\/wp\/v2\/product_brand?post=3584"},{"taxonomy":"product_cat","embeddable":true,"href":"https:\/\/mountlaser.com\/es\/wp-json\/wp\/v2\/product_cat?post=3584"},{"taxonomy":"product_tag","embeddable":true,"href":"https:\/\/mountlaser.com\/es\/wp-json\/wp\/v2\/product_tag?post=3584"}],"curies":[{"name":"wp","href":"https:\/\/api.w.org\/{rel}","templated":true}]}}