{"id":3552,"date":"2025-11-06T07:27:48","date_gmt":"2025-11-06T07:27:48","guid":{"rendered":"https:\/\/mountlaser.com\/?post_type=product&#038;p=3552"},"modified":"2025-11-28T01:16:54","modified_gmt":"2025-11-28T01:16:54","slug":"sp069-mini-prism-with-pole","status":"publish","type":"product","link":"https:\/\/mountlaser.com\/es\/producto\/sp069-mini-prism-with-pole\/","title":{"rendered":"SP069 mini prisma con poste"},"content":{"rendered":"<p>El <a href=\"https:\/\/mountlaser.com\/es\/\"><strong>SP069 Mini prisma amarillo con poste<\/strong><\/a> Es un accesorio de estaci\u00f3n total con miniprisma amarillo de calidad profesional, dise\u00f1ado para mediciones de campo precisas y eficientes. Dise\u00f1ado para top\u00f3grafos que exigen fiabilidad, visibilidad y precisi\u00f3n, este miniprisma amarillo con jal\u00f3n combina materiales duraderos con una configuraci\u00f3n flexible, ideal para uso en esquinas, monitoreo y replanteo.<\/p>\n<p>Con un prisma recubierto de plata de 38,1 mm con un desplazamiento de 0\/30 mm, el<a href=\"https:\/\/mountlaser.com\/es\/products\/\"><strong> estaci\u00f3n total mini prisma amarilla<\/strong> <\/a>Proporciona excelente reflectividad y precisi\u00f3n de medici\u00f3n a diversas distancias. El sistema incluye un adaptador para uso en esquinas y un asa, lo que garantiza una versatilidad \u00f3ptima en entornos de medici\u00f3n complejos.<\/p>\n<p><img fetchpriority=\"high\" decoding=\"async\" class=\"aligncenter wp-image-3556\" src=\"https:\/\/mountlaser.com\/wp-content\/uploads\/2025\/11\/SP0693.webp\" alt=\"SP069 Yellow mini Prism With pole\" width=\"500\" height=\"500\" srcset=\"https:\/\/mountlaser.com\/wp-content\/uploads\/2025\/11\/SP0693.webp 1000w, https:\/\/mountlaser.com\/wp-content\/uploads\/2025\/11\/SP0693-300x300.webp 300w, https:\/\/mountlaser.com\/wp-content\/uploads\/2025\/11\/SP0693-400x400.webp 400w, https:\/\/mountlaser.com\/wp-content\/uploads\/2025\/11\/SP0693-800x800.webp 800w, https:\/\/mountlaser.com\/wp-content\/uploads\/2025\/11\/SP0693-600x600.webp 600w, https:\/\/mountlaser.com\/wp-content\/uploads\/2025\/11\/SP0693-150x150.webp 150w, https:\/\/mountlaser.com\/wp-content\/uploads\/2025\/11\/SP0693-768x768.webp 768w, https:\/\/mountlaser.com\/wp-content\/uploads\/2025\/11\/SP0693-12x12.webp 12w\" sizes=\"(max-width: 500px) 100vw, 500px\" \/><\/p>\n<p>El <a href=\"https:\/\/mountlaser.com\/es\/contact-us\/\">SP069 Mini prisma amarillo con poste<\/a> Incluye un adaptador con roscas macho M6 y hembra 5\/8\u2033-11, lo que garantiza su compatibilidad con la mayor\u00eda de las estaciones totales. Su poste de acero inoxidable (di\u00e1metro exterior de 9 mm) se extiende telesc\u00f3picamente desde 300 mm \u00d7 5 secciones hasta 1,5 m (modelo: SSP093005), lo que lo hace estable y port\u00e1til para uso en campo.<\/p>\n<p>Para mayor precisi\u00f3n, esta estaci\u00f3n total con miniprisma amarillo puede combinarse con accesorios opcionales como la base nivelante MPT01 o un tubo de aluminio para mayor rigidez. El miniprisma amarillo SP069 con bast\u00f3n se suministra en una bolsa de transporte flexible y garantiza un transporte seguro y una presentaci\u00f3n profesional.<\/p>","protected":false},"excerpt":{"rendered":"<ul>\n<li>Adaptador para uso en esquinas y fijaci\u00f3n de mango para una f\u00e1cil alineaci\u00f3n<\/li>\n<li>El acabado amarillo duradero mejora la visibilidad en el campo.<\/li>\n<li>Se suministra con una bolsa de transporte suave para un transporte c\u00f3modo.<\/li>\n<li>Compatible con base nivelante Mini Prism MPT01 y accesorios de tubo de aluminio<\/li>\n<\/ul>","protected":false},"featured_media":3554,"comment_status":"open","ping_status":"closed","template":"","meta":[],"product_brand":[],"product_cat":[72,114],"product_tag":[],"class_list":{"0":"post-3552","1":"product","2":"type-product","3":"status-publish","4":"has-post-thumbnail","6":"product_cat-reflective-target-prism","7":"product_cat-mini-prism-with-pole","9":"first","10":"instock","11":"shipping-taxable","12":"product-type-simple"},"_links":{"self":[{"href":"https:\/\/mountlaser.com\/es\/wp-json\/wp\/v2\/product\/3552","targetHints":{"allow":["GET"]}}],"collection":[{"href":"https:\/\/mountlaser.com\/es\/wp-json\/wp\/v2\/product"}],"about":[{"href":"https:\/\/mountlaser.com\/es\/wp-json\/wp\/v2\/types\/product"}],"replies":[{"embeddable":true,"href":"https:\/\/mountlaser.com\/es\/wp-json\/wp\/v2\/comments?post=3552"}],"wp:featuredmedia":[{"embeddable":true,"href":"https:\/\/mountlaser.com\/es\/wp-json\/wp\/v2\/media\/3554"}],"wp:attachment":[{"href":"https:\/\/mountlaser.com\/es\/wp-json\/wp\/v2\/media?parent=3552"}],"wp:term":[{"taxonomy":"product_brand","embeddable":true,"href":"https:\/\/mountlaser.com\/es\/wp-json\/wp\/v2\/product_brand?post=3552"},{"taxonomy":"product_cat","embeddable":true,"href":"https:\/\/mountlaser.com\/es\/wp-json\/wp\/v2\/product_cat?post=3552"},{"taxonomy":"product_tag","embeddable":true,"href":"https:\/\/mountlaser.com\/es\/wp-json\/wp\/v2\/product_tag?post=3552"}],"curies":[{"name":"wp","href":"https:\/\/api.w.org\/{rel}","templated":true}]}}