{"id":3541,"date":"2025-11-06T07:02:51","date_gmt":"2025-11-06T07:02:51","guid":{"rendered":"https:\/\/mountlaser.com\/?post_type=product&#038;p=3541"},"modified":"2025-11-28T01:18:35","modified_gmt":"2025-11-28T01:18:35","slug":"sp068-sliding-prism-with-pole","status":"publish","type":"product","link":"https:\/\/mountlaser.com\/es\/producto\/sp068-sliding-prism-with-pole\/","title":{"rendered":"SP068 Prisma deslizante con poste"},"content":{"rendered":"<p>El prisma deslizante con jal\u00f3n SP068 es un sistema de miniprisma y jal\u00f3n de alta precisi\u00f3n, dise\u00f1ado para aplicaciones profesionales de topograf\u00eda, monitoreo y replanteo. Dise\u00f1ado para la eficiencia en campo y la durabilidad, este... <a href=\"https:\/\/mountlaser.com\/es\/\"><strong>Sistema de poste de prisma compacto y port\u00e1til<\/strong><\/a> Ofrece un rendimiento excepcional en un formato liviano y f\u00e1cil de transportar, ideal para top\u00f3grafos que necesitan confiabilidad mientras est\u00e1n en movimiento.<\/p>\n<p>Con un prisma recubierto de cobre de 25,4 mm, el <a href=\"https:\/\/mountlaser.com\/es\/products\/\"><strong>Sistema de mini prismas y postes<\/strong><\/a> Garantiza una reflectividad y precisi\u00f3n de medici\u00f3n superiores, incluso en condiciones de terreno dif\u00edciles. El prisma intercambiable de 0\/-30 mm ofrece flexibilidad para diferentes requisitos topogr\u00e1ficos, mientras que el cuerpo de aluminio anodizado no ferroso garantiza estabilidad a largo plazo y resistencia a la corrosi\u00f3n.<\/p>\n<p><img fetchpriority=\"high\" decoding=\"async\" class=\"aligncenter wp-image-3544\" src=\"https:\/\/mountlaser.com\/wp-content\/uploads\/2025\/11\/6-6SP-683.webp\" alt=\"SP068 Mini Prism and Pole System\" width=\"500\" height=\"500\" srcset=\"https:\/\/mountlaser.com\/wp-content\/uploads\/2025\/11\/6-6SP-683.webp 1000w, https:\/\/mountlaser.com\/wp-content\/uploads\/2025\/11\/6-6SP-683-300x300.webp 300w, https:\/\/mountlaser.com\/wp-content\/uploads\/2025\/11\/6-6SP-683-400x400.webp 400w, https:\/\/mountlaser.com\/wp-content\/uploads\/2025\/11\/6-6SP-683-800x800.webp 800w, https:\/\/mountlaser.com\/wp-content\/uploads\/2025\/11\/6-6SP-683-600x600.webp 600w, https:\/\/mountlaser.com\/wp-content\/uploads\/2025\/11\/6-6SP-683-150x150.webp 150w, https:\/\/mountlaser.com\/wp-content\/uploads\/2025\/11\/6-6SP-683-768x768.webp 768w, https:\/\/mountlaser.com\/wp-content\/uploads\/2025\/11\/6-6SP-683-12x12.webp 12w\" sizes=\"(max-width: 500px) 100vw, 500px\" \/><\/p>\n<p>El <a href=\"https:\/\/mountlaser.com\/es\/contact-us\/\">Sistema de poste de prisma compacto y port\u00e1til<\/a> Incluye una varilla de aluminio de precisi\u00f3n (rosca de 1\/4\u2033-20, di\u00e1metro exterior de 12 mm) que se extiende hasta 1,20 m gracias a su dise\u00f1o telesc\u00f3pico de cuatro secciones (300 mm \u00d7 4). Los conos laterales funcionan como un mecanismo de doble bloqueo fiable para garantizar un posicionamiento seguro en altura y \u00e1ngulo durante la operaci\u00f3n.<\/p>\n<p>Para una m\u00e1xima compatibilidad, el sistema de miniprisma y p\u00e9rtiga incluye un adaptador de lat\u00f3n con rosca de 5\/8\u2033-11, lo que lo hace compatible con p\u00e9rtigas de prisma y bases nivelantes est\u00e1ndar. El prisma deslizante con p\u00e9rtiga SP068, que se entrega en una bolsa de transporte flexible con una caja interior, ofrece portabilidad y protecci\u00f3n para uso profesional en campo.<\/p>","protected":false},"excerpt":{"rendered":"<ul>\n<li>Sistema de miniprisma y jal\u00f3n de alta precisi\u00f3n para tareas de topograf\u00eda y replanteo de campo<\/li>\n<li>Cuerpo de aluminio anodizado no ferroso para resistencia a la corrosi\u00f3n y resistencia.<\/li>\n<li>Los conos laterales act\u00faan como un sistema de doble bloqueo para un ajuste estable y control de inclinaci\u00f3n.<\/li>\n<li>Sistema de poste de prisma compacto y port\u00e1til suministrado con bolsa blanda y caja interior<\/li>\n<\/ul>","protected":false},"featured_media":3542,"comment_status":"open","ping_status":"closed","template":"","meta":[],"product_brand":[],"product_cat":[72,114],"product_tag":[],"class_list":{"0":"post-3541","1":"product","2":"type-product","3":"status-publish","4":"has-post-thumbnail","6":"product_cat-reflective-target-prism","7":"product_cat-mini-prism-with-pole","9":"first","10":"instock","11":"shipping-taxable","12":"product-type-simple"},"_links":{"self":[{"href":"https:\/\/mountlaser.com\/es\/wp-json\/wp\/v2\/product\/3541","targetHints":{"allow":["GET"]}}],"collection":[{"href":"https:\/\/mountlaser.com\/es\/wp-json\/wp\/v2\/product"}],"about":[{"href":"https:\/\/mountlaser.com\/es\/wp-json\/wp\/v2\/types\/product"}],"replies":[{"embeddable":true,"href":"https:\/\/mountlaser.com\/es\/wp-json\/wp\/v2\/comments?post=3541"}],"wp:featuredmedia":[{"embeddable":true,"href":"https:\/\/mountlaser.com\/es\/wp-json\/wp\/v2\/media\/3542"}],"wp:attachment":[{"href":"https:\/\/mountlaser.com\/es\/wp-json\/wp\/v2\/media?parent=3541"}],"wp:term":[{"taxonomy":"product_brand","embeddable":true,"href":"https:\/\/mountlaser.com\/es\/wp-json\/wp\/v2\/product_brand?post=3541"},{"taxonomy":"product_cat","embeddable":true,"href":"https:\/\/mountlaser.com\/es\/wp-json\/wp\/v2\/product_cat?post=3541"},{"taxonomy":"product_tag","embeddable":true,"href":"https:\/\/mountlaser.com\/es\/wp-json\/wp\/v2\/product_tag?post=3541"}],"curies":[{"name":"wp","href":"https:\/\/api.w.org\/{rel}","templated":true}]}}