{"id":3516,"date":"2025-11-06T05:53:55","date_gmt":"2025-11-06T05:53:55","guid":{"rendered":"https:\/\/mountlaser.com\/?post_type=product&#038;p=3516"},"modified":"2025-11-28T01:29:21","modified_gmt":"2025-11-28T01:29:21","slug":"l3s3-235-aluminum-leveling-staff","status":"publish","type":"product","link":"https:\/\/mountlaser.com\/es\/producto\/l3s3-235-aluminum-leveling-staff\/","title":{"rendered":"L3S3-235 Nivelador de aluminio"},"content":{"rendered":"<p>El <a href=\"https:\/\/mountlaser.com\/es\/\"><strong>L3S3-235 Nivelador de aluminio<\/strong><\/a> Es una herramienta de precisi\u00f3n dise\u00f1ada para top\u00f3grafos y profesionales de la construcci\u00f3n que exigen fiabilidad y eficiencia en la obra. Como robusta mira telesc\u00f3pica de aluminio para nivelaci\u00f3n topogr\u00e1fica, est\u00e1 dise\u00f1ada para proporcionar mediciones precisas de diferencial de altura en diversas aplicaciones de nivelaci\u00f3n. Fabricada en aluminio ligero y de alta calidad, esta mira ofrece un equilibrio excepcional entre durabilidad y portabilidad, lo que la convierte en un elemento indispensable en cualquier kit de herramientas topogr\u00e1ficas.<\/p>\n<p>Ya sea que trabaje en el dise\u00f1o de una construcci\u00f3n, la cartograf\u00eda topogr\u00e1fica o el desarrollo de infraestructura, la mira niveladora de aluminio L3S3-235 garantiza un rendimiento constante. Su dise\u00f1o telesc\u00f3pico permite una extensi\u00f3n y retracci\u00f3n r\u00e1pidas y sencillas, lo que facilita un funcionamiento sin problemas y reduce el tiempo de configuraci\u00f3n.<\/p>\n<p><img fetchpriority=\"high\" decoding=\"async\" class=\"aligncenter wp-image-3520\" src=\"https:\/\/mountlaser.com\/wp-content\/uploads\/2025\/11\/L3S3-2354.webp\" alt=\"Telescopic Aluminum Surveying Leveling Staff\" width=\"500\" height=\"500\" srcset=\"https:\/\/mountlaser.com\/wp-content\/uploads\/2025\/11\/L3S3-2354.webp 1000w, https:\/\/mountlaser.com\/wp-content\/uploads\/2025\/11\/L3S3-2354-300x300.webp 300w, https:\/\/mountlaser.com\/wp-content\/uploads\/2025\/11\/L3S3-2354-400x400.webp 400w, https:\/\/mountlaser.com\/wp-content\/uploads\/2025\/11\/L3S3-2354-800x800.webp 800w, https:\/\/mountlaser.com\/wp-content\/uploads\/2025\/11\/L3S3-2354-600x600.webp 600w, https:\/\/mountlaser.com\/wp-content\/uploads\/2025\/11\/L3S3-2354-150x150.webp 150w, https:\/\/mountlaser.com\/wp-content\/uploads\/2025\/11\/L3S3-2354-768x768.webp 768w, https:\/\/mountlaser.com\/wp-content\/uploads\/2025\/11\/L3S3-2354-12x12.webp 12w\" sizes=\"(max-width: 500px) 100vw, 500px\" \/><\/p>\n<p>Este modelo es parte de nuestra reconocida serie de <a href=\"https:\/\/mountlaser.com\/es\/about-us\/\"><strong>Mira telesc\u00f3pica de nivelaci\u00f3n de aluminio para topograf\u00eda<\/strong><\/a> instrumentos, conocidos por su resistencia y precisi\u00f3n en entornos desafiantes.<\/p>\n<p>Ofrecemos modelos compactos, como el de 2,3 m\/5 secciones, para mayor portabilidad. Adem\u00e1s, ofrecemos longitudes y escalas personalizadas para satisfacer las necesidades espec\u00edficas de cada proyecto.<\/p>","protected":false},"excerpt":{"rendered":"<ul>\n<li>Presenta marcas de escala claras, precisas y resistentes al desgaste.<\/li>\n<li>Que son esenciales para obtener mediciones confiables con niveles \u00f3pticos o digitales.<\/li>\n<li>Cada secci\u00f3n telesc\u00f3pica est\u00e1 equipada con un mecanismo de bloqueo seguro para evitar el deslizamiento durante el uso, garantizando la estabilidad y la integridad de la medici\u00f3n.<\/li>\n<\/ul>","protected":false},"featured_media":3517,"comment_status":"open","ping_status":"closed","template":"","meta":[],"product_brand":[],"product_cat":[90],"product_tag":[],"class_list":{"0":"post-3516","1":"product","2":"type-product","3":"status-publish","4":"has-post-thumbnail","6":"product_cat-leveling-staff","8":"first","9":"instock","10":"shipping-taxable","11":"product-type-simple"},"_links":{"self":[{"href":"https:\/\/mountlaser.com\/es\/wp-json\/wp\/v2\/product\/3516","targetHints":{"allow":["GET"]}}],"collection":[{"href":"https:\/\/mountlaser.com\/es\/wp-json\/wp\/v2\/product"}],"about":[{"href":"https:\/\/mountlaser.com\/es\/wp-json\/wp\/v2\/types\/product"}],"replies":[{"embeddable":true,"href":"https:\/\/mountlaser.com\/es\/wp-json\/wp\/v2\/comments?post=3516"}],"wp:featuredmedia":[{"embeddable":true,"href":"https:\/\/mountlaser.com\/es\/wp-json\/wp\/v2\/media\/3517"}],"wp:attachment":[{"href":"https:\/\/mountlaser.com\/es\/wp-json\/wp\/v2\/media?parent=3516"}],"wp:term":[{"taxonomy":"product_brand","embeddable":true,"href":"https:\/\/mountlaser.com\/es\/wp-json\/wp\/v2\/product_brand?post=3516"},{"taxonomy":"product_cat","embeddable":true,"href":"https:\/\/mountlaser.com\/es\/wp-json\/wp\/v2\/product_cat?post=3516"},{"taxonomy":"product_tag","embeddable":true,"href":"https:\/\/mountlaser.com\/es\/wp-json\/wp\/v2\/product_tag?post=3516"}],"curies":[{"name":"wp","href":"https:\/\/api.w.org\/{rel}","templated":true}]}}