{"id":3515,"date":"2025-11-06T06:00:09","date_gmt":"2025-11-06T06:00:09","guid":{"rendered":"https:\/\/mountlaser.com\/?post_type=product&#038;p=3515"},"modified":"2025-11-28T01:27:16","modified_gmt":"2025-11-28T01:27:16","slug":"sp067-sliding-prism-with-pole","status":"publish","type":"product","link":"https:\/\/mountlaser.com\/es\/producto\/sp067-sliding-prism-with-pole\/","title":{"rendered":"SP067 Prisma deslizante con poste"},"content":{"rendered":"<p>El prisma deslizante con poste SP067 es un prisma de calidad profesional. <a href=\"https:\/\/mountlaser.com\/es\/\"><strong>Sistema de poste deslizante Mini Prism<\/strong><\/a> Dise\u00f1ado para aplicaciones de topograf\u00eda y monitoreo de alta precisi\u00f3n. Dise\u00f1ado con durabilidad, ajustabilidad y portabilidad en mente, este mini conjunto de replanteo con prisma ofrece precisi\u00f3n confiable para tareas de replanteo, alineaci\u00f3n y monitoreo tanto en campo como en construcci\u00f3n.<\/p>\n<p>Con un prisma de 25,4 mm recubierto de plata, el sistema de bast\u00f3n deslizante Mini Prism garantiza una excelente reflectividad y un retorno de se\u00f1al estable incluso en condiciones dif\u00edciles. La desviaci\u00f3n del prisma de 0\/-30 mm proporciona flexibilidad para adaptarse a diversas configuraciones topogr\u00e1ficas. Su carcasa de aluminio anodizado no ferroso garantiza un rendimiento duradero y resistencia a la corrosi\u00f3n.<\/p>\n<p>El <a href=\"https:\/\/mountlaser.com\/es\/about-us\/\"><strong>Conjunto de estacas de mini prisma<\/strong><\/a> Incluye un sistema de bloqueo trasero para un control preciso de la altura, mientras que los conos laterales dobles funcionan como un mecanismo de doble bloqueo (uno para la altura y otro para la inclinaci\u00f3n), lo que garantiza mediciones estables y precisas. Con niveles de burbuja en la parte superior e inferior, los usuarios pueden lograr f\u00e1cilmente una alineaci\u00f3n vertical perfecta durante la instalaci\u00f3n.<\/p>\n<p><img fetchpriority=\"high\" decoding=\"async\" class=\"aligncenter wp-image-3530\" src=\"https:\/\/mountlaser.com\/wp-content\/uploads\/2025\/11\/6-5SP0677.webp\" alt=\"SP067 Mini Prism Sliding Pole System\" width=\"500\" height=\"500\" srcset=\"https:\/\/mountlaser.com\/wp-content\/uploads\/2025\/11\/6-5SP0677.webp 1000w, https:\/\/mountlaser.com\/wp-content\/uploads\/2025\/11\/6-5SP0677-300x300.webp 300w, https:\/\/mountlaser.com\/wp-content\/uploads\/2025\/11\/6-5SP0677-400x400.webp 400w, https:\/\/mountlaser.com\/wp-content\/uploads\/2025\/11\/6-5SP0677-800x800.webp 800w, https:\/\/mountlaser.com\/wp-content\/uploads\/2025\/11\/6-5SP0677-600x600.webp 600w, https:\/\/mountlaser.com\/wp-content\/uploads\/2025\/11\/6-5SP0677-150x150.webp 150w, https:\/\/mountlaser.com\/wp-content\/uploads\/2025\/11\/6-5SP0677-768x768.webp 768w, https:\/\/mountlaser.com\/wp-content\/uploads\/2025\/11\/6-5SP0677-12x12.webp 12w\" sizes=\"(max-width: 500px) 100vw, 500px\" \/><\/p>\n<p>El poste de aluminio de cuatro secciones incluido (300 mm \u00d7 4) se extiende hasta 1,2 m y se conecta mediante una rosca de 1\/4\u2033-20, lo que ofrece ligereza, resistencia y un montaje r\u00e1pido. Un adaptador con rosca de 5\/8\u2033-11 mejora la compatibilidad con la mayor\u00eda de los postes de prisma y bases nivelantes. Empacado en una bolsa de transporte blanda, el <a href=\"https:\/\/mountlaser.com\/es\/contact-us\/\">SP067 Prisma deslizante con poste<\/a> Es un sistema completo de poste deslizante Mini Prism listo para uso profesional.<\/p>","protected":false},"excerpt":{"rendered":"<ul>\n<li>Para replanteo y alineaci\u00f3n de alta precisi\u00f3n<\/li>\n<li>Carcasa de aluminio anodizado no ferroso para una durabilidad superior<\/li>\n<li>Sistema de bloqueo trasero para ajuste de altura y conos de doble bloqueo para estabilidad.<\/li>\n<li>Los niveles de burbuja (superior e inferior) garantizan un posicionamiento vertical preciso<\/li>\n<li>Se suministra con una bolsa de transporte suave para protecci\u00f3n y portabilidad.<\/li>\n<\/ul>","protected":false},"featured_media":3524,"comment_status":"open","ping_status":"closed","template":"","meta":[],"product_brand":[],"product_cat":[72,114],"product_tag":[],"class_list":{"0":"post-3515","1":"product","2":"type-product","3":"status-publish","4":"has-post-thumbnail","6":"product_cat-reflective-target-prism","7":"product_cat-mini-prism-with-pole","9":"first","10":"instock","11":"shipping-taxable","12":"product-type-simple"},"_links":{"self":[{"href":"https:\/\/mountlaser.com\/es\/wp-json\/wp\/v2\/product\/3515","targetHints":{"allow":["GET"]}}],"collection":[{"href":"https:\/\/mountlaser.com\/es\/wp-json\/wp\/v2\/product"}],"about":[{"href":"https:\/\/mountlaser.com\/es\/wp-json\/wp\/v2\/types\/product"}],"replies":[{"embeddable":true,"href":"https:\/\/mountlaser.com\/es\/wp-json\/wp\/v2\/comments?post=3515"}],"wp:featuredmedia":[{"embeddable":true,"href":"https:\/\/mountlaser.com\/es\/wp-json\/wp\/v2\/media\/3524"}],"wp:attachment":[{"href":"https:\/\/mountlaser.com\/es\/wp-json\/wp\/v2\/media?parent=3515"}],"wp:term":[{"taxonomy":"product_brand","embeddable":true,"href":"https:\/\/mountlaser.com\/es\/wp-json\/wp\/v2\/product_brand?post=3515"},{"taxonomy":"product_cat","embeddable":true,"href":"https:\/\/mountlaser.com\/es\/wp-json\/wp\/v2\/product_cat?post=3515"},{"taxonomy":"product_tag","embeddable":true,"href":"https:\/\/mountlaser.com\/es\/wp-json\/wp\/v2\/product_tag?post=3515"}],"curies":[{"name":"wp","href":"https:\/\/api.w.org\/{rel}","templated":true}]}}