{"id":3505,"date":"2025-11-06T05:25:00","date_gmt":"2025-11-06T05:25:00","guid":{"rendered":"https:\/\/mountlaser.com\/?post_type=product&#038;p=3505"},"modified":"2025-11-28T01:32:28","modified_gmt":"2025-11-28T01:32:28","slug":"sp066-mini-prism-with-pole","status":"publish","type":"product","link":"https:\/\/mountlaser.com\/es\/producto\/sp066-mini-prism-with-pole\/","title":{"rendered":"SP066 Mini prisma con poste"},"content":{"rendered":"<p><!--StartFragment --><\/p>\n<p>El prisma deslizante SP066 con p\u00e9rtiga es un miniprisma deslizante de alta precisi\u00f3n, dise\u00f1ado para la alineaci\u00f3n precisa de esquinas y la topograf\u00eda de campo. Dise\u00f1ado para ofrecer flexibilidad y precisi\u00f3n, este... <a href=\"https:\/\/mountlaser.com\/es\/\"><strong>Kit de prisma deslizante y poste seccional<\/strong><\/a> Proporciona a los top\u00f3grafos una herramienta \u00f3ptica compacta pero potente para diversas condiciones de sitio.<\/p>\n<p>Este <a href=\"https:\/\/mountlaser.com\/es\/about-us\/\"><strong>Conjunto de mini prisma deslizante<\/strong><\/a> Cuenta con un prisma recubierto de plata de 38,1 mm que ofrece una excelente reflectividad y un retorno de se\u00f1al estable incluso en entornos dif\u00edciles. El miniprisma deslizante incluye un desplazamiento ajustable de 0\/30 mm, lo que permite configuraciones de medici\u00f3n vers\u00e1tiles. Equipado con un adaptador de esquina, garantiza una alineaci\u00f3n perfecta al usarse para tareas de monitoreo de bordes o paredes.<\/p>\n<p><img fetchpriority=\"high\" decoding=\"async\" class=\"aligncenter wp-image-3509\" src=\"https:\/\/mountlaser.com\/wp-content\/uploads\/2025\/11\/SP0664.webp\" alt=\"SP066 Mini Sliding Prism Assembly\" width=\"500\" height=\"500\" srcset=\"https:\/\/mountlaser.com\/wp-content\/uploads\/2025\/11\/SP0664.webp 1000w, https:\/\/mountlaser.com\/wp-content\/uploads\/2025\/11\/SP0664-300x300.webp 300w, https:\/\/mountlaser.com\/wp-content\/uploads\/2025\/11\/SP0664-400x400.webp 400w, https:\/\/mountlaser.com\/wp-content\/uploads\/2025\/11\/SP0664-800x800.webp 800w, https:\/\/mountlaser.com\/wp-content\/uploads\/2025\/11\/SP0664-600x600.webp 600w, https:\/\/mountlaser.com\/wp-content\/uploads\/2025\/11\/SP0664-150x150.webp 150w, https:\/\/mountlaser.com\/wp-content\/uploads\/2025\/11\/SP0664-768x768.webp 768w, https:\/\/mountlaser.com\/wp-content\/uploads\/2025\/11\/SP0664-12x12.webp 12w\" sizes=\"(max-width: 500px) 100vw, 500px\" \/><\/p>\n<p>El <a href=\"https:\/\/mountlaser.com\/es\/contact-us\/\">Poste de pasador de aluminio duradero<\/a> Tiene una rosca de 1\/4\u2033-20 y se extiende hasta 1,5 m gracias a su dise\u00f1o telesc\u00f3pico de cinco secciones, lo que ofrece portabilidad y estabilidad. Un adaptador de asa facilita su uso durante la instalaci\u00f3n y el transporte. Este kit completo de prisma deslizante y jal\u00f3n seccional incluye todos los componentes necesarios para un funcionamiento eficiente en campo y es compatible con sistemas de estaciones totales est\u00e1ndar.<\/p>","protected":false},"excerpt":{"rendered":"<ul>\n<li>Adaptador de esquina para una alineaci\u00f3n precisa de esquinas o bordes<\/li>\n<li>Kit de prisma deslizante y poste seccional con poste de aluminio de 5 secciones<\/li>\n<li>Construcci\u00f3n liviana de aluminio anodizado con adaptador de mango para un f\u00e1cil manejo.<\/li>\n<li>Se suministra en una bolsa de transporte suave para protecci\u00f3n y portabilidad.<\/li>\n<\/ul>","protected":false},"featured_media":3506,"comment_status":"open","ping_status":"closed","template":"","meta":[],"product_brand":[],"product_cat":[72,114],"product_tag":[],"class_list":{"0":"post-3505","1":"product","2":"type-product","3":"status-publish","4":"has-post-thumbnail","6":"product_cat-reflective-target-prism","7":"product_cat-mini-prism-with-pole","9":"first","10":"instock","11":"shipping-taxable","12":"product-type-simple"},"_links":{"self":[{"href":"https:\/\/mountlaser.com\/es\/wp-json\/wp\/v2\/product\/3505","targetHints":{"allow":["GET"]}}],"collection":[{"href":"https:\/\/mountlaser.com\/es\/wp-json\/wp\/v2\/product"}],"about":[{"href":"https:\/\/mountlaser.com\/es\/wp-json\/wp\/v2\/types\/product"}],"replies":[{"embeddable":true,"href":"https:\/\/mountlaser.com\/es\/wp-json\/wp\/v2\/comments?post=3505"}],"wp:featuredmedia":[{"embeddable":true,"href":"https:\/\/mountlaser.com\/es\/wp-json\/wp\/v2\/media\/3506"}],"wp:attachment":[{"href":"https:\/\/mountlaser.com\/es\/wp-json\/wp\/v2\/media?parent=3505"}],"wp:term":[{"taxonomy":"product_brand","embeddable":true,"href":"https:\/\/mountlaser.com\/es\/wp-json\/wp\/v2\/product_brand?post=3505"},{"taxonomy":"product_cat","embeddable":true,"href":"https:\/\/mountlaser.com\/es\/wp-json\/wp\/v2\/product_cat?post=3505"},{"taxonomy":"product_tag","embeddable":true,"href":"https:\/\/mountlaser.com\/es\/wp-json\/wp\/v2\/product_tag?post=3505"}],"curies":[{"name":"wp","href":"https:\/\/api.w.org\/{rel}","templated":true}]}}