{"id":3474,"date":"2025-11-06T02:12:04","date_gmt":"2025-11-06T02:12:04","guid":{"rendered":"https:\/\/mountlaser.com\/?post_type=product&#038;p=3474"},"modified":"2025-11-28T01:38:11","modified_gmt":"2025-11-28T01:38:11","slug":"sp063-mini-prism-with-pole","status":"publish","type":"product","link":"https:\/\/mountlaser.com\/es\/producto\/sp063-mini-prism-with-pole\/","title":{"rendered":"SP063 Mini prisma con poste"},"content":{"rendered":"<p>El mini prisma SP063 con poste es un prisma profesional y ligero. <a href=\"https:\/\/mountlaser.com\/es\/\"><strong>Mini prisma de 360\u00b0 con 4 polos<\/strong><\/a>\u00a0Sistema dise\u00f1ado para aplicaciones de topograf\u00eda y alineaci\u00f3n de campo de precisi\u00f3n. Dise\u00f1ado para m\u00e1xima portabilidad y durabilidad, este equipo compacto garantiza mediciones estables y precisas en proyectos de construcci\u00f3n, topograf\u00eda y monitoreo.<\/p>\n<p>Fabricado con una carcasa de nailon de alta resistencia, el miniprisma SP063 con poste ofrece una excelente resistencia a los impactos, manteniendo un peso reducido para un manejo pr\u00e1ctico en campo. El poste de aluminio mecanizado con precisi\u00f3n proporciona rigidez y un ajuste telesc\u00f3pico suave, extendi\u00e9ndose hasta 1,2 m gracias a su dise\u00f1o de cuatro secciones (300 mm \u00d7 4).<\/p>\n<p>El <a href=\"https:\/\/mountlaser.com\/es\/products\/\"><strong>Mini prisma de 360\u00b0 con 4 polos<\/strong><\/a>\u00a0Incluye un prisma recubierto de cobre de 25,4 mm, disponible en m\u00faltiples opciones de compensaci\u00f3n (0 mm, 17,5 mm o 0\/-30 mm), lo que garantiza su compatibilidad con sistemas suizos y no suizos. Incluye una bolsa de transporte flexible y ofrece una soluci\u00f3n eficiente y pr\u00e1ctica para las tareas topogr\u00e1ficas diarias.<\/p>\n<figure id=\"attachment_3483\" aria-describedby=\"caption-attachment-3483\" style=\"width: 500px\" class=\"wp-caption aligncenter\"><img fetchpriority=\"high\" decoding=\"async\" class=\"wp-image-3483\" src=\"https:\/\/mountlaser.com\/wp-content\/uploads\/2025\/11\/SP0639.webp\" alt=\"360\u00b0 Mini Prism With 4 Poles\" width=\"500\" height=\"500\" srcset=\"https:\/\/mountlaser.com\/wp-content\/uploads\/2025\/11\/SP0639.webp 1000w, https:\/\/mountlaser.com\/wp-content\/uploads\/2025\/11\/SP0639-300x300.webp 300w, https:\/\/mountlaser.com\/wp-content\/uploads\/2025\/11\/SP0639-400x400.webp 400w, https:\/\/mountlaser.com\/wp-content\/uploads\/2025\/11\/SP0639-800x800.webp 800w, https:\/\/mountlaser.com\/wp-content\/uploads\/2025\/11\/SP0639-600x600.webp 600w, https:\/\/mountlaser.com\/wp-content\/uploads\/2025\/11\/SP0639-150x150.webp 150w, https:\/\/mountlaser.com\/wp-content\/uploads\/2025\/11\/SP0639-768x768.webp 768w, https:\/\/mountlaser.com\/wp-content\/uploads\/2025\/11\/SP0639-12x12.webp 12w\" sizes=\"(max-width: 500px) 100vw, 500px\" \/><figcaption id=\"caption-attachment-3483\" class=\"wp-caption-text\">Mini prisma con poste SP063C<\/figcaption><\/figure>\n<p><strong>El <a href=\"https:\/\/mountlaser.com\/es\/contact-us\/\">SP063 Mini prisma con poste<\/a> Viene en 3 modelos.<\/strong><\/p>\n<p>Mini prisma SP063A con poste \u2013 Desplazamiento: 0 mm, recubierto de cobre, compatible con el sistema suizo<br \/>\nMini prisma SP063B con poste \u2013 Desplazamiento: 17,5 mm, recubierto de cobre, compatible con el sistema suizo<br \/>\nMini prisma SP063C con poste \u2013 Desplazamiento: 0\/-30 mm, revestimiento de cobre, sistema no suizo<\/p>\n<figure id=\"attachment_3476\" aria-describedby=\"caption-attachment-3476\" style=\"width: 500px\" class=\"wp-caption aligncenter\"><img decoding=\"async\" class=\"wp-image-3476\" src=\"https:\/\/mountlaser.com\/wp-content\/uploads\/2025\/11\/SP0632.webp\" alt=\"360\u00b0 Mini Prism With 4 Poles\" width=\"500\" height=\"500\" srcset=\"https:\/\/mountlaser.com\/wp-content\/uploads\/2025\/11\/SP0632.webp 1000w, https:\/\/mountlaser.com\/wp-content\/uploads\/2025\/11\/SP0632-300x300.webp 300w, https:\/\/mountlaser.com\/wp-content\/uploads\/2025\/11\/SP0632-400x400.webp 400w, https:\/\/mountlaser.com\/wp-content\/uploads\/2025\/11\/SP0632-800x800.webp 800w, https:\/\/mountlaser.com\/wp-content\/uploads\/2025\/11\/SP0632-600x600.webp 600w, https:\/\/mountlaser.com\/wp-content\/uploads\/2025\/11\/SP0632-150x150.webp 150w, https:\/\/mountlaser.com\/wp-content\/uploads\/2025\/11\/SP0632-768x768.webp 768w, https:\/\/mountlaser.com\/wp-content\/uploads\/2025\/11\/SP0632-12x12.webp 12w\" sizes=\"(max-width: 500px) 100vw, 500px\" \/><figcaption id=\"caption-attachment-3476\" class=\"wp-caption-text\">Mini prisma SP063A\/B con poste<\/figcaption><\/figure>","protected":false},"excerpt":{"rendered":"<ul>\n<li>Mini prisma de precisi\u00f3n de aluminio de 360\u00b0 con 4 polos<\/li>\n<li>Accesorios opcionales: Base nivelante mini prisma MPT02 y tubo de aluminio para poste de clavija<\/li>\n<li>Incluye bolsa de transporte suave para f\u00e1cil transporte y protecci\u00f3n.<\/li>\n<\/ul>","protected":false},"featured_media":3463,"comment_status":"open","ping_status":"closed","template":"","meta":[],"product_brand":[],"product_cat":[114,72],"product_tag":[],"class_list":{"0":"post-3474","1":"product","2":"type-product","3":"status-publish","4":"has-post-thumbnail","6":"product_cat-mini-prism-with-pole","7":"product_cat-reflective-target-prism","9":"first","10":"instock","11":"shipping-taxable","12":"product-type-simple"},"_links":{"self":[{"href":"https:\/\/mountlaser.com\/es\/wp-json\/wp\/v2\/product\/3474","targetHints":{"allow":["GET"]}}],"collection":[{"href":"https:\/\/mountlaser.com\/es\/wp-json\/wp\/v2\/product"}],"about":[{"href":"https:\/\/mountlaser.com\/es\/wp-json\/wp\/v2\/types\/product"}],"replies":[{"embeddable":true,"href":"https:\/\/mountlaser.com\/es\/wp-json\/wp\/v2\/comments?post=3474"}],"wp:featuredmedia":[{"embeddable":true,"href":"https:\/\/mountlaser.com\/es\/wp-json\/wp\/v2\/media\/3463"}],"wp:attachment":[{"href":"https:\/\/mountlaser.com\/es\/wp-json\/wp\/v2\/media?parent=3474"}],"wp:term":[{"taxonomy":"product_brand","embeddable":true,"href":"https:\/\/mountlaser.com\/es\/wp-json\/wp\/v2\/product_brand?post=3474"},{"taxonomy":"product_cat","embeddable":true,"href":"https:\/\/mountlaser.com\/es\/wp-json\/wp\/v2\/product_cat?post=3474"},{"taxonomy":"product_tag","embeddable":true,"href":"https:\/\/mountlaser.com\/es\/wp-json\/wp\/v2\/product_tag?post=3474"}],"curies":[{"name":"wp","href":"https:\/\/api.w.org\/{rel}","templated":true}]}}