{"id":3453,"date":"2025-11-06T01:27:12","date_gmt":"2025-11-06T01:27:12","guid":{"rendered":"https:\/\/mountlaser.com\/?post_type=product&#038;p=3453"},"modified":"2025-11-28T01:42:06","modified_gmt":"2025-11-28T01:42:06","slug":"sp060-sliding-mini-prism-with-pole","status":"publish","type":"product","link":"https:\/\/mountlaser.com\/es\/producto\/sp060-sliding-mini-prism-with-pole\/","title":{"rendered":"SP060 Mini prisma deslizante con poste"},"content":{"rendered":"<p>El <a href=\"https:\/\/mountlaser.com\/es\/\"><strong>SP060 Mini prisma deslizante con poste<\/strong><\/a> Es una soluci\u00f3n de monitoreo compacta y vers\u00e1til dise\u00f1ada para la medici\u00f3n de deformaciones y la topograf\u00eda de campo de precisi\u00f3n. Este avanzado... <a href=\"https:\/\/mountlaser.com\/es\/about-us\/\"><strong>Sistema de mini prismas con polos de alfiler<\/strong><\/a> Combina alta precisi\u00f3n, construcci\u00f3n duradera y funcionalidad modular, ideal tanto para controles de sitio a corto plazo como para proyectos de monitoreo a largo plazo.<\/p>\n<p>Dise\u00f1ado para la precisi\u00f3n, el miniprisma deslizante SP060 con bast\u00f3n incorpora un miniprisma de alta precisi\u00f3n con un desplazamiento real de 0 mm, lo que garantiza una alineaci\u00f3n perfecta para la medici\u00f3n de distancias. El prisma est\u00e1 disponible con revestimiento de cobre o plata para adaptarse a diferentes requisitos de medici\u00f3n y condiciones ambientales. Fabricado con aluminio anodizado mecanizado por CNC, ofrece una durabilidad excepcional y resistencia a la corrosi\u00f3n, lo que lo convierte en una opci\u00f3n fiable para aplicaciones de campo exigentes.<\/p>\n<p><img fetchpriority=\"high\" decoding=\"async\" class=\"aligncenter wp-image-3454\" src=\"https:\/\/mountlaser.com\/wp-content\/uploads\/2025\/11\/5-9SP0601.webp\" alt=\"SP060 Sliding Mini Prism with Pole\" width=\"500\" height=\"500\" srcset=\"https:\/\/mountlaser.com\/wp-content\/uploads\/2025\/11\/5-9SP0601.webp 1000w, https:\/\/mountlaser.com\/wp-content\/uploads\/2025\/11\/5-9SP0601-300x300.webp 300w, https:\/\/mountlaser.com\/wp-content\/uploads\/2025\/11\/5-9SP0601-400x400.webp 400w, https:\/\/mountlaser.com\/wp-content\/uploads\/2025\/11\/5-9SP0601-800x800.webp 800w, https:\/\/mountlaser.com\/wp-content\/uploads\/2025\/11\/5-9SP0601-600x600.webp 600w, https:\/\/mountlaser.com\/wp-content\/uploads\/2025\/11\/5-9SP0601-150x150.webp 150w, https:\/\/mountlaser.com\/wp-content\/uploads\/2025\/11\/5-9SP0601-768x768.webp 768w, https:\/\/mountlaser.com\/wp-content\/uploads\/2025\/11\/5-9SP0601-12x12.webp 12w\" sizes=\"(max-width: 500px) 100vw, 500px\" \/><\/p>\n<p>El <a href=\"https:\/\/mountlaser.com\/es\/contact-us\/\">Sistema de mini prismas con polos de alfiler<\/a> Viene equipado con conos laterales dobles que funcionan como un sistema de doble bloqueo seguro, garantizando una posici\u00f3n estable del prisma. El gancho y el adaptador de esquina incluidos permiten una instalaci\u00f3n flexible en diversas superficies, mientras que el poste de acero de 3 secciones (500 mm por secci\u00f3n, 1,5 m en total) permite ajustar la altura para configuraciones vers\u00e1tiles en el campo.<\/p>\n<p>Para una mayor precisi\u00f3n, los usuarios pueden combinar el mini prisma deslizante SP060 con poste con la base nivelante mini prisma MPT05 opcional o la extensi\u00f3n de tubo de aluminio para una mayor rigidez y precisi\u00f3n.<\/p>","protected":false},"excerpt":{"rendered":"<p>\u2022 Los conos laterales dobles garantizan un bloqueo estable y repetibilidad.<br \/>\n\u2022 Incluye gancho, adaptador de esquina y bolsa de transporte suave.<br \/>\n\u2022 Compatible con el mini prisma MPT05 y accesorios de extensi\u00f3n<\/p>","protected":false},"featured_media":3459,"comment_status":"open","ping_status":"closed","template":"","meta":[],"product_brand":[],"product_cat":[72,114],"product_tag":[],"class_list":{"0":"post-3453","1":"product","2":"type-product","3":"status-publish","4":"has-post-thumbnail","6":"product_cat-reflective-target-prism","7":"product_cat-mini-prism-with-pole","9":"first","10":"instock","11":"shipping-taxable","12":"product-type-simple"},"_links":{"self":[{"href":"https:\/\/mountlaser.com\/es\/wp-json\/wp\/v2\/product\/3453","targetHints":{"allow":["GET"]}}],"collection":[{"href":"https:\/\/mountlaser.com\/es\/wp-json\/wp\/v2\/product"}],"about":[{"href":"https:\/\/mountlaser.com\/es\/wp-json\/wp\/v2\/types\/product"}],"replies":[{"embeddable":true,"href":"https:\/\/mountlaser.com\/es\/wp-json\/wp\/v2\/comments?post=3453"}],"wp:featuredmedia":[{"embeddable":true,"href":"https:\/\/mountlaser.com\/es\/wp-json\/wp\/v2\/media\/3459"}],"wp:attachment":[{"href":"https:\/\/mountlaser.com\/es\/wp-json\/wp\/v2\/media?parent=3453"}],"wp:term":[{"taxonomy":"product_brand","embeddable":true,"href":"https:\/\/mountlaser.com\/es\/wp-json\/wp\/v2\/product_brand?post=3453"},{"taxonomy":"product_cat","embeddable":true,"href":"https:\/\/mountlaser.com\/es\/wp-json\/wp\/v2\/product_cat?post=3453"},{"taxonomy":"product_tag","embeddable":true,"href":"https:\/\/mountlaser.com\/es\/wp-json\/wp\/v2\/product_tag?post=3453"}],"curies":[{"name":"wp","href":"https:\/\/api.w.org\/{rel}","templated":true}]}}