{"id":3448,"date":"2025-11-05T09:12:55","date_gmt":"2025-11-05T09:12:55","guid":{"rendered":"https:\/\/mountlaser.com\/?post_type=product&#038;p=3448"},"modified":"2025-11-28T01:44:50","modified_gmt":"2025-11-28T01:44:50","slug":"7m-telescopic-levelling-staff","status":"publish","type":"product","link":"https:\/\/mountlaser.com\/es\/producto\/7m-telescopic-levelling-staff\/","title":{"rendered":"Mira niveladora telesc\u00f3pica de 7 m"},"content":{"rendered":"<p>El l\u00e1ser de montaje <a href=\"https:\/\/mountlaser.com\/es\/\"><strong>Nivelador de aluminio de 7 m<\/strong><\/a> Establece un nuevo est\u00e1ndar para tareas de nivelaci\u00f3n de alta precisi\u00f3n a gran escala. Dise\u00f1ada para profesionales que requieren un alcance excepcional y una precisi\u00f3n inquebrantable, esta regla niveladora 7M ofrece un rendimiento inigualable. Una caracter\u00edstica clave de esta herramienta avanzada es su innovador sistema de nivelaci\u00f3n de aluminio de doble cara, que proporciona escalas claras y f\u00e1ciles de leer en ambos lados para mayor versatilidad y comodidad de lectura en obras complejas.<\/p>\n<p>Fabricado con aleaci\u00f3n de aluminio 6061 de alta resistencia con un acabado anodizado plateado protector, este <a href=\"https:\/\/mountlaser.com\/es\/products\/\"><strong>Nivelador de aluminio de doble cara<\/strong><\/a> Est\u00e1 construido para una m\u00e1xima durabilidad y resistencia a la corrosi\u00f3n, capaz de soportar las condiciones de campo m\u00e1s duras.<br \/>\nLas escalas se aplican meticulosamente mediante serigraf\u00eda tradicional y secado a alta temperatura, lo que garantiza la fijaci\u00f3n permanente de las marcas y su resistencia a la intemperie, la abrasi\u00f3n y la exposici\u00f3n a los rayos UV. Este proceso garantiza la legibilidad a largo plazo, esencial para el sistema de nivelaci\u00f3n de aluminio de doble cara. Plegable para facilitar su transporte e incluyendo una bolsa de transporte, esta mira de 7 metros es la soluci\u00f3n completa para grandes proyectos de topograf\u00eda y construcci\u00f3n.<\/p>\n<p>Varilla niveladora de aluminio de alta calidad. Los tama\u00f1os est\u00e1ndar incluyen 7 m\/5 secciones.<\/p>\n<p><img fetchpriority=\"high\" decoding=\"async\" class=\"wp-image-3428 aligncenter\" src=\"https:\/\/mountlaser.com\/wp-content\/uploads\/2025\/11\/0b2093a1-9948-45d7-b293-7bf17d80b027_\u526f\u672c.webp\" alt=\"Aluminum Dual Faces Levelling staff\" width=\"500\" height=\"500\" srcset=\"https:\/\/mountlaser.com\/wp-content\/uploads\/2025\/11\/0b2093a1-9948-45d7-b293-7bf17d80b027_\u526f\u672c.webp 800w, https:\/\/mountlaser.com\/wp-content\/uploads\/2025\/11\/0b2093a1-9948-45d7-b293-7bf17d80b027_\u526f\u672c-300x300.webp 300w, https:\/\/mountlaser.com\/wp-content\/uploads\/2025\/11\/0b2093a1-9948-45d7-b293-7bf17d80b027_\u526f\u672c-400x400.webp 400w, https:\/\/mountlaser.com\/wp-content\/uploads\/2025\/11\/0b2093a1-9948-45d7-b293-7bf17d80b027_\u526f\u672c-600x600.webp 600w, https:\/\/mountlaser.com\/wp-content\/uploads\/2025\/11\/0b2093a1-9948-45d7-b293-7bf17d80b027_\u526f\u672c-150x150.webp 150w, https:\/\/mountlaser.com\/wp-content\/uploads\/2025\/11\/0b2093a1-9948-45d7-b293-7bf17d80b027_\u526f\u672c-768x768.webp 768w, https:\/\/mountlaser.com\/wp-content\/uploads\/2025\/11\/0b2093a1-9948-45d7-b293-7bf17d80b027_\u526f\u672c-12x12.webp 12w\" sizes=\"(max-width: 500px) 100vw, 500px\" \/><br \/>\nLa imagen muestra varios tipos de representaci\u00f3n para elegir.<\/p>\n<p><img decoding=\"async\" class=\"aligncenter wp-image-3429\" src=\"https:\/\/mountlaser.com\/wp-content\/uploads\/2025\/11\/228c0b4c-8469-40d6-a029-3e5a5f677176_\u526f\u672c.webp\" alt=\"Aluminum Dual Faces Levelling staff\" width=\"500\" height=\"500\" srcset=\"https:\/\/mountlaser.com\/wp-content\/uploads\/2025\/11\/228c0b4c-8469-40d6-a029-3e5a5f677176_\u526f\u672c.webp 800w, https:\/\/mountlaser.com\/wp-content\/uploads\/2025\/11\/228c0b4c-8469-40d6-a029-3e5a5f677176_\u526f\u672c-300x300.webp 300w, https:\/\/mountlaser.com\/wp-content\/uploads\/2025\/11\/228c0b4c-8469-40d6-a029-3e5a5f677176_\u526f\u672c-400x400.webp 400w, https:\/\/mountlaser.com\/wp-content\/uploads\/2025\/11\/228c0b4c-8469-40d6-a029-3e5a5f677176_\u526f\u672c-600x600.webp 600w, https:\/\/mountlaser.com\/wp-content\/uploads\/2025\/11\/228c0b4c-8469-40d6-a029-3e5a5f677176_\u526f\u672c-150x150.webp 150w, https:\/\/mountlaser.com\/wp-content\/uploads\/2025\/11\/228c0b4c-8469-40d6-a029-3e5a5f677176_\u526f\u672c-768x768.webp 768w, https:\/\/mountlaser.com\/wp-content\/uploads\/2025\/11\/228c0b4c-8469-40d6-a029-3e5a5f677176_\u526f\u672c-12x12.webp 12w\" sizes=\"(max-width: 500px) 100vw, 500px\" \/><\/p>\n<p>Cuando su proyecto exige un alcance extremo y una funcionalidad superior, esto <a href=\"https:\/\/mountlaser.com\/es\/about-us\/\">Varilla niveladora de aluminio de alta calidad<\/a> Es la elecci\u00f3n definitiva para lograr resultados precisos de manera eficiente.<\/p>","protected":false},"excerpt":{"rendered":"<ul>\n<li>Mira niveladora de aluminio de doble cara Proporciona un alcance total de 7 metros para determinar diferencias de elevaci\u00f3n en grandes distancias con niveles l\u00e1ser y \u00f3pticos.<\/li>\n<li>El innovador dise\u00f1o de nivelaci\u00f3n de doble cara de aluminio permite una f\u00e1cil lectura desde diferentes \u00e1ngulos y posiciones, mejorando la eficiencia del flujo de trabajo.<\/li>\n<\/ul>","protected":false},"featured_media":3450,"comment_status":"open","ping_status":"closed","template":"","meta":[],"product_brand":[],"product_cat":[90],"product_tag":[],"class_list":{"0":"post-3448","1":"product","2":"type-product","3":"status-publish","4":"has-post-thumbnail","6":"product_cat-leveling-staff","8":"first","9":"instock","10":"shipping-taxable","11":"product-type-simple"},"_links":{"self":[{"href":"https:\/\/mountlaser.com\/es\/wp-json\/wp\/v2\/product\/3448","targetHints":{"allow":["GET"]}}],"collection":[{"href":"https:\/\/mountlaser.com\/es\/wp-json\/wp\/v2\/product"}],"about":[{"href":"https:\/\/mountlaser.com\/es\/wp-json\/wp\/v2\/types\/product"}],"replies":[{"embeddable":true,"href":"https:\/\/mountlaser.com\/es\/wp-json\/wp\/v2\/comments?post=3448"}],"wp:featuredmedia":[{"embeddable":true,"href":"https:\/\/mountlaser.com\/es\/wp-json\/wp\/v2\/media\/3450"}],"wp:attachment":[{"href":"https:\/\/mountlaser.com\/es\/wp-json\/wp\/v2\/media?parent=3448"}],"wp:term":[{"taxonomy":"product_brand","embeddable":true,"href":"https:\/\/mountlaser.com\/es\/wp-json\/wp\/v2\/product_brand?post=3448"},{"taxonomy":"product_cat","embeddable":true,"href":"https:\/\/mountlaser.com\/es\/wp-json\/wp\/v2\/product_cat?post=3448"},{"taxonomy":"product_tag","embeddable":true,"href":"https:\/\/mountlaser.com\/es\/wp-json\/wp\/v2\/product_tag?post=3448"}],"curies":[{"name":"wp","href":"https:\/\/api.w.org\/{rel}","templated":true}]}}