{"id":3441,"date":"2025-11-05T09:00:30","date_gmt":"2025-11-05T09:00:30","guid":{"rendered":"https:\/\/mountlaser.com\/?post_type=product&#038;p=3441"},"modified":"2025-11-28T02:09:25","modified_gmt":"2025-11-28T02:09:25","slug":"5m-aluminum-leveling-staff","status":"publish","type":"product","link":"https:\/\/mountlaser.com\/es\/producto\/5m-aluminum-leveling-staff\/","title":{"rendered":"Nivelador de aluminio de 5 m"},"content":{"rendered":"<p><a href=\"https:\/\/mountlaser.com\/es\/\"><strong>Nivelador de aluminio de 5 m<\/strong><\/a> Dise\u00f1ado para profesionales que requieren un alcance extendido sin sacrificar portabilidad ni precisi\u00f3n. Tambi\u00e9n conocido como mira niveladora de aluminio de 5 m, esta herramienta es la soluci\u00f3n definitiva para proyectos de topograf\u00eda y construcci\u00f3n a gran escala. Nuestra mira niveladora telesc\u00f3pica de aluminio de 5 m se extiende hasta una longitud de 5 metros, proporcionando el alcance necesario para mediciones de elevaci\u00f3n completas con niveles l\u00e1ser y \u00f3pticos. Su innovador dise\u00f1o de 5 secciones hace que esta mira topogr\u00e1fica de aluminio de 5 metros sea notablemente compacta cuando est\u00e1 plegada, lo que facilita su transporte y almacenamiento.<\/p>\n<p>Fabricada en aleaci\u00f3n de aluminio 6061 de alta resistencia con acabado anodizado plateado, esta mira est\u00e1 dise\u00f1ada para resistir la corrosi\u00f3n y el uso diario riguroso. Las graduaciones se aplican mediante serigraf\u00eda tradicional, seguida de un secado a alta temperatura, lo que da como resultado una escala altamente resistente a la intemperie, la abrasi\u00f3n y la decoloraci\u00f3n. Esto garantiza la claridad y fiabilidad a largo plazo de esta mira telesc\u00f3pica de aluminio de 5 m. Incluye una bolsa de transporte protectora. <a href=\"https:\/\/mountlaser.com\/es\/about-us\/\"><strong>Bast\u00f3n de medici\u00f3n de aluminio de 5 metros y 5 secciones<\/strong><\/a> Es un kit completo, listo para implementar en cualquier lugar de trabajo.<\/p>\n<p>&nbsp;<\/p>\n<p>Los tama\u00f1os est\u00e1ndar incluyen 5 m\/5 secciones<\/p>\n<p>La imagen muestra varios tipos de representaci\u00f3n para elegir.<img fetchpriority=\"high\" decoding=\"async\" class=\"alignnone wp-image-3428\" src=\"https:\/\/mountlaser.com\/wp-content\/uploads\/2025\/11\/0b2093a1-9948-45d7-b293-7bf17d80b027_\u526f\u672c.webp\" alt=\"5 Meter 5-Section Aluminium Survey Staff\" width=\"500\" height=\"500\" srcset=\"https:\/\/mountlaser.com\/wp-content\/uploads\/2025\/11\/0b2093a1-9948-45d7-b293-7bf17d80b027_\u526f\u672c.webp 800w, https:\/\/mountlaser.com\/wp-content\/uploads\/2025\/11\/0b2093a1-9948-45d7-b293-7bf17d80b027_\u526f\u672c-300x300.webp 300w, https:\/\/mountlaser.com\/wp-content\/uploads\/2025\/11\/0b2093a1-9948-45d7-b293-7bf17d80b027_\u526f\u672c-400x400.webp 400w, https:\/\/mountlaser.com\/wp-content\/uploads\/2025\/11\/0b2093a1-9948-45d7-b293-7bf17d80b027_\u526f\u672c-600x600.webp 600w, https:\/\/mountlaser.com\/wp-content\/uploads\/2025\/11\/0b2093a1-9948-45d7-b293-7bf17d80b027_\u526f\u672c-150x150.webp 150w, https:\/\/mountlaser.com\/wp-content\/uploads\/2025\/11\/0b2093a1-9948-45d7-b293-7bf17d80b027_\u526f\u672c-768x768.webp 768w, https:\/\/mountlaser.com\/wp-content\/uploads\/2025\/11\/0b2093a1-9948-45d7-b293-7bf17d80b027_\u526f\u672c-12x12.webp 12w\" sizes=\"(max-width: 500px) 100vw, 500px\" \/><\/p>\n<p>&nbsp;<\/p>\n<p><img decoding=\"async\" class=\"aligncenter wp-image-3429\" src=\"https:\/\/mountlaser.com\/wp-content\/uploads\/2025\/11\/228c0b4c-8469-40d6-a029-3e5a5f677176_\u526f\u672c.webp\" alt=\"5 Meter 5-Section Aluminium Survey Staff\" width=\"500\" height=\"500\" srcset=\"https:\/\/mountlaser.com\/wp-content\/uploads\/2025\/11\/228c0b4c-8469-40d6-a029-3e5a5f677176_\u526f\u672c.webp 800w, https:\/\/mountlaser.com\/wp-content\/uploads\/2025\/11\/228c0b4c-8469-40d6-a029-3e5a5f677176_\u526f\u672c-300x300.webp 300w, https:\/\/mountlaser.com\/wp-content\/uploads\/2025\/11\/228c0b4c-8469-40d6-a029-3e5a5f677176_\u526f\u672c-400x400.webp 400w, https:\/\/mountlaser.com\/wp-content\/uploads\/2025\/11\/228c0b4c-8469-40d6-a029-3e5a5f677176_\u526f\u672c-600x600.webp 600w, https:\/\/mountlaser.com\/wp-content\/uploads\/2025\/11\/228c0b4c-8469-40d6-a029-3e5a5f677176_\u526f\u672c-150x150.webp 150w, https:\/\/mountlaser.com\/wp-content\/uploads\/2025\/11\/228c0b4c-8469-40d6-a029-3e5a5f677176_\u526f\u672c-768x768.webp 768w, https:\/\/mountlaser.com\/wp-content\/uploads\/2025\/11\/228c0b4c-8469-40d6-a029-3e5a5f677176_\u526f\u672c-12x12.webp 12w\" sizes=\"(max-width: 500px) 100vw, 500px\" \/><\/p>","protected":false},"excerpt":{"rendered":"<ul>\n<li>Como bast\u00f3n topogr\u00e1fico de aluminio de 5 metros y 5 secciones, se pliega hasta convertirse en una unidad peque\u00f1a y manejable, lo que lo hace incre\u00edblemente f\u00e1cil de transportar y almacenar.<\/li>\n<li>Incluye un pr\u00e1ctico estuche de transporte, lo que hace que todo el sistema de varilla niveladora telesc\u00f3pica de aluminio de 5 M sea port\u00e1til y est\u00e9 protegido durante el transporte.<\/li>\n<\/ul>","protected":false},"featured_media":3446,"comment_status":"open","ping_status":"closed","template":"","meta":[],"product_brand":[],"product_cat":[90],"product_tag":[],"class_list":{"0":"post-3441","1":"product","2":"type-product","3":"status-publish","4":"has-post-thumbnail","6":"product_cat-leveling-staff","8":"first","9":"instock","10":"shipping-taxable","11":"product-type-simple"},"_links":{"self":[{"href":"https:\/\/mountlaser.com\/es\/wp-json\/wp\/v2\/product\/3441","targetHints":{"allow":["GET"]}}],"collection":[{"href":"https:\/\/mountlaser.com\/es\/wp-json\/wp\/v2\/product"}],"about":[{"href":"https:\/\/mountlaser.com\/es\/wp-json\/wp\/v2\/types\/product"}],"replies":[{"embeddable":true,"href":"https:\/\/mountlaser.com\/es\/wp-json\/wp\/v2\/comments?post=3441"}],"wp:featuredmedia":[{"embeddable":true,"href":"https:\/\/mountlaser.com\/es\/wp-json\/wp\/v2\/media\/3446"}],"wp:attachment":[{"href":"https:\/\/mountlaser.com\/es\/wp-json\/wp\/v2\/media?parent=3441"}],"wp:term":[{"taxonomy":"product_brand","embeddable":true,"href":"https:\/\/mountlaser.com\/es\/wp-json\/wp\/v2\/product_brand?post=3441"},{"taxonomy":"product_cat","embeddable":true,"href":"https:\/\/mountlaser.com\/es\/wp-json\/wp\/v2\/product_cat?post=3441"},{"taxonomy":"product_tag","embeddable":true,"href":"https:\/\/mountlaser.com\/es\/wp-json\/wp\/v2\/product_tag?post=3441"}],"curies":[{"name":"wp","href":"https:\/\/api.w.org\/{rel}","templated":true}]}}