{"id":3435,"date":"2025-11-05T08:52:36","date_gmt":"2025-11-05T08:52:36","guid":{"rendered":"https:\/\/mountlaser.com\/?post_type=product&#038;p=3435"},"modified":"2025-11-28T02:15:49","modified_gmt":"2025-11-28T02:15:49","slug":"4m-aluminum-leveling-staff","status":"publish","type":"product","link":"https:\/\/mountlaser.com\/es\/producto\/4m-aluminum-leveling-staff\/","title":{"rendered":"Nivelador de aluminio 4M"},"content":{"rendered":"<p><a href=\"https:\/\/mountlaser.com\/es\/\"><strong>Nivelador de aluminio 4M<\/strong><\/a> Es una herramienta de calidad profesional dise\u00f1ada para brindar precisi\u00f3n y eficiencia en la obra. Tambi\u00e9n conocida como vara niveladora de aluminio 4M, este producto est\u00e1 dise\u00f1ado para satisfacer las rigurosas exigencias de top\u00f3grafos y profesionales de la construcci\u00f3n.<\/p>\n<p>Como una robusta mira niveladora telesc\u00f3pica, se extiende hasta una longitud total de 4 metros, proporcionando el alcance necesario para una amplia gama de tareas de medici\u00f3n con niveles l\u00e1ser y \u00f3pticos.<\/p>\n<p>&nbsp;<\/p>\n<p>Fabricado en aleaci\u00f3n de aluminio 6061 de alta resistencia con un acabado anodizado plateado protector, este bast\u00f3n topogr\u00e1fico de aluminio est\u00e1 dise\u00f1ado para una mayor durabilidad y longevidad. Resiste eficazmente la corrosi\u00f3n y soporta las inclemencias del tiempo. La escala transparente se aplica mediante serigraf\u00eda tradicional y secado a alta temperatura, lo que garantiza una adhesi\u00f3n superior y es resistente a la intemperie y la abrasi\u00f3n. Esto hace que las marcas en este bast\u00f3n... <a href=\"https:\/\/mountlaser.com\/es\/products\/\"><strong>Varilla niveladora telesc\u00f3pica<\/strong><\/a> F\u00e1cil de leer y duradero, incluso con uso intensivo. La bolsa de transporte incluida facilita el transporte y almacenamiento de esta b\u00e1scula de aluminio port\u00e1til, completando as\u00ed una soluci\u00f3n integral para cualquier profesional.<\/p>\n<p>Los tama\u00f1os est\u00e1ndar incluyen <a href=\"https:\/\/mountlaser.com\/es\/contact-us\/\">4 m\/4 secciones<\/a><\/p>\n<p><img fetchpriority=\"high\" decoding=\"async\" class=\"wp-image-3428 aligncenter\" src=\"https:\/\/mountlaser.com\/wp-content\/uploads\/2025\/11\/0b2093a1-9948-45d7-b293-7bf17d80b027_\u526f\u672c.webp\" alt=\"Telescopic Leveling Rod\" width=\"500\" height=\"500\" srcset=\"https:\/\/mountlaser.com\/wp-content\/uploads\/2025\/11\/0b2093a1-9948-45d7-b293-7bf17d80b027_\u526f\u672c.webp 800w, https:\/\/mountlaser.com\/wp-content\/uploads\/2025\/11\/0b2093a1-9948-45d7-b293-7bf17d80b027_\u526f\u672c-300x300.webp 300w, https:\/\/mountlaser.com\/wp-content\/uploads\/2025\/11\/0b2093a1-9948-45d7-b293-7bf17d80b027_\u526f\u672c-400x400.webp 400w, https:\/\/mountlaser.com\/wp-content\/uploads\/2025\/11\/0b2093a1-9948-45d7-b293-7bf17d80b027_\u526f\u672c-600x600.webp 600w, https:\/\/mountlaser.com\/wp-content\/uploads\/2025\/11\/0b2093a1-9948-45d7-b293-7bf17d80b027_\u526f\u672c-150x150.webp 150w, https:\/\/mountlaser.com\/wp-content\/uploads\/2025\/11\/0b2093a1-9948-45d7-b293-7bf17d80b027_\u526f\u672c-768x768.webp 768w, https:\/\/mountlaser.com\/wp-content\/uploads\/2025\/11\/0b2093a1-9948-45d7-b293-7bf17d80b027_\u526f\u672c-12x12.webp 12w\" sizes=\"(max-width: 500px) 100vw, 500px\" \/><\/p>\n<p>La imagen muestra varios tipos de representaci\u00f3n para elegir.<\/p>\n<p><img decoding=\"async\" class=\"aligncenter wp-image-3429\" src=\"https:\/\/mountlaser.com\/wp-content\/uploads\/2025\/11\/228c0b4c-8469-40d6-a029-3e5a5f677176_\u526f\u672c.webp\" alt=\"Telescopic Leveling Rod\" width=\"500\" height=\"500\" srcset=\"https:\/\/mountlaser.com\/wp-content\/uploads\/2025\/11\/228c0b4c-8469-40d6-a029-3e5a5f677176_\u526f\u672c.webp 800w, https:\/\/mountlaser.com\/wp-content\/uploads\/2025\/11\/228c0b4c-8469-40d6-a029-3e5a5f677176_\u526f\u672c-300x300.webp 300w, https:\/\/mountlaser.com\/wp-content\/uploads\/2025\/11\/228c0b4c-8469-40d6-a029-3e5a5f677176_\u526f\u672c-400x400.webp 400w, https:\/\/mountlaser.com\/wp-content\/uploads\/2025\/11\/228c0b4c-8469-40d6-a029-3e5a5f677176_\u526f\u672c-600x600.webp 600w, https:\/\/mountlaser.com\/wp-content\/uploads\/2025\/11\/228c0b4c-8469-40d6-a029-3e5a5f677176_\u526f\u672c-150x150.webp 150w, https:\/\/mountlaser.com\/wp-content\/uploads\/2025\/11\/228c0b4c-8469-40d6-a029-3e5a5f677176_\u526f\u672c-768x768.webp 768w, https:\/\/mountlaser.com\/wp-content\/uploads\/2025\/11\/228c0b4c-8469-40d6-a029-3e5a5f677176_\u526f\u672c-12x12.webp 12w\" sizes=\"(max-width: 500px) 100vw, 500px\" \/><\/p>","protected":false},"excerpt":{"rendered":"<ul>\n<li>Sirve como una mira niveladora telesc\u00f3pica de 4 metros para determinar con precisi\u00f3n diferencias de elevaci\u00f3n y alturas con varios instrumentos de nivelaci\u00f3n.<\/li>\n<li>Cuenta con una escala altamente legible, resistente a la intemperie y a la corrosi\u00f3n, serigrafiada y secada al calor para lograr m\u00e1xima durabilidad y claridad.<\/li>\n<\/ul>","protected":false},"featured_media":3439,"comment_status":"open","ping_status":"closed","template":"","meta":[],"product_brand":[],"product_cat":[90],"product_tag":[],"class_list":{"0":"post-3435","1":"product","2":"type-product","3":"status-publish","4":"has-post-thumbnail","6":"product_cat-leveling-staff","8":"first","9":"instock","10":"shipping-taxable","11":"product-type-simple"},"_links":{"self":[{"href":"https:\/\/mountlaser.com\/es\/wp-json\/wp\/v2\/product\/3435","targetHints":{"allow":["GET"]}}],"collection":[{"href":"https:\/\/mountlaser.com\/es\/wp-json\/wp\/v2\/product"}],"about":[{"href":"https:\/\/mountlaser.com\/es\/wp-json\/wp\/v2\/types\/product"}],"replies":[{"embeddable":true,"href":"https:\/\/mountlaser.com\/es\/wp-json\/wp\/v2\/comments?post=3435"}],"wp:featuredmedia":[{"embeddable":true,"href":"https:\/\/mountlaser.com\/es\/wp-json\/wp\/v2\/media\/3439"}],"wp:attachment":[{"href":"https:\/\/mountlaser.com\/es\/wp-json\/wp\/v2\/media?parent=3435"}],"wp:term":[{"taxonomy":"product_brand","embeddable":true,"href":"https:\/\/mountlaser.com\/es\/wp-json\/wp\/v2\/product_brand?post=3435"},{"taxonomy":"product_cat","embeddable":true,"href":"https:\/\/mountlaser.com\/es\/wp-json\/wp\/v2\/product_cat?post=3435"},{"taxonomy":"product_tag","embeddable":true,"href":"https:\/\/mountlaser.com\/es\/wp-json\/wp\/v2\/product_tag?post=3435"}],"curies":[{"name":"wp","href":"https:\/\/api.w.org\/{rel}","templated":true}]}}