{"id":3427,"date":"2025-11-05T08:38:37","date_gmt":"2025-11-05T08:38:37","guid":{"rendered":"https:\/\/mountlaser.com\/?post_type=product&#038;p=3427"},"modified":"2025-11-28T02:22:32","modified_gmt":"2025-11-28T02:22:32","slug":"3m-aluminum-leveling-staff","status":"publish","type":"product","link":"https:\/\/mountlaser.com\/es\/producto\/3m-aluminum-leveling-staff\/","title":{"rendered":"Vara de nivelaci\u00f3n de aluminio 3M"},"content":{"rendered":"<p>El l\u00e1ser de montaje <a href=\"https:\/\/mountlaser.com\/es\/\u3001\/\"><strong>Vara de nivelaci\u00f3n de aluminio 3M<\/strong> <\/a>(tambi\u00e9n conocida como mira niveladora) es una mira telesc\u00f3pica de alta precisi\u00f3n dise\u00f1ada para aplicaciones profesionales de topograf\u00eda y construcci\u00f3n. Fabricada en aleaci\u00f3n de aluminio 6061 de alta resistencia con acabado anodizado plateado, ofrece una excepcional relaci\u00f3n resistencia-peso, lo que la hace ligera y extremadamente duradera. Est\u00e1 disponible con espesores de pared de 1,0 mm y 0,8 mm para adaptarse a las necesidades espec\u00edficas de cada proyecto.<\/p>\n<p>Este <a href=\"https:\/\/mountlaser.com\/es\/about-us\/\"><strong>Personal de topograf\u00eda de precisi\u00f3n<\/strong><\/a> Cuenta con una escala clara y permanente, aplicada mediante serigraf\u00eda tradicional y secado a alta temperatura, lo que garantiza una alta resistencia a la intemperie, la corrosi\u00f3n y la abrasi\u00f3n. La escala en la parte posterior facilita la lectura de la altura total. Con una longitud de 3 metros, es ideal para usar con niveles l\u00e1ser y \u00f3pticos. Como mira telesc\u00f3pica de nivelaci\u00f3n vers\u00e1til y ajustable, incluye una bolsa de transporte para una portabilidad \u00f3ptima, lo que la convierte en una herramienta f\u00e1cil de usar y fiable para una amplia gama de necesidades de medici\u00f3n.<\/p>\n<p>&nbsp;<\/p>\n<p>Los tama\u00f1os est\u00e1ndar incluyen 3 m\/3 secciones.<img fetchpriority=\"high\" decoding=\"async\" class=\"aligncenter wp-image-3428\" src=\"https:\/\/mountlaser.com\/wp-content\/uploads\/2025\/11\/0b2093a1-9948-45d7-b293-7bf17d80b027_\u526f\u672c.webp\" alt=\"Telescopic Leveling Staff\" width=\"500\" height=\"500\" srcset=\"https:\/\/mountlaser.com\/wp-content\/uploads\/2025\/11\/0b2093a1-9948-45d7-b293-7bf17d80b027_\u526f\u672c.webp 800w, https:\/\/mountlaser.com\/wp-content\/uploads\/2025\/11\/0b2093a1-9948-45d7-b293-7bf17d80b027_\u526f\u672c-300x300.webp 300w, https:\/\/mountlaser.com\/wp-content\/uploads\/2025\/11\/0b2093a1-9948-45d7-b293-7bf17d80b027_\u526f\u672c-400x400.webp 400w, https:\/\/mountlaser.com\/wp-content\/uploads\/2025\/11\/0b2093a1-9948-45d7-b293-7bf17d80b027_\u526f\u672c-600x600.webp 600w, https:\/\/mountlaser.com\/wp-content\/uploads\/2025\/11\/0b2093a1-9948-45d7-b293-7bf17d80b027_\u526f\u672c-150x150.webp 150w, https:\/\/mountlaser.com\/wp-content\/uploads\/2025\/11\/0b2093a1-9948-45d7-b293-7bf17d80b027_\u526f\u672c-768x768.webp 768w, https:\/\/mountlaser.com\/wp-content\/uploads\/2025\/11\/0b2093a1-9948-45d7-b293-7bf17d80b027_\u526f\u672c-12x12.webp 12w\" sizes=\"(max-width: 500px) 100vw, 500px\" \/><\/p>\n<p>La imagen muestra varios tipos de representaci\u00f3n para elegir.<\/p>\n<p><img decoding=\"async\" class=\"aligncenter wp-image-3429\" src=\"https:\/\/mountlaser.com\/wp-content\/uploads\/2025\/11\/228c0b4c-8469-40d6-a029-3e5a5f677176_\u526f\u672c.webp\" alt=\"Telescopic Leveling Staff\" width=\"500\" height=\"500\" srcset=\"https:\/\/mountlaser.com\/wp-content\/uploads\/2025\/11\/228c0b4c-8469-40d6-a029-3e5a5f677176_\u526f\u672c.webp 800w, https:\/\/mountlaser.com\/wp-content\/uploads\/2025\/11\/228c0b4c-8469-40d6-a029-3e5a5f677176_\u526f\u672c-300x300.webp 300w, https:\/\/mountlaser.com\/wp-content\/uploads\/2025\/11\/228c0b4c-8469-40d6-a029-3e5a5f677176_\u526f\u672c-400x400.webp 400w, https:\/\/mountlaser.com\/wp-content\/uploads\/2025\/11\/228c0b4c-8469-40d6-a029-3e5a5f677176_\u526f\u672c-600x600.webp 600w, https:\/\/mountlaser.com\/wp-content\/uploads\/2025\/11\/228c0b4c-8469-40d6-a029-3e5a5f677176_\u526f\u672c-150x150.webp 150w, https:\/\/mountlaser.com\/wp-content\/uploads\/2025\/11\/228c0b4c-8469-40d6-a029-3e5a5f677176_\u526f\u672c-768x768.webp 768w, https:\/\/mountlaser.com\/wp-content\/uploads\/2025\/11\/228c0b4c-8469-40d6-a029-3e5a5f677176_\u526f\u672c-12x12.webp 12w\" sizes=\"(max-width: 500px) 100vw, 500px\" \/><\/p>","protected":false},"excerpt":{"rendered":"<ul>\n<li>Funciona como una mira niveladora telesc\u00f3pica de 3 metros para determinar diferencias de elevaci\u00f3n y alturas con niveles \u00f3pticos o l\u00e1ser.<\/li>\n<li>La escala en la parte posterior proporciona una lectura conveniente de la altura general, lo que favorece una recopilaci\u00f3n precisa de datos.<\/li>\n<li>Viene con una pr\u00e1ctica bolsa de transporte, lo que hace que todo el bast\u00f3n de topograf\u00eda de precisi\u00f3n sea f\u00e1cil de transportar y almacenar.<\/li>\n<\/ul>","protected":false},"featured_media":3431,"comment_status":"open","ping_status":"closed","template":"","meta":[],"product_brand":[],"product_cat":[90],"product_tag":[],"class_list":{"0":"post-3427","1":"product","2":"type-product","3":"status-publish","4":"has-post-thumbnail","6":"product_cat-leveling-staff","8":"first","9":"instock","10":"shipping-taxable","11":"product-type-simple"},"_links":{"self":[{"href":"https:\/\/mountlaser.com\/es\/wp-json\/wp\/v2\/product\/3427","targetHints":{"allow":["GET"]}}],"collection":[{"href":"https:\/\/mountlaser.com\/es\/wp-json\/wp\/v2\/product"}],"about":[{"href":"https:\/\/mountlaser.com\/es\/wp-json\/wp\/v2\/types\/product"}],"replies":[{"embeddable":true,"href":"https:\/\/mountlaser.com\/es\/wp-json\/wp\/v2\/comments?post=3427"}],"wp:featuredmedia":[{"embeddable":true,"href":"https:\/\/mountlaser.com\/es\/wp-json\/wp\/v2\/media\/3431"}],"wp:attachment":[{"href":"https:\/\/mountlaser.com\/es\/wp-json\/wp\/v2\/media?parent=3427"}],"wp:term":[{"taxonomy":"product_brand","embeddable":true,"href":"https:\/\/mountlaser.com\/es\/wp-json\/wp\/v2\/product_brand?post=3427"},{"taxonomy":"product_cat","embeddable":true,"href":"https:\/\/mountlaser.com\/es\/wp-json\/wp\/v2\/product_cat?post=3427"},{"taxonomy":"product_tag","embeddable":true,"href":"https:\/\/mountlaser.com\/es\/wp-json\/wp\/v2\/product_tag?post=3427"}],"curies":[{"name":"wp","href":"https:\/\/api.w.org\/{rel}","templated":true}]}}