{"id":3417,"date":"2025-11-05T08:41:37","date_gmt":"2025-11-05T08:41:37","guid":{"rendered":"https:\/\/mountlaser.com\/?post_type=product&#038;p=3417"},"modified":"2025-11-28T02:17:17","modified_gmt":"2025-11-28T02:17:17","slug":"trm02-tr-large-monitoring-prism","status":"publish","type":"product","link":"https:\/\/mountlaser.com\/es\/producto\/trm02-tr-large-monitoring-prism\/","title":{"rendered":"Prisma de monitoreo grande TRM02 TR"},"content":{"rendered":"<p>El <a href=\"https:\/\/mountlaser.com\/es\/\"><strong>Prisma de monitoreo grande TRM02 TR<\/strong><\/a> Dise\u00f1ado para brindar precisi\u00f3n y estabilidad de largo alcance en aplicaciones profesionales de topograf\u00eda y monitoreo geot\u00e9cnico, este prisma de monitoreo Trimble Survey combina una construcci\u00f3n robusta, resistencia a la intemperie e instalaci\u00f3n flexible para ofrecer resultados consistentes en los entornos m\u00e1s exigentes.<\/p>\n<p>Este <a href=\"https:\/\/mountlaser.com\/es\/products\/\"><strong>Gran prisma de monitoreo<\/strong><\/a> Cuenta con un prisma de tama\u00f1o completo de 62 mm con revestimiento de plata, optimizado para una alta precisi\u00f3n a larga distancia. Ofrece una desviaci\u00f3n absoluta de -40 mm con una precisi\u00f3n de \u00b12 mm y un sistema de pivote de doble eje para un ajuste preciso y una alineaci\u00f3n estable. La cubierta protectora contra la lluvia protege el prisma del polvo, la nieve y la humedad, lo que garantiza mediciones fiables incluso en condiciones de campo dif\u00edciles.<\/p>\n<p><img fetchpriority=\"high\" decoding=\"async\" class=\"aligncenter wp-image-3418\" src=\"https:\/\/mountlaser.com\/wp-content\/uploads\/2025\/11\/5-7TRM021.webp\" alt=\"TRM02 Large Monitoring Prism\" width=\"500\" height=\"500\" srcset=\"https:\/\/mountlaser.com\/wp-content\/uploads\/2025\/11\/5-7TRM021.webp 1000w, https:\/\/mountlaser.com\/wp-content\/uploads\/2025\/11\/5-7TRM021-300x300.webp 300w, https:\/\/mountlaser.com\/wp-content\/uploads\/2025\/11\/5-7TRM021-400x400.webp 400w, https:\/\/mountlaser.com\/wp-content\/uploads\/2025\/11\/5-7TRM021-800x800.webp 800w, https:\/\/mountlaser.com\/wp-content\/uploads\/2025\/11\/5-7TRM021-600x600.webp 600w, https:\/\/mountlaser.com\/wp-content\/uploads\/2025\/11\/5-7TRM021-150x150.webp 150w, https:\/\/mountlaser.com\/wp-content\/uploads\/2025\/11\/5-7TRM021-768x768.webp 768w, https:\/\/mountlaser.com\/wp-content\/uploads\/2025\/11\/5-7TRM021-12x12.webp 12w\" sizes=\"(max-width: 500px) 100vw, 500px\" \/><\/p>\n<p>Construido con una base resistente con soporte en L que mide 2,3\u2033 \u00d7 3,4\u2033, el <a href=\"https:\/\/mountlaser.com\/es\/contact-us\/\">Prisma de monitoreo grande TRM02 TR<\/a> Ofrece una instalaci\u00f3n segura gracias a sus cinco orificios de montaje para una m\u00e1xima estabilidad. Compatible con todos los prismas de rosca M20, est\u00e1 dise\u00f1ado para integrarse a la perfecci\u00f3n con Trimble y otros sistemas de monitoreo profesionales. Ligero y resistente, es ideal para proyectos de observaci\u00f3n estructural a largo plazo, miner\u00eda y monitoreo de deformaciones.<\/p>","protected":false},"excerpt":{"rendered":"<p>\u2022 Para monitoreo de alta precisi\u00f3n y largo alcance<br \/>\n\u2022 El pivote de doble eje y las cerraduras de acero inoxidable garantizan una alineaci\u00f3n estable<br \/>\n\u2022 La capucha protectora contra la lluvia mantiene la precisi\u00f3n en condiciones clim\u00e1ticas adversas.<br \/>\n\u2022 Base robusta con soporte en L y m\u00faltiples orificios de montaje<br \/>\n\u2022 Ligero y duradero: perfecto para monitoreo y miner\u00eda.<br \/>\n\u2022 Disponible en versiones de precisi\u00f3n de 2\u2033 o 3\u20134\u2033<\/p>","protected":false},"featured_media":3422,"comment_status":"open","ping_status":"closed","template":"","meta":[],"product_brand":[],"product_cat":[72,112],"product_tag":[],"class_list":{"0":"post-3417","1":"product","2":"type-product","3":"status-publish","4":"has-post-thumbnail","6":"product_cat-reflective-target-prism","7":"product_cat-monitoring-prism","9":"first","10":"instock","11":"shipping-taxable","12":"product-type-simple"},"_links":{"self":[{"href":"https:\/\/mountlaser.com\/es\/wp-json\/wp\/v2\/product\/3417","targetHints":{"allow":["GET"]}}],"collection":[{"href":"https:\/\/mountlaser.com\/es\/wp-json\/wp\/v2\/product"}],"about":[{"href":"https:\/\/mountlaser.com\/es\/wp-json\/wp\/v2\/types\/product"}],"replies":[{"embeddable":true,"href":"https:\/\/mountlaser.com\/es\/wp-json\/wp\/v2\/comments?post=3417"}],"wp:featuredmedia":[{"embeddable":true,"href":"https:\/\/mountlaser.com\/es\/wp-json\/wp\/v2\/media\/3422"}],"wp:attachment":[{"href":"https:\/\/mountlaser.com\/es\/wp-json\/wp\/v2\/media?parent=3417"}],"wp:term":[{"taxonomy":"product_brand","embeddable":true,"href":"https:\/\/mountlaser.com\/es\/wp-json\/wp\/v2\/product_brand?post=3417"},{"taxonomy":"product_cat","embeddable":true,"href":"https:\/\/mountlaser.com\/es\/wp-json\/wp\/v2\/product_cat?post=3417"},{"taxonomy":"product_tag","embeddable":true,"href":"https:\/\/mountlaser.com\/es\/wp-json\/wp\/v2\/product_tag?post=3417"}],"curies":[{"name":"wp","href":"https:\/\/api.w.org\/{rel}","templated":true}]}}