{"id":3365,"date":"2025-11-05T06:11:46","date_gmt":"2025-11-05T06:11:46","guid":{"rendered":"https:\/\/mountlaser.com\/?post_type=product&#038;p=3365"},"modified":"2025-11-28T02:30:55","modified_gmt":"2025-11-28T02:30:55","slug":"mp061-mini-prism","status":"publish","type":"product","link":"https:\/\/mountlaser.com\/es\/producto\/mp061-mini-prism\/","title":{"rendered":"MP061 Mini prisma"},"content":{"rendered":"<p>El <a href=\"https:\/\/mountlaser.com\/es\/\"><strong>MP061 Mini prisma<\/strong><\/a> Es un sistema de prisma de estaci\u00f3n total compacto y duradero, dise\u00f1ado para aplicaciones precisas de topograf\u00eda y alineaci\u00f3n en campo. Dise\u00f1ado para profesionales que exigen eficiencia y precisi\u00f3n, el miniprisma MP061 proporciona mediciones estables y repetibles en todas las condiciones de trabajo.<\/p>\n<p>Este<a href=\"https:\/\/mountlaser.com\/es\/about-us\/\"><strong> prisma de estaci\u00f3n total<\/strong><\/a> Cuenta con un prisma de 25,4 mm (1&quot;) recubierto de cobre, alojado en un robusto marco de aluminio con recubrimiento en polvo para garantizar una larga duraci\u00f3n y una reflectividad mejorada. Su dise\u00f1o de doble desplazamiento de 0\/-30 mm permite una configuraci\u00f3n flexible para diferentes configuraciones de medici\u00f3n, lo que hace que el miniprisma MP061 sea ideal para diversas operaciones de campo.<\/p>\n<p>El nivelador lateral ajustable de 40 minutos del sistema garantiza una nivelaci\u00f3n r\u00e1pida, mientras que la rosca est\u00e1ndar de 5\/8\u2033-11 se adapta a la mayor\u00eda de los equipos topogr\u00e1ficos. Un mecanismo de bloqueo por fricci\u00f3n permite una rotaci\u00f3n completa de 360\u00b0 para facilitar su posicionamiento sin perder estabilidad. Ligero pero resistente, con solo 0,41 kg (0,5 lb), incluye todos los accesorios esenciales: una punta de prisma de plomada, un soporte, una extensi\u00f3n de 5\/8\u2033-11 y un pr\u00e1ctico estuche de transporte con presilla para cintur\u00f3n.<\/p>\n<table width=\"587\">\n<tbody>\n<tr>\n<td width=\"72\">Modelo<\/td>\n<td width=\"254\">Imagen<\/td>\n<td width=\"261\">Nota<\/td>\n<\/tr>\n<tr>\n<td>MP061AM<\/td>\n<td>\u00a0 \u00a0 \u00a0 \u00a0 \u00a0 \u00a0 \u00a0 \u00a0 \u00a0 <img fetchpriority=\"high\" decoding=\"async\" class=\"aligncenter wp-image-3370 size-medium\" src=\"https:\/\/mountlaser.com\/wp-content\/uploads\/2025\/11\/5-2MP061A5-300x300.webp\" alt=\"total station prism\" width=\"300\" height=\"300\" srcset=\"https:\/\/mountlaser.com\/wp-content\/uploads\/2025\/11\/5-2MP061A5-300x300.webp 300w, https:\/\/mountlaser.com\/wp-content\/uploads\/2025\/11\/5-2MP061A5-400x400.webp 400w, https:\/\/mountlaser.com\/wp-content\/uploads\/2025\/11\/5-2MP061A5-800x800.webp 800w, https:\/\/mountlaser.com\/wp-content\/uploads\/2025\/11\/5-2MP061A5-600x600.webp 600w, https:\/\/mountlaser.com\/wp-content\/uploads\/2025\/11\/5-2MP061A5-150x150.webp 150w, https:\/\/mountlaser.com\/wp-content\/uploads\/2025\/11\/5-2MP061A5-768x768.webp 768w, https:\/\/mountlaser.com\/wp-content\/uploads\/2025\/11\/5-2MP061A5-12x12.webp 12w, https:\/\/mountlaser.com\/wp-content\/uploads\/2025\/11\/5-2MP061A5.webp 1000w\" sizes=\"(max-width: 300px) 100vw, 300px\" \/><\/td>\n<td>Vial central<\/td>\n<\/tr>\n<tr>\n<td>MP061AS<\/td>\n<td><img decoding=\"async\" class=\"alignnone wp-image-3366 size-medium\" src=\"https:\/\/mountlaser.com\/wp-content\/uploads\/2025\/11\/5-2MP061A1-300x300.webp\" alt=\"total station prism\" width=\"300\" height=\"300\" srcset=\"https:\/\/mountlaser.com\/wp-content\/uploads\/2025\/11\/5-2MP061A1-300x300.webp 300w, https:\/\/mountlaser.com\/wp-content\/uploads\/2025\/11\/5-2MP061A1-400x400.webp 400w, https:\/\/mountlaser.com\/wp-content\/uploads\/2025\/11\/5-2MP061A1-800x800.webp 800w, https:\/\/mountlaser.com\/wp-content\/uploads\/2025\/11\/5-2MP061A1-600x600.webp 600w, https:\/\/mountlaser.com\/wp-content\/uploads\/2025\/11\/5-2MP061A1-150x150.webp 150w, https:\/\/mountlaser.com\/wp-content\/uploads\/2025\/11\/5-2MP061A1-768x768.webp 768w, https:\/\/mountlaser.com\/wp-content\/uploads\/2025\/11\/5-2MP061A1-12x12.webp 12w, https:\/\/mountlaser.com\/wp-content\/uploads\/2025\/11\/5-2MP061A1.webp 1000w\" sizes=\"(max-width: 300px) 100vw, 300px\" \/><\/td>\n<td>Vial lateral<\/td>\n<\/tr>\n<tr>\n<td>MP061BM<\/td>\n<td><img decoding=\"async\" class=\"alignnone wp-image-3378 size-medium\" src=\"https:\/\/mountlaser.com\/wp-content\/uploads\/2025\/11\/5-3MP061B3-300x300.webp\" alt=\"total station prism\" width=\"300\" height=\"300\" srcset=\"https:\/\/mountlaser.com\/wp-content\/uploads\/2025\/11\/5-3MP061B3-300x300.webp 300w, https:\/\/mountlaser.com\/wp-content\/uploads\/2025\/11\/5-3MP061B3-400x400.webp 400w, https:\/\/mountlaser.com\/wp-content\/uploads\/2025\/11\/5-3MP061B3-800x800.webp 800w, https:\/\/mountlaser.com\/wp-content\/uploads\/2025\/11\/5-3MP061B3-600x600.webp 600w, https:\/\/mountlaser.com\/wp-content\/uploads\/2025\/11\/5-3MP061B3-150x150.webp 150w, https:\/\/mountlaser.com\/wp-content\/uploads\/2025\/11\/5-3MP061B3-768x768.webp 768w, https:\/\/mountlaser.com\/wp-content\/uploads\/2025\/11\/5-3MP061B3-12x12.webp 12w, https:\/\/mountlaser.com\/wp-content\/uploads\/2025\/11\/5-3MP061B3.webp 1000w\" sizes=\"(max-width: 300px) 100vw, 300px\" \/><\/td>\n<td>Vial central<\/td>\n<\/tr>\n<tr>\n<td>MP061BS<\/td>\n<td><img loading=\"lazy\" decoding=\"async\" class=\"alignnone wp-image-3379 size-medium\" src=\"https:\/\/mountlaser.com\/wp-content\/uploads\/2025\/11\/5-3MP061B4-300x300.webp\" alt=\"total station prism\" width=\"300\" height=\"300\" srcset=\"https:\/\/mountlaser.com\/wp-content\/uploads\/2025\/11\/5-3MP061B4-300x300.webp 300w, https:\/\/mountlaser.com\/wp-content\/uploads\/2025\/11\/5-3MP061B4-400x400.webp 400w, https:\/\/mountlaser.com\/wp-content\/uploads\/2025\/11\/5-3MP061B4-800x800.webp 800w, https:\/\/mountlaser.com\/wp-content\/uploads\/2025\/11\/5-3MP061B4-600x600.webp 600w, https:\/\/mountlaser.com\/wp-content\/uploads\/2025\/11\/5-3MP061B4-150x150.webp 150w, https:\/\/mountlaser.com\/wp-content\/uploads\/2025\/11\/5-3MP061B4-768x768.webp 768w, https:\/\/mountlaser.com\/wp-content\/uploads\/2025\/11\/5-3MP061B4-12x12.webp 12w, https:\/\/mountlaser.com\/wp-content\/uploads\/2025\/11\/5-3MP061B4.webp 1000w\" sizes=\"(max-width: 300px) 100vw, 300px\" \/><\/td>\n<td>Vial lateral<\/td>\n<\/tr>\n<\/tbody>\n<\/table>","protected":false},"excerpt":{"rendered":"<p>\u2022 Prisma de estaci\u00f3n total recubierto de cobre para alta reflectividad y precisi\u00f3n<br \/>\n\u2022 Objetivo inclinable con desplazamiento doble de 0\/-30 mm para una configuraci\u00f3n flexible<br \/>\n\u2022 Soporte y abrazadera de aluminio totalmente anodizado para resistencia a la corrosi\u00f3n.<br \/>\n\u2022 Vial ajustable de 40 minutos para una f\u00e1cil nivelaci\u00f3n del campo<br \/>\n\u2022 La rosca est\u00e1ndar de 5\/8\u2033-11 se adapta a la mayor\u00eda de las estaciones totales<br \/>\n\u2022 Ligero para portabilidad<br \/>\n\u2022 El mecanismo de bloqueo por fricci\u00f3n permite una rotaci\u00f3n suave de 360\u00b0<\/p>","protected":false},"featured_media":3366,"comment_status":"open","ping_status":"closed","template":"","meta":[],"product_brand":[],"product_cat":[72,112],"product_tag":[],"class_list":{"0":"post-3365","1":"product","2":"type-product","3":"status-publish","4":"has-post-thumbnail","6":"product_cat-reflective-target-prism","7":"product_cat-monitoring-prism","9":"first","10":"instock","11":"shipping-taxable","12":"product-type-simple"},"_links":{"self":[{"href":"https:\/\/mountlaser.com\/es\/wp-json\/wp\/v2\/product\/3365","targetHints":{"allow":["GET"]}}],"collection":[{"href":"https:\/\/mountlaser.com\/es\/wp-json\/wp\/v2\/product"}],"about":[{"href":"https:\/\/mountlaser.com\/es\/wp-json\/wp\/v2\/types\/product"}],"replies":[{"embeddable":true,"href":"https:\/\/mountlaser.com\/es\/wp-json\/wp\/v2\/comments?post=3365"}],"wp:featuredmedia":[{"embeddable":true,"href":"https:\/\/mountlaser.com\/es\/wp-json\/wp\/v2\/media\/3366"}],"wp:attachment":[{"href":"https:\/\/mountlaser.com\/es\/wp-json\/wp\/v2\/media?parent=3365"}],"wp:term":[{"taxonomy":"product_brand","embeddable":true,"href":"https:\/\/mountlaser.com\/es\/wp-json\/wp\/v2\/product_brand?post=3365"},{"taxonomy":"product_cat","embeddable":true,"href":"https:\/\/mountlaser.com\/es\/wp-json\/wp\/v2\/product_cat?post=3365"},{"taxonomy":"product_tag","embeddable":true,"href":"https:\/\/mountlaser.com\/es\/wp-json\/wp\/v2\/product_tag?post=3365"}],"curies":[{"name":"wp","href":"https:\/\/api.w.org\/{rel}","templated":true}]}}