{"id":3321,"date":"2025-11-04T08:36:43","date_gmt":"2025-11-04T08:36:43","guid":{"rendered":"https:\/\/mountlaser.com\/?post_type=product&#038;p=3321"},"modified":"2025-11-28T02:38:14","modified_gmt":"2025-11-28T02:38:14","slug":"japan-style-dw-1-series-wooden-tripod","status":"publish","type":"product","link":"https:\/\/mountlaser.com\/es\/producto\/japan-style-dw-1-series-wooden-tripod\/","title":{"rendered":"Tr\u00edpode de madera estilo japon\u00e9s serie DW-1"},"content":{"rendered":"<p>El <a href=\"https:\/\/mountlaser.com\/es\/products\/\"><strong>Tr\u00edpode de madera estilo japon\u00e9s serie DW-1<\/strong><\/a> Mount Laser combina a la perfecci\u00f3n el dise\u00f1o minimalista japon\u00e9s con la fiabilidad profesional en topograf\u00eda. Este excepcional sistema de soporte representa lo que un tr\u00edpode de madera de alta calidad debe ser, fabricado con abedul importado de alta calidad que garantiza durabilidad a largo plazo y un rendimiento constante.<\/p>\n<p>Dise\u00f1ado con una configuraci\u00f3n de cabeza plana, este notable <a href=\"https:\/\/mountlaser.com\/es\/contact-us\/\"><strong>Tr\u00edpode de madera de buena calidad<\/strong><\/a> Ofrece una estabilidad excepcional, ideal para estaciones totales, esc\u00e1neres l\u00e1ser 3D y l\u00e1seres de construcci\u00f3n. La madera de abedul, cuidadosamente seleccionada, ofrece una excelente resistencia a la deformaci\u00f3n y el agrietamiento, a la vez que ofrece un rendimiento antitorsi\u00f3n superior, lo que lo distingue como un tr\u00edpode de madera de aut\u00e9ntica calidad para trabajos de precisi\u00f3n.<\/p>\n<p>Equipado con un perno de horquilla de lat\u00f3n est\u00e1ndar de 5\/8\u2033-11, mantiene total compatibilidad con varios instrumentos de topograf\u00eda, lo que lo convierte en la opci\u00f3n ideal para los profesionales que aprecian tanto la forma como la funci\u00f3n en sus equipos.<\/p>\n<p>&nbsp;<\/p>\n<p><img fetchpriority=\"high\" decoding=\"async\" class=\"aligncenter wp-image-3323\" src=\"https:\/\/mountlaser.com\/wp-content\/uploads\/2025\/11\/DW-1-.webp\" alt=\"Good Quality Wooden Tripod\" width=\"500\" height=\"500\" srcset=\"https:\/\/mountlaser.com\/wp-content\/uploads\/2025\/11\/DW-1-.webp 800w, https:\/\/mountlaser.com\/wp-content\/uploads\/2025\/11\/DW-1--300x300.webp 300w, https:\/\/mountlaser.com\/wp-content\/uploads\/2025\/11\/DW-1--400x400.webp 400w, https:\/\/mountlaser.com\/wp-content\/uploads\/2025\/11\/DW-1--600x600.webp 600w, https:\/\/mountlaser.com\/wp-content\/uploads\/2025\/11\/DW-1--150x150.webp 150w, https:\/\/mountlaser.com\/wp-content\/uploads\/2025\/11\/DW-1--768x768.webp 768w, https:\/\/mountlaser.com\/wp-content\/uploads\/2025\/11\/DW-1--12x12.webp 12w\" sizes=\"(max-width: 500px) 100vw, 500px\" \/><\/p>\n<p><strong>Especificaciones del tr\u00edpode de madera de estilo japon\u00e9s serie DW-1<\/strong><\/p>\n<table style=\"border-collapse: collapse; width: 650.27pt;\" border=\"0\" width=\"867\" cellspacing=\"0\" cellpadding=\"0\">\n<tbody>\n<tr style=\"height: 14.25pt;\">\n<td class=\"et2\" style=\"height: 14.25pt; width: 122.25pt;\" width=\"163\" height=\"19\">N\u00daMERO<\/td>\n<td class=\"et2\" style=\"width: 97.50pt;\" width=\"130\">PIERNAS<\/td>\n<td class=\"et2\" style=\"width: 90.75pt;\" width=\"121\">CABEZA<\/td>\n<td class=\"et2\" style=\"width: 100.50pt;\" width=\"134\">TIPO DE BLOQUEO<\/td>\n<td class=\"et2\" style=\"width: 99.00pt;\" width=\"132\">HARDWARE<\/td>\n<td class=\"et2\" style=\"width: 86.25pt;\" width=\"115\">EXTENSI\u00d3N<\/td>\n<td class=\"et2\" style=\"width: 54.00pt;\" width=\"72\">noroeste<\/td>\n<\/tr>\n<tr style=\"height: 14.25pt;\">\n<td class=\"et2\" style=\"height: 14.25pt;\" height=\"19\">DW-1-FCTGY<\/td>\n<td class=\"et2\">Madera<\/td>\n<td class=\"et2\">160 mm plano<\/td>\n<td class=\"et2\">Abrazadera doble<\/td>\n<td class=\"et2\">Gris<\/td>\n<td class=\"et2\">174 cent\u00edmetros<\/td>\n<td class=\"et2\">7,0 kilogramos<\/td>\n<\/tr>\n<\/tbody>\n<\/table>","protected":false},"excerpt":{"rendered":"<ul>\n<li>Dise\u00f1o de cabeza plana optimizado para estaciones totales, esc\u00e1neres l\u00e1ser 3D y l\u00e1seres de construcci\u00f3n<\/li>\n<li>Filosof\u00eda de dise\u00f1o de inspiraci\u00f3n japonesa centrada en la simplicidad y la funcionalidad.<\/li>\n<li>Construcci\u00f3n robusta adecuada para aplicaciones topogr\u00e1ficas exigentes<\/li>\n<\/ul>","protected":false},"featured_media":3322,"comment_status":"open","ping_status":"closed","template":"","meta":[],"product_brand":[],"product_cat":[91,113],"product_tag":[],"class_list":{"0":"post-3321","1":"product","2":"type-product","3":"status-publish","4":"has-post-thumbnail","6":"product_cat-bipod-tripod","7":"product_cat-wood-fiberglass-tripods","9":"first","10":"instock","11":"shipping-taxable","12":"product-type-simple"},"_links":{"self":[{"href":"https:\/\/mountlaser.com\/es\/wp-json\/wp\/v2\/product\/3321","targetHints":{"allow":["GET"]}}],"collection":[{"href":"https:\/\/mountlaser.com\/es\/wp-json\/wp\/v2\/product"}],"about":[{"href":"https:\/\/mountlaser.com\/es\/wp-json\/wp\/v2\/types\/product"}],"replies":[{"embeddable":true,"href":"https:\/\/mountlaser.com\/es\/wp-json\/wp\/v2\/comments?post=3321"}],"wp:featuredmedia":[{"embeddable":true,"href":"https:\/\/mountlaser.com\/es\/wp-json\/wp\/v2\/media\/3322"}],"wp:attachment":[{"href":"https:\/\/mountlaser.com\/es\/wp-json\/wp\/v2\/media?parent=3321"}],"wp:term":[{"taxonomy":"product_brand","embeddable":true,"href":"https:\/\/mountlaser.com\/es\/wp-json\/wp\/v2\/product_brand?post=3321"},{"taxonomy":"product_cat","embeddable":true,"href":"https:\/\/mountlaser.com\/es\/wp-json\/wp\/v2\/product_cat?post=3321"},{"taxonomy":"product_tag","embeddable":true,"href":"https:\/\/mountlaser.com\/es\/wp-json\/wp\/v2\/product_tag?post=3321"}],"curies":[{"name":"wp","href":"https:\/\/api.w.org\/{rel}","templated":true}]}}