{"id":3311,"date":"2025-11-04T08:19:40","date_gmt":"2025-11-04T08:19:40","guid":{"rendered":"https:\/\/mountlaser.com\/?post_type=product&#038;p=3311"},"modified":"2025-11-28T02:40:00","modified_gmt":"2025-11-28T02:40:00","slug":"swiss-style-gst120-9-series-wooden-tripod","status":"publish","type":"product","link":"https:\/\/mountlaser.com\/es\/producto\/swiss-style-gst120-9-series-wooden-tripod\/","title":{"rendered":"Tr\u00edpode de madera estilo suizo serie GST120-9"},"content":{"rendered":"<p>El <a href=\"https:\/\/mountlaser.com\/es\/\"><strong>Tr\u00edpode de madera estilo suizo serie GST120-9<\/strong><\/a> Mount Laser representa la cumbre de la ingenier\u00eda de precisi\u00f3n y la artesan\u00eda tradicional. Dise\u00f1ado como un robusto tr\u00edpode de madera de alta resistencia, este excepcional sistema de soporte incorpora un innovador mecanismo de autobloqueo que lo convierte en el mejor tr\u00edpode de madera con autobloqueo de su clase.<\/p>\n<p>Fabricado con madera de abedul importada de alta calidad, este notable <a href=\"https:\/\/mountlaser.com\/es\/products\/\"><strong>Tr\u00edpode de madera resistente<\/strong><\/a> Proporciona una estabilidad excepcional que resiste deformaciones y grietas al tiempo que proporciona un rendimiento antitorsi\u00f3n superior.<\/p>\n<p>El dise\u00f1o de cabezal plano garantiza una compatibilidad perfecta con estaciones totales, esc\u00e1neres l\u00e1ser 3D y l\u00e1seres de construcci\u00f3n, lo que convierte a este avanzado tr\u00edpode de madera con autobloqueo en la opci\u00f3n ideal para top\u00f3grafos que buscan la fiabilidad tradicional y la comodidad moderna. Gracias a su ingenier\u00eda de vanguardia y a sus materiales de primera calidad, este sofisticado tr\u00edpode de madera con autobloqueo establece nuevos est\u00e1ndares para aplicaciones topogr\u00e1ficas exigentes.<\/p>\n<p>&nbsp;<\/p>\n<p><img fetchpriority=\"high\" decoding=\"async\" class=\"aligncenter wp-image-3313\" src=\"https:\/\/mountlaser.com\/wp-content\/uploads\/2025\/11\/GST120-9\uff084\uff09.webp\" alt=\"Heavy Duty Wooden Tripod\" width=\"500\" height=\"500\" srcset=\"https:\/\/mountlaser.com\/wp-content\/uploads\/2025\/11\/GST120-9\uff084\uff09.webp 1000w, https:\/\/mountlaser.com\/wp-content\/uploads\/2025\/11\/GST120-9\uff084\uff09-300x300.webp 300w, https:\/\/mountlaser.com\/wp-content\/uploads\/2025\/11\/GST120-9\uff084\uff09-400x400.webp 400w, https:\/\/mountlaser.com\/wp-content\/uploads\/2025\/11\/GST120-9\uff084\uff09-800x800.webp 800w, https:\/\/mountlaser.com\/wp-content\/uploads\/2025\/11\/GST120-9\uff084\uff09-600x600.webp 600w, https:\/\/mountlaser.com\/wp-content\/uploads\/2025\/11\/GST120-9\uff084\uff09-150x150.webp 150w, https:\/\/mountlaser.com\/wp-content\/uploads\/2025\/11\/GST120-9\uff084\uff09-768x768.webp 768w, https:\/\/mountlaser.com\/wp-content\/uploads\/2025\/11\/GST120-9\uff084\uff09-12x12.webp 12w\" sizes=\"(max-width: 500px) 100vw, 500px\" \/><\/p>\n<p><strong><a href=\"https:\/\/mountlaser.com\/es\/contact-us\/\">Serie GST120-9 de estilo suizo<\/a> Especificaciones del tr\u00edpode de madera:<\/strong><\/p>\n<table style=\"border-collapse: collapse; width: 650.27pt;\" border=\"0\" width=\"867\" cellspacing=\"0\" cellpadding=\"0\">\n<tbody>\n<tr style=\"height: 14.25pt;\">\n<td class=\"et2\" style=\"height: 14.25pt; width: 122.25pt;\" width=\"163\" height=\"19\">N\u00daMERO<\/td>\n<td class=\"et2\" style=\"width: 97.50pt;\" width=\"130\">PIERNAS<\/td>\n<td class=\"et2\" style=\"width: 90.75pt;\" width=\"121\">CABEZA<\/td>\n<td class=\"et2\" style=\"width: 100.50pt;\" width=\"134\">TIPO DE BLOQUEO<\/td>\n<td class=\"et2\" style=\"width: 99.00pt;\" width=\"132\">HARDWARE<\/td>\n<td class=\"et2\" style=\"width: 86.25pt;\" width=\"115\">EXTENSI\u00d3N<\/td>\n<td class=\"et2\" style=\"width: 54.00pt;\" width=\"72\">noroeste<\/td>\n<\/tr>\n<tr style=\"height: 14.25pt;\">\n<td class=\"et2\" style=\"height: 14.25pt;\" height=\"19\">GST120-9-FCT<\/td>\n<td class=\"et2\">Madera<\/td>\n<td class=\"et2\">160 mm plano<\/td>\n<td class=\"et2\">Abrazadera giratoria<\/td>\n<td class=\"et2\">Rojo<\/td>\n<td class=\"et2\">181 cent\u00edmetros<\/td>\n<td class=\"et2\">6,0 kilogramos<\/td>\n<\/tr>\n<\/tbody>\n<\/table>\n<p>&nbsp;<\/p>","protected":false},"excerpt":{"rendered":"<ul>\n<li>Fabricado con madera de abedul importada de alta calidad para una durabilidad excepcional.<\/li>\n<li>Excelente estabilidad que resiste deformaciones y grietas en diversas condiciones clim\u00e1ticas.<\/li>\n<li>Rendimiento antitorsi\u00f3n superior para mantener la precisi\u00f3n de la medici\u00f3n<\/li>\n<\/ul>","protected":false},"featured_media":3314,"comment_status":"open","ping_status":"closed","template":"","meta":[],"product_brand":[],"product_cat":[91,113],"product_tag":[],"class_list":{"0":"post-3311","1":"product","2":"type-product","3":"status-publish","4":"has-post-thumbnail","6":"product_cat-bipod-tripod","7":"product_cat-wood-fiberglass-tripods","9":"first","10":"instock","11":"shipping-taxable","12":"product-type-simple"},"_links":{"self":[{"href":"https:\/\/mountlaser.com\/es\/wp-json\/wp\/v2\/product\/3311","targetHints":{"allow":["GET"]}}],"collection":[{"href":"https:\/\/mountlaser.com\/es\/wp-json\/wp\/v2\/product"}],"about":[{"href":"https:\/\/mountlaser.com\/es\/wp-json\/wp\/v2\/types\/product"}],"replies":[{"embeddable":true,"href":"https:\/\/mountlaser.com\/es\/wp-json\/wp\/v2\/comments?post=3311"}],"wp:featuredmedia":[{"embeddable":true,"href":"https:\/\/mountlaser.com\/es\/wp-json\/wp\/v2\/media\/3314"}],"wp:attachment":[{"href":"https:\/\/mountlaser.com\/es\/wp-json\/wp\/v2\/media?parent=3311"}],"wp:term":[{"taxonomy":"product_brand","embeddable":true,"href":"https:\/\/mountlaser.com\/es\/wp-json\/wp\/v2\/product_brand?post=3311"},{"taxonomy":"product_cat","embeddable":true,"href":"https:\/\/mountlaser.com\/es\/wp-json\/wp\/v2\/product_cat?post=3311"},{"taxonomy":"product_tag","embeddable":true,"href":"https:\/\/mountlaser.com\/es\/wp-json\/wp\/v2\/product_tag?post=3311"}],"curies":[{"name":"wp","href":"https:\/\/api.w.org\/{rel}","templated":true}]}}