{"id":3310,"date":"2025-11-04T09:08:26","date_gmt":"2025-11-04T09:08:26","guid":{"rendered":"https:\/\/mountlaser.com\/?post_type=product&#038;p=3310"},"modified":"2025-11-28T02:37:31","modified_gmt":"2025-11-28T02:37:31","slug":"bp003-ball-prism","status":"publish","type":"product","link":"https:\/\/mountlaser.com\/es\/producto\/bp003-ball-prism\/","title":{"rendered":"Prisma esf\u00e9rico BP003"},"content":{"rendered":"<p>El <a href=\"https:\/\/mountlaser.com\/es\/\"><strong>Prisma esf\u00e9rico BP003<\/strong><\/a> Es un prisma esf\u00e9rico de ingenier\u00eda de precisi\u00f3n para estaciones totales, dise\u00f1ado para la monitorizaci\u00f3n de deformaciones permanentes y temporales en entornos exigentes como t\u00faneles, ferrocarriles y obras de construcci\u00f3n. Dise\u00f1ado para una precisi\u00f3n y estabilidad superiores, el prisma esf\u00e9rico BP003 garantiza una alineaci\u00f3n y resultados de medici\u00f3n fiables en diversas aplicaciones de campo.<\/p>\n<p>Este alto rendimiento <a href=\"https:\/\/mountlaser.com\/es\/about-us\/\"><strong>prisma esf\u00e9rico<\/strong><\/a> Para estaciones totales, cuenta con una esfera de acero inoxidable de \u00d845 mm que mejora la visibilidad y la precisi\u00f3n de alineaci\u00f3n. Incluye un prisma de 25,4 mm (1 pulgada) compatible con la mayor\u00eda de los sistemas de monitoreo est\u00e1ndar, lo que lo convierte en la soluci\u00f3n ideal para proyectos profesionales de topograf\u00eda y monitoreo geod\u00e9sico.<\/p>\n<p><img fetchpriority=\"high\" decoding=\"async\" class=\"aligncenter wp-image-3337\" src=\"https:\/\/mountlaser.com\/wp-content\/uploads\/2025\/11\/3-9BP0034-1.webp\" alt=\"spherical prism for total stations\" width=\"500\" height=\"500\" srcset=\"https:\/\/mountlaser.com\/wp-content\/uploads\/2025\/11\/3-9BP0034-1.webp 1000w, https:\/\/mountlaser.com\/wp-content\/uploads\/2025\/11\/3-9BP0034-1-300x300.webp 300w, https:\/\/mountlaser.com\/wp-content\/uploads\/2025\/11\/3-9BP0034-1-400x400.webp 400w, https:\/\/mountlaser.com\/wp-content\/uploads\/2025\/11\/3-9BP0034-1-800x800.webp 800w, https:\/\/mountlaser.com\/wp-content\/uploads\/2025\/11\/3-9BP0034-1-600x600.webp 600w, https:\/\/mountlaser.com\/wp-content\/uploads\/2025\/11\/3-9BP0034-1-150x150.webp 150w, https:\/\/mountlaser.com\/wp-content\/uploads\/2025\/11\/3-9BP0034-1-768x768.webp 768w, https:\/\/mountlaser.com\/wp-content\/uploads\/2025\/11\/3-9BP0034-1-12x12.webp 12w\" sizes=\"(max-width: 500px) 100vw, 500px\" \/><\/p>\n<p>El <a href=\"https:\/\/mountlaser.com\/es\/contact-us\/\">Prisma esf\u00e9rico BP003<\/a> Viene en dos configuraciones para adaptarse a diferentes necesidades de instalaci\u00f3n:<\/p>\n<p>BP003: con base magn\u00e9tica fuerte para un montaje r\u00e1pido y seguro en superficies met\u00e1licas.<\/p>\n<p>BP004: con mini b\u00edpode para una configuraci\u00f3n estable en superficies no magn\u00e9ticas o terrenos irregulares.<\/p>\n<p>Para garantizar una \u00f3ptima reflexi\u00f3n de la se\u00f1al y una consistencia de medici\u00f3n \u00f3ptima, este prisma esf\u00e9rico para estaciones totales est\u00e1 disponible con recubrimiento de cobre o plata. Ambos recubrimientos proporcionan una excelente reflectividad y un rendimiento duradero en entornos exteriores hostiles.<\/p>","protected":false},"excerpt":{"rendered":"<ul>\n<li>Monitoreo de precisi\u00f3n: ideal para tareas de monitoreo estructural, deformaci\u00f3n y geot\u00e9cnico.<\/li>\n<li>Construcci\u00f3n robusta: garantiza durabilidad y estabilidad en condiciones dif\u00edciles.<\/li>\n<li>Opciones de montaje: Base magn\u00e9tica o mini b\u00edpode para una implementaci\u00f3n flexible.<\/li>\n<li>Alta compatibilidad: compatible con la mayor\u00eda de los sistemas de estaciones totales.<\/li>\n<li>Opciones de revestimiento reflectante: recubierto de cobre para mayor durabilidad o recubierto de plata para una alta precisi\u00f3n.<\/li>\n<\/ul>","protected":false},"featured_media":3339,"comment_status":"open","ping_status":"closed","template":"","meta":[],"product_brand":[],"product_cat":[72,112],"product_tag":[],"class_list":{"0":"post-3310","1":"product","2":"type-product","3":"status-publish","4":"has-post-thumbnail","6":"product_cat-reflective-target-prism","7":"product_cat-monitoring-prism","9":"first","10":"instock","11":"shipping-taxable","12":"product-type-simple"},"_links":{"self":[{"href":"https:\/\/mountlaser.com\/es\/wp-json\/wp\/v2\/product\/3310","targetHints":{"allow":["GET"]}}],"collection":[{"href":"https:\/\/mountlaser.com\/es\/wp-json\/wp\/v2\/product"}],"about":[{"href":"https:\/\/mountlaser.com\/es\/wp-json\/wp\/v2\/types\/product"}],"replies":[{"embeddable":true,"href":"https:\/\/mountlaser.com\/es\/wp-json\/wp\/v2\/comments?post=3310"}],"wp:featuredmedia":[{"embeddable":true,"href":"https:\/\/mountlaser.com\/es\/wp-json\/wp\/v2\/media\/3339"}],"wp:attachment":[{"href":"https:\/\/mountlaser.com\/es\/wp-json\/wp\/v2\/media?parent=3310"}],"wp:term":[{"taxonomy":"product_brand","embeddable":true,"href":"https:\/\/mountlaser.com\/es\/wp-json\/wp\/v2\/product_brand?post=3310"},{"taxonomy":"product_cat","embeddable":true,"href":"https:\/\/mountlaser.com\/es\/wp-json\/wp\/v2\/product_cat?post=3310"},{"taxonomy":"product_tag","embeddable":true,"href":"https:\/\/mountlaser.com\/es\/wp-json\/wp\/v2\/product_tag?post=3310"}],"curies":[{"name":"wp","href":"https:\/\/api.w.org\/{rel}","templated":true}]}}